{"id":19430,"date":"2022-10-23T06:52:21","date_gmt":"2022-10-22T23:52:21","guid":{"rendered":"https:\/\/legiavanphongpham.com\/?page_id=19430"},"modified":"2022-10-23T06:54:15","modified_gmt":"2022-10-22T23:54:15","slug":"hinh-anh-cong-ty-va-nhan-su","status":"publish","type":"page","link":"https:\/\/legiavanphongpham.com\/index.php\/hinh-anh-cong-ty-va-nhan-su\/","title":{"rendered":"H\u00ecnh \u1ea3nh c\u00f4ng ty v\u00e0 nh\u00e2n s\u1ef1"},"content":{"rendered":"<p>[vc_row][vc_column]\t\t<div class=\"ts-image-gallery-wrapper ts-shortcode title-line-before  has-margin columns-3\" >\n\t\t\t\t\t\t<header class=\"shortcode-heading-wrapper\">\n\t\t\t\t<h2 class=\"heading-title\">\n\t\t\t\t\tH\u00ecnh \u1ea3nh c\u00f4ng ty v\u00e0 nh\u00e2n s\u1ef1\t\t\t\t<\/h2>\n\t\t\t<\/header>\n\t\t\t\t\t\t<div class=\"images items \">\n\t\t\t\t\t\t\t\t<div class=\"item first\">\n\t\t\t\t\t<a class=\"prettyphoto\" href=\"https:\/\/legiavanphongpham.com\/wp-content\/uploads\/2022\/10\/z3812310569020_2f8d75c06b44edac8493c262585b5656.jpg\" data-rel=\"prettyPhoto[ts-gallery-1127063286]\" ><img loading=\"lazy\" decoding=\"async\" width=\"300\" height=\"156\" src=\"https:\/\/legiavanphongpham.com\/wp-content\/uploads\/2022\/10\/z3812310569020_2f8d75c06b44edac8493c262585b5656-300x156.jpg\" class=\"attachment-medium size-medium\" alt=\"\" srcset=\"https:\/\/legiavanphongpham.com\/wp-content\/uploads\/2022\/10\/z3812310569020_2f8d75c06b44edac8493c262585b5656-300x156.jpg 300w, https:\/\/legiavanphongpham.com\/wp-content\/uploads\/2022\/10\/z3812310569020_2f8d75c06b44edac8493c262585b5656-1024x532.jpg 1024w, https:\/\/legiavanphongpham.com\/wp-content\/uploads\/2022\/10\/z3812310569020_2f8d75c06b44edac8493c262585b5656-768x399.jpg 768w, https:\/\/legiavanphongpham.com\/wp-content\/uploads\/2022\/10\/z3812310569020_2f8d75c06b44edac8493c262585b5656-940x488.jpg 940w, https:\/\/legiavanphongpham.com\/wp-content\/uploads\/2022\/10\/z3812310569020_2f8d75c06b44edac8493c262585b5656.jpg 1274w\" sizes=\"auto, (max-width: 300px) 100vw, 300px\" \/><\/a>\t\t\t\t<\/div>\n\t\t\t\t\t\t\t\t<div class=\"item \">\n\t\t\t\t\t<a class=\"prettyphoto\" href=\"https:\/\/legiavanphongpham.com\/wp-content\/uploads\/2022\/10\/z3812310565218_e473751754e8b6737ae05cb7c207ca79.jpg\" data-rel=\"prettyPhoto[ts-gallery-1127063286]\" ><img loading=\"lazy\" decoding=\"async\" width=\"300\" height=\"158\" src=\"https:\/\/legiavanphongpham.com\/wp-content\/uploads\/2022\/10\/z3812310565218_e473751754e8b6737ae05cb7c207ca79-300x158.jpg\" class=\"attachment-medium size-medium\" alt=\"\" srcset=\"https:\/\/legiavanphongpham.com\/wp-content\/uploads\/2022\/10\/z3812310565218_e473751754e8b6737ae05cb7c207ca79-300x158.jpg 300w, https:\/\/legiavanphongpham.com\/wp-content\/uploads\/2022\/10\/z3812310565218_e473751754e8b6737ae05cb7c207ca79-1024x538.jpg 1024w, https:\/\/legiavanphongpham.com\/wp-content\/uploads\/2022\/10\/z3812310565218_e473751754e8b6737ae05cb7c207ca79-768x403.jpg 768w, https:\/\/legiavanphongpham.com\/wp-content\/uploads\/2022\/10\/z3812310565218_e473751754e8b6737ae05cb7c207ca79-940x494.jpg 940w, https:\/\/legiavanphongpham.com\/wp-content\/uploads\/2022\/10\/z3812310565218_e473751754e8b6737ae05cb7c207ca79.jpg 1276w\" sizes=\"auto, (max-width: 300px) 100vw, 300px\" \/><\/a>\t\t\t\t<\/div>\n\t\t\t\t\t\t\t\t<div class=\"item last\">\n\t\t\t\t\t<a class=\"prettyphoto\" href=\"https:\/\/legiavanphongpham.com\/wp-content\/uploads\/2022\/10\/z3812310562562_9235e0204bc1968b974c0d4a23bea35a.jpg\" data-rel=\"prettyPhoto[ts-gallery-1127063286]\" ><img loading=\"lazy\" decoding=\"async\" width=\"300\" height=\"171\" src=\"https:\/\/legiavanphongpham.com\/wp-content\/uploads\/2022\/10\/z3812310562562_9235e0204bc1968b974c0d4a23bea35a-300x171.jpg\" class=\"attachment-medium size-medium\" alt=\"\" srcset=\"https:\/\/legiavanphongpham.com\/wp-content\/uploads\/2022\/10\/z3812310562562_9235e0204bc1968b974c0d4a23bea35a-300x171.jpg 300w, https:\/\/legiavanphongpham.com\/wp-content\/uploads\/2022\/10\/z3812310562562_9235e0204bc1968b974c0d4a23bea35a-1024x584.jpg 1024w, https:\/\/legiavanphongpham.com\/wp-content\/uploads\/2022\/10\/z3812310562562_9235e0204bc1968b974c0d4a23bea35a-768x438.jpg 768w, https:\/\/legiavanphongpham.com\/wp-content\/uploads\/2022\/10\/z3812310562562_9235e0204bc1968b974c0d4a23bea35a-940x536.jpg 940w, https:\/\/legiavanphongpham.com\/wp-content\/uploads\/2022\/10\/z3812310562562_9235e0204bc1968b974c0d4a23bea35a.jpg 1276w\" sizes=\"auto, (max-width: 300px) 100vw, 300px\" \/><\/a>\t\t\t\t<\/div>\n\t\t\t\t\t\t\t\t<div class=\"item first\">\n\t\t\t\t\t<a class=\"prettyphoto\" href=\"https:\/\/legiavanphongpham.com\/wp-content\/uploads\/2022\/10\/z3812310578757_f7fc88ea365fd79fdf893ae17a31d64e.jpg\" data-rel=\"prettyPhoto[ts-gallery-1127063286]\" ><img loading=\"lazy\" decoding=\"async\" width=\"300\" height=\"205\" src=\"https:\/\/legiavanphongpham.com\/wp-content\/uploads\/2022\/10\/z3812310578757_f7fc88ea365fd79fdf893ae17a31d64e-300x205.jpg\" class=\"attachment-medium size-medium\" alt=\"\" srcset=\"https:\/\/legiavanphongpham.com\/wp-content\/uploads\/2022\/10\/z3812310578757_f7fc88ea365fd79fdf893ae17a31d64e-300x205.jpg 300w, https:\/\/legiavanphongpham.com\/wp-content\/uploads\/2022\/10\/z3812310578757_f7fc88ea365fd79fdf893ae17a31d64e-1024x701.jpg 1024w, https:\/\/legiavanphongpham.com\/wp-content\/uploads\/2022\/10\/z3812310578757_f7fc88ea365fd79fdf893ae17a31d64e-768x526.jpg 768w, https:\/\/legiavanphongpham.com\/wp-content\/uploads\/2022\/10\/z3812310578757_f7fc88ea365fd79fdf893ae17a31d64e-940x643.jpg 940w, https:\/\/legiavanphongpham.com\/wp-content\/uploads\/2022\/10\/z3812310578757_f7fc88ea365fd79fdf893ae17a31d64e.jpg 1286w\" sizes=\"auto, (max-width: 300px) 100vw, 300px\" \/><\/a>\t\t\t\t<\/div>\n\t\t\t\t\t\t\t\t<div class=\"item \">\n\t\t\t\t\t<a class=\"prettyphoto\" href=\"https:\/\/legiavanphongpham.com\/wp-content\/uploads\/2022\/10\/z3815170223440_4b5f8f45230635adb95a148a69d051b1.jpg\" data-rel=\"prettyPhoto[ts-gallery-1127063286]\" ><img loading=\"lazy\" decoding=\"async\" width=\"300\" height=\"225\" src=\"https:\/\/legiavanphongpham.com\/wp-content\/uploads\/2022\/10\/z3815170223440_4b5f8f45230635adb95a148a69d051b1-300x225.jpg\" class=\"attachment-medium size-medium\" alt=\"\" srcset=\"https:\/\/legiavanphongpham.com\/wp-content\/uploads\/2022\/10\/z3815170223440_4b5f8f45230635adb95a148a69d051b1-300x225.jpg 300w, https:\/\/legiavanphongpham.com\/wp-content\/uploads\/2022\/10\/z3815170223440_4b5f8f45230635adb95a148a69d051b1-1024x767.jpg 1024w, https:\/\/legiavanphongpham.com\/wp-content\/uploads\/2022\/10\/z3815170223440_4b5f8f45230635adb95a148a69d051b1-768x575.jpg 768w, https:\/\/legiavanphongpham.com\/wp-content\/uploads\/2022\/10\/z3815170223440_4b5f8f45230635adb95a148a69d051b1-940x704.jpg 940w, https:\/\/legiavanphongpham.com\/wp-content\/uploads\/2022\/10\/z3815170223440_4b5f8f45230635adb95a148a69d051b1.jpg 1276w\" sizes=\"auto, (max-width: 300px) 100vw, 300px\" \/><\/a>\t\t\t\t<\/div>\n\t\t\t\t\t\t\t\t<div class=\"item last\">\n\t\t\t\t\t<a class=\"prettyphoto\" href=\"https:\/\/legiavanphongpham.com\/wp-content\/uploads\/2022\/10\/z3812310604682_b192530d46ae58efe6b7fd4eeb9c85d5.jpg\" data-rel=\"prettyPhoto[ts-gallery-1127063286]\" ><img loading=\"lazy\" decoding=\"async\" width=\"300\" height=\"186\" src=\"https:\/\/legiavanphongpham.com\/wp-content\/uploads\/2022\/10\/z3812310604682_b192530d46ae58efe6b7fd4eeb9c85d5-300x186.jpg\" class=\"attachment-medium size-medium\" alt=\"\" srcset=\"https:\/\/legiavanphongpham.com\/wp-content\/uploads\/2022\/10\/z3812310604682_b192530d46ae58efe6b7fd4eeb9c85d5-300x186.jpg 300w, https:\/\/legiavanphongpham.com\/wp-content\/uploads\/2022\/10\/z3812310604682_b192530d46ae58efe6b7fd4eeb9c85d5-1024x633.jpg 1024w, https:\/\/legiavanphongpham.com\/wp-content\/uploads\/2022\/10\/z3812310604682_b192530d46ae58efe6b7fd4eeb9c85d5-768x475.jpg 768w, https:\/\/legiavanphongpham.com\/wp-content\/uploads\/2022\/10\/z3812310604682_b192530d46ae58efe6b7fd4eeb9c85d5-940x581.jpg 940w, https:\/\/legiavanphongpham.com\/wp-content\/uploads\/2022\/10\/z3812310604682_b192530d46ae58efe6b7fd4eeb9c85d5.jpg 1274w\" sizes=\"auto, (max-width: 300px) 100vw, 300px\" \/><\/a>\t\t\t\t<\/div>\n\t\t\t\t\t\t\t\t<div class=\"item first\">\n\t\t\t\t\t<a class=\"prettyphoto\" href=\"https:\/\/legiavanphongpham.com\/wp-content\/uploads\/2022\/10\/z3812310604583_44a7f81bb996eaf71b025f184f7984f6.jpg\" data-rel=\"prettyPhoto[ts-gallery-1127063286]\" ><img loading=\"lazy\" decoding=\"async\" width=\"300\" height=\"195\" src=\"https:\/\/legiavanphongpham.com\/wp-content\/uploads\/2022\/10\/z3812310604583_44a7f81bb996eaf71b025f184f7984f6-300x195.jpg\" class=\"attachment-medium size-medium\" alt=\"\" srcset=\"https:\/\/legiavanphongpham.com\/wp-content\/uploads\/2022\/10\/z3812310604583_44a7f81bb996eaf71b025f184f7984f6-300x195.jpg 300w, https:\/\/legiavanphongpham.com\/wp-content\/uploads\/2022\/10\/z3812310604583_44a7f81bb996eaf71b025f184f7984f6-1024x666.jpg 1024w, https:\/\/legiavanphongpham.com\/wp-content\/uploads\/2022\/10\/z3812310604583_44a7f81bb996eaf71b025f184f7984f6-768x500.jpg 768w, https:\/\/legiavanphongpham.com\/wp-content\/uploads\/2022\/10\/z3812310604583_44a7f81bb996eaf71b025f184f7984f6-940x611.jpg 940w, https:\/\/legiavanphongpham.com\/wp-content\/uploads\/2022\/10\/z3812310604583_44a7f81bb996eaf71b025f184f7984f6.jpg 1276w\" sizes=\"auto, (max-width: 300px) 100vw, 300px\" \/><\/a>\t\t\t\t<\/div>\n\t\t\t\t\t\t\t\t<div class=\"item \">\n\t\t\t\t\t<a class=\"prettyphoto\" href=\"https:\/\/legiavanphongpham.com\/wp-content\/uploads\/2022\/10\/z3812310590561_f6172fae924cf580831a539eff62481a.jpg\" data-rel=\"prettyPhoto[ts-gallery-1127063286]\" ><img loading=\"lazy\" decoding=\"async\" width=\"300\" height=\"225\" src=\"https:\/\/legiavanphongpham.com\/wp-content\/uploads\/2022\/10\/z3812310590561_f6172fae924cf580831a539eff62481a-300x225.jpg\" class=\"attachment-medium size-medium\" alt=\"\" srcset=\"https:\/\/legiavanphongpham.com\/wp-content\/uploads\/2022\/10\/z3812310590561_f6172fae924cf580831a539eff62481a-300x225.jpg 300w, https:\/\/legiavanphongpham.com\/wp-content\/uploads\/2022\/10\/z3812310590561_f6172fae924cf580831a539eff62481a-1024x767.jpg 1024w, https:\/\/legiavanphongpham.com\/wp-content\/uploads\/2022\/10\/z3812310590561_f6172fae924cf580831a539eff62481a-768x575.jpg 768w, https:\/\/legiavanphongpham.com\/wp-content\/uploads\/2022\/10\/z3812310590561_f6172fae924cf580831a539eff62481a-940x704.jpg 940w, https:\/\/legiavanphongpham.com\/wp-content\/uploads\/2022\/10\/z3812310590561_f6172fae924cf580831a539eff62481a.jpg 1276w\" sizes=\"auto, (max-width: 300px) 100vw, 300px\" \/><\/a>\t\t\t\t<\/div>\n\t\t\t\t\t\t\t\t<div class=\"item last\">\n\t\t\t\t\t<a class=\"prettyphoto\" href=\"https:\/\/legiavanphongpham.com\/wp-content\/uploads\/2022\/10\/z3812310587457_3a8287e9856beef825bed1ab69fa90ad.jpg\" data-rel=\"prettyPhoto[ts-gallery-1127063286]\" ><img loading=\"lazy\" decoding=\"async\" width=\"300\" height=\"209\" src=\"https:\/\/legiavanphongpham.com\/wp-content\/uploads\/2022\/10\/z3812310587457_3a8287e9856beef825bed1ab69fa90ad-300x209.jpg\" class=\"attachment-medium size-medium\" alt=\"\" srcset=\"https:\/\/legiavanphongpham.com\/wp-content\/uploads\/2022\/10\/z3812310587457_3a8287e9856beef825bed1ab69fa90ad-300x209.jpg 300w, https:\/\/legiavanphongpham.com\/wp-content\/uploads\/2022\/10\/z3812310587457_3a8287e9856beef825bed1ab69fa90ad-1024x714.jpg 1024w, https:\/\/legiavanphongpham.com\/wp-content\/uploads\/2022\/10\/z3812310587457_3a8287e9856beef825bed1ab69fa90ad-768x536.jpg 768w, https:\/\/legiavanphongpham.com\/wp-content\/uploads\/2022\/10\/z3812310587457_3a8287e9856beef825bed1ab69fa90ad-940x656.jpg 940w, https:\/\/legiavanphongpham.com\/wp-content\/uploads\/2022\/10\/z3812310587457_3a8287e9856beef825bed1ab69fa90ad.jpg 1276w\" sizes=\"auto, (max-width: 300px) 100vw, 300px\" \/><\/a>\t\t\t\t<\/div>\n\t\t\t\t\t\t\t\t<div class=\"item first\">\n\t\t\t\t\t<a class=\"prettyphoto\" href=\"https:\/\/legiavanphongpham.com\/wp-content\/uploads\/2022\/10\/z3812310579378_50c0c3ee568a6afcb65c1fd3d0f19c7b.jpg\" data-rel=\"prettyPhoto[ts-gallery-1127063286]\" ><img loading=\"lazy\" decoding=\"async\" width=\"300\" height=\"212\" src=\"https:\/\/legiavanphongpham.com\/wp-content\/uploads\/2022\/10\/z3812310579378_50c0c3ee568a6afcb65c1fd3d0f19c7b-300x212.jpg\" class=\"attachment-medium size-medium\" alt=\"\" srcset=\"https:\/\/legiavanphongpham.com\/wp-content\/uploads\/2022\/10\/z3812310579378_50c0c3ee568a6afcb65c1fd3d0f19c7b-300x212.jpg 300w, https:\/\/legiavanphongpham.com\/wp-content\/uploads\/2022\/10\/z3812310579378_50c0c3ee568a6afcb65c1fd3d0f19c7b-1024x724.jpg 1024w, https:\/\/legiavanphongpham.com\/wp-content\/uploads\/2022\/10\/z3812310579378_50c0c3ee568a6afcb65c1fd3d0f19c7b-768x543.jpg 768w, https:\/\/legiavanphongpham.com\/wp-content\/uploads\/2022\/10\/z3812310579378_50c0c3ee568a6afcb65c1fd3d0f19c7b-940x664.jpg 940w, https:\/\/legiavanphongpham.com\/wp-content\/uploads\/2022\/10\/z3812310579378_50c0c3ee568a6afcb65c1fd3d0f19c7b.jpg 1276w\" sizes=\"auto, (max-width: 300px) 100vw, 300px\" \/><\/a>\t\t\t\t<\/div>\n\t\t\t\t\t\t\t\t<div class=\"item \">\n\t\t\t\t\t<a class=\"prettyphoto\" href=\"https:\/\/legiavanphongpham.com\/wp-content\/uploads\/2022\/10\/z3812310564349_80f07a94034690987a148af4d0f1d197.jpg\" data-rel=\"prettyPhoto[ts-gallery-1127063286]\" ><img loading=\"lazy\" decoding=\"async\" width=\"300\" height=\"225\" src=\"https:\/\/legiavanphongpham.com\/wp-content\/uploads\/2022\/10\/z3812310564349_80f07a94034690987a148af4d0f1d197-300x225.jpg\" class=\"attachment-medium size-medium\" alt=\"\" srcset=\"https:\/\/legiavanphongpham.com\/wp-content\/uploads\/2022\/10\/z3812310564349_80f07a94034690987a148af4d0f1d197-300x225.jpg 300w, https:\/\/legiavanphongpham.com\/wp-content\/uploads\/2022\/10\/z3812310564349_80f07a94034690987a148af4d0f1d197-1024x767.jpg 1024w, https:\/\/legiavanphongpham.com\/wp-content\/uploads\/2022\/10\/z3812310564349_80f07a94034690987a148af4d0f1d197-768x575.jpg 768w, https:\/\/legiavanphongpham.com\/wp-content\/uploads\/2022\/10\/z3812310564349_80f07a94034690987a148af4d0f1d197-940x704.jpg 940w, https:\/\/legiavanphongpham.com\/wp-content\/uploads\/2022\/10\/z3812310564349_80f07a94034690987a148af4d0f1d197.jpg 1276w\" sizes=\"auto, (max-width: 300px) 100vw, 300px\" \/><\/a>\t\t\t\t<\/div>\n\t\t\t\t\t\t\t\t<div class=\"item last\">\n\t\t\t\t\t<a class=\"prettyphoto\" href=\"https:\/\/legiavanphongpham.com\/wp-content\/uploads\/2022\/10\/z3812310551134_fb8b3564cb2ef20ae268835c3b8f6efc.jpg\" data-rel=\"prettyPhoto[ts-gallery-1127063286]\" ><img loading=\"lazy\" decoding=\"async\" width=\"300\" height=\"225\" src=\"https:\/\/legiavanphongpham.com\/wp-content\/uploads\/2022\/10\/z3812310551134_fb8b3564cb2ef20ae268835c3b8f6efc-300x225.jpg\" class=\"attachment-medium size-medium\" alt=\"\" srcset=\"https:\/\/legiavanphongpham.com\/wp-content\/uploads\/2022\/10\/z3812310551134_fb8b3564cb2ef20ae268835c3b8f6efc-300x225.jpg 300w, https:\/\/legiavanphongpham.com\/wp-content\/uploads\/2022\/10\/z3812310551134_fb8b3564cb2ef20ae268835c3b8f6efc-1024x767.jpg 1024w, https:\/\/legiavanphongpham.com\/wp-content\/uploads\/2022\/10\/z3812310551134_fb8b3564cb2ef20ae268835c3b8f6efc-768x575.jpg 768w, https:\/\/legiavanphongpham.com\/wp-content\/uploads\/2022\/10\/z3812310551134_fb8b3564cb2ef20ae268835c3b8f6efc-940x704.jpg 940w, https:\/\/legiavanphongpham.com\/wp-content\/uploads\/2022\/10\/z3812310551134_fb8b3564cb2ef20ae268835c3b8f6efc.jpg 1276w\" sizes=\"auto, (max-width: 300px) 100vw, 300px\" \/><\/a>\t\t\t\t<\/div>\n\t\t\t\t\t\t\t\t<div class=\"item first last\">\n\t\t\t\t\t<a class=\"prettyphoto\" href=\"https:\/\/legiavanphongpham.com\/wp-content\/uploads\/2022\/10\/z3812310549592_2992bcba1e218190993ace42320222cc.jpg\" data-rel=\"prettyPhoto[ts-gallery-1127063286]\" ><img loading=\"lazy\" decoding=\"async\" width=\"300\" height=\"225\" src=\"https:\/\/legiavanphongpham.com\/wp-content\/uploads\/2022\/10\/z3812310549592_2992bcba1e218190993ace42320222cc-300x225.jpg\" class=\"attachment-medium size-medium\" alt=\"\" srcset=\"https:\/\/legiavanphongpham.com\/wp-content\/uploads\/2022\/10\/z3812310549592_2992bcba1e218190993ace42320222cc-300x225.jpg 300w, https:\/\/legiavanphongpham.com\/wp-content\/uploads\/2022\/10\/z3812310549592_2992bcba1e218190993ace42320222cc-1024x767.jpg 1024w, https:\/\/legiavanphongpham.com\/wp-content\/uploads\/2022\/10\/z3812310549592_2992bcba1e218190993ace42320222cc-768x575.jpg 768w, https:\/\/legiavanphongpham.com\/wp-content\/uploads\/2022\/10\/z3812310549592_2992bcba1e218190993ace42320222cc-940x704.jpg 940w, https:\/\/legiavanphongpham.com\/wp-content\/uploads\/2022\/10\/z3812310549592_2992bcba1e218190993ace42320222cc.jpg 1276w\" sizes=\"auto, (max-width: 300px) 100vw, 300px\" \/><\/a>\t\t\t\t<\/div>\n\t\t\t\t\t\t\t<\/div>\n\t\t<\/div>\n\t\t[\/vc_column][\/vc_row]<\/p>\n","protected":false},"excerpt":{"rendered":"<p>[vc_row][vc_column][\/vc_column][\/vc_row]<\/p>\n","protected":false},"author":1,"featured_media":0,"parent":0,"menu_order":0,"comment_status":"closed","ping_status":"closed","template":"","meta":{"footnotes":""},"class_list":["post-19430","page","type-page","status-publish","hentry"],"_links":{"self":[{"href":"https:\/\/legiavanphongpham.com\/index.php\/wp-json\/wp\/v2\/pages\/19430","targetHints":{"allow":["GET"]}}],"collection":[{"href":"https:\/\/legiavanphongpham.com\/index.php\/wp-json\/wp\/v2\/pages"}],"about":[{"href":"https:\/\/legiavanphongpham.com\/index.php\/wp-json\/wp\/v2\/types\/page"}],"author":[{"embeddable":true,"href":"https:\/\/legiavanphongpham.com\/index.php\/wp-json\/wp\/v2\/users\/1"}],"replies":[{"embeddable":true,"href":"https:\/\/legiavanphongpham.com\/index.php\/wp-json\/wp\/v2\/comments?post=19430"}],"version-history":[{"count":0,"href":"https:\/\/legiavanphongpham.com\/index.php\/wp-json\/wp\/v2\/pages\/19430\/revisions"}],"wp:attachment":[{"href":"https:\/\/legiavanphongpham.com\/index.php\/wp-json\/wp\/v2\/media?parent=19430"}],"curies":[{"name":"wp","href":"https:\/\/api.w.org\/{rel}","templated":true}]}}