{"id":15877,"date":"2021-08-28T08:44:37","date_gmt":"2021-08-28T01:44:37","guid":{"rendered":"https:\/\/legiavanphongpham.com\/?post_type=product&#038;p=15877"},"modified":"2021-09-23T10:44:32","modified_gmt":"2021-09-23T03:44:32","slug":"giay-a3-70gms-ik","status":"publish","type":"product","link":"https:\/\/legiavanphongpham.com\/index.php\/product\/giay-a3-70gms-ik\/","title":{"rendered":"Gi\u1ea5y A3 70gms IK PLUS"},"content":{"rendered":"<p>Gi\u1ea5y IK Plus \u0111\u1eb9p, r\u1ea5t l\u00e1ng m\u1ecbn, in kh\u00f4ng b\u1ecb nh\u00e8o v\u00e0 nh\u0103n, gi\u1ea5y c\u00f3 \u0111\u1ed9 tr\u1eafng cao. IK Plus \u0111\u01b0\u1ee3c \u0111\u00f3ng g\u00f3i k\u1ef9, ch\u1ea5t l\u01b0\u1ee3ng lu\u00f4n \u0111\u01b0\u1ee3c \u0111\u1ea3m b\u1ea3o.<\/p>\n<p>\u0110\u01b0\u1ee3c s\u1ea3n xu\u1ea5t t\u1ea1i Indonesia. IK Plus 70gsm c\u00f3 \u0111\u1ecbnh l\u01b0\u1ee3ng GSM l\u00e0 70 t\u1ee9c l\u00e0 70 gram per square meter tr\u00ean 1 m\u00e9t vu\u00f4ng gi\u1ea5y.<\/p>\n<p>Lo\u1ea1i : Gi\u1ea5y in A3<\/p>\n<p>&#8211; \u0110\u1ecbnh l\u01b0\u1ee3ng : 70gsm<\/p>\n<p>&#8211; K\u00edch th\u01b0\u1edbc : 42x 29.7 cm &#8211; Quy c\u00e1ch : 500 t\u1edd\/ram, 5 ram\/th\u00f9ng<\/p>\n<p>&#8211; \u0110\u01a1n v\u1ecb t\u00ednh : ram<\/p>\n<p>&#8211; Ch\u1ea5t l\u01b0\u1ee3ng : Gi\u1ea5y \u0111\u1eb9p, m\u1ecbn v\u00e0 l\u00e1ng<\/p>\n<p>&#8211; Th\u01b0\u01a1ng hi\u1ec7u : IK Plus<\/p>\n<p>&#8211; Xu\u1ea5t x\u1ee9 : Indonesia<\/p>\n","protected":false},"excerpt":{"rendered":"<p>Gi\u1ea5y IK Plus \u0111\u1eb9p, r\u1ea5t l\u00e1ng m\u1ecbn, in kh\u00f4ng b\u1ecb nh\u00e8o v\u00e0 nh\u0103n, gi\u1ea5y c\u00f3 \u0111\u1ed9 tr\u1eafng cao. IK Plus \u0111\u01b0\u1ee3c \u0111\u00f3ng g\u00f3i k\u1ef9, ch\u1ea5t l\u01b0\u1ee3ng lu\u00f4n \u0111\u01b0\u1ee3c \u0111\u1ea3m b\u1ea3o. \u0110\u01b0\u1ee3c s\u1ea3n xu\u1ea5t t\u1ea1i Indonesia. IK Plus 70gsm c\u00f3 \u0111\u1ecbnh l\u01b0\u1ee3ng GSM l\u00e0 70 t\u1ee9c l\u00e0 70 gram per square meter tr\u00ean 1 m\u00e9t vu\u00f4ng [&hellip;]<\/p>\n","protected":false},"featured_media":15880,"comment_status":"open","ping_status":"closed","template":"","meta":[],"product_brand":[],"product_cat":[128],"product_tag":[],"class_list":{"0":"post-15877","1":"product","2":"type-product","3":"status-publish","4":"has-post-thumbnail","6":"product_cat-giay-photocopy","8":"first","9":"instock","10":"shipping-taxable","11":"purchasable","12":"product-type-simple"},"_links":{"self":[{"href":"https:\/\/legiavanphongpham.com\/index.php\/wp-json\/wp\/v2\/product\/15877","targetHints":{"allow":["GET"]}}],"collection":[{"href":"https:\/\/legiavanphongpham.com\/index.php\/wp-json\/wp\/v2\/product"}],"about":[{"href":"https:\/\/legiavanphongpham.com\/index.php\/wp-json\/wp\/v2\/types\/product"}],"replies":[{"embeddable":true,"href":"https:\/\/legiavanphongpham.com\/index.php\/wp-json\/wp\/v2\/comments?post=15877"}],"wp:featuredmedia":[{"embeddable":true,"href":"https:\/\/legiavanphongpham.com\/index.php\/wp-json\/wp\/v2\/media\/15880"}],"wp:attachment":[{"href":"https:\/\/legiavanphongpham.com\/index.php\/wp-json\/wp\/v2\/media?parent=15877"}],"wp:term":[{"taxonomy":"product_brand","embeddable":true,"href":"https:\/\/legiavanphongpham.com\/index.php\/wp-json\/wp\/v2\/product_brand?post=15877"},{"taxonomy":"product_cat","embeddable":true,"href":"https:\/\/legiavanphongpham.com\/index.php\/wp-json\/wp\/v2\/product_cat?post=15877"},{"taxonomy":"product_tag","embeddable":true,"href":"https:\/\/legiavanphongpham.com\/index.php\/wp-json\/wp\/v2\/product_tag?post=15877"}],"curies":[{"name":"wp","href":"https:\/\/api.w.org\/{rel}","templated":true}]}}