{"id":15883,"date":"2021-08-28T08:47:38","date_gmt":"2021-08-28T01:47:38","guid":{"rendered":"https:\/\/legiavanphongpham.com\/?post_type=product&#038;p=15883"},"modified":"2024-08-26T11:07:23","modified_gmt":"2024-08-26T04:07:23","slug":"a3-80-double","status":"publish","type":"product","link":"https:\/\/legiavanphongpham.com\/index.php\/product\/a3-80-double\/","title":{"rendered":"A3 80GSM DOUBLE A"},"content":{"rendered":"<p>Xu\u1ea5t x\u1ee9: Th\u00e1i Lan<\/p>\n<p><a href=\"https:\/\/fact-depot.com\/giay-a3-double-a-80-gsm-500-to-1-ram-p14720.html\"><strong>Gi\u1ea5y A3 Double A 80 gsm (500 t\u1edd) (1 ram)<\/strong><\/a>\u00a0l\u00e0 lo\u1ea1i gi\u1ea5y in photo ph\u1ed5 bi\u1ebfn v\u00e0 th\u00f4ng d\u1ee5ng trong c\u00e1c v\u0103n ph\u00f2ng c\u00f4ng ty hi\u1ec7n nay, s\u1eed d\u1ee5ng \u0111\u1ec3 in &#8211; photo \u0111\u00f3ng th\u00e0nh cu\u1ed1n ho\u1eb7c d\u00f9ng l\u00e0m phi\u1ebfu thu &#8211; chi &#8211; xu\u1ea5t &#8211; nh\u1eadp &#8211; \u0111\u01a1n \u0111\u1eb7t h\u00e0ng.<\/p>\n<p>Double A l\u00e0 nh\u00e3n hi\u1ec7u gi\u1ea5y in photo cao c\u1ea5p, ch\u1ea5t l\u01b0\u1ee3ng gi\u1ea5y r\u1ea5t t\u1ed1t, c\u00f3 nh\u1eefng \u01b0u \u0111i\u1ec3m v\u1ec1 \u0111\u1ed9 tr\u1eafng s\u00e1ng, \u0111\u1ed9 s\u1eafc n\u00e9t trong in \u1ea5n. Gi\u1ea5y in Double A 70gsm c\u00f3 k\u00edch th\u01b0\u1edbc kh\u1ed5 A3, \u0111\u1ecbnh l\u01b0\u1ee3ng gi\u1ea5y n\u1eb7ng 70gram\/m2, gi\u1ea5y c\u00f3 \u0111\u1ed9 d\u00e0y ph\u00f9 h\u1ee3p v\u1edbi c\u00e1c d\u00f2ng m\u00e1y in photo hi\u1ec7n \u0111\u1ea1i<\/p>\n","protected":false},"excerpt":{"rendered":"<p>Xu\u1ea5t x\u1ee9: Th\u00e1i Lan Gi\u1ea5y A3 Double A 80 gsm (500 t\u1edd) (1 ram)\u00a0l\u00e0 lo\u1ea1i gi\u1ea5y in photo ph\u1ed5 bi\u1ebfn v\u00e0 th\u00f4ng d\u1ee5ng trong c\u00e1c v\u0103n ph\u00f2ng c\u00f4ng ty hi\u1ec7n nay, s\u1eed d\u1ee5ng \u0111\u1ec3 in &#8211; photo \u0111\u00f3ng th\u00e0nh cu\u1ed1n ho\u1eb7c d\u00f9ng l\u00e0m phi\u1ebfu thu &#8211; chi &#8211; xu\u1ea5t &#8211; nh\u1eadp &#8211; \u0111\u01a1n \u0111\u1eb7t h\u00e0ng. [&hellip;]<\/p>\n","protected":false},"featured_media":15882,"comment_status":"open","ping_status":"closed","template":"","meta":[],"product_brand":[],"product_cat":[128],"product_tag":[],"class_list":{"0":"post-15883","1":"product","2":"type-product","3":"status-publish","4":"has-post-thumbnail","6":"product_cat-giay-photocopy","8":"first","9":"instock","10":"shipping-taxable","11":"purchasable","12":"product-type-simple"},"_links":{"self":[{"href":"https:\/\/legiavanphongpham.com\/index.php\/wp-json\/wp\/v2\/product\/15883","targetHints":{"allow":["GET"]}}],"collection":[{"href":"https:\/\/legiavanphongpham.com\/index.php\/wp-json\/wp\/v2\/product"}],"about":[{"href":"https:\/\/legiavanphongpham.com\/index.php\/wp-json\/wp\/v2\/types\/product"}],"replies":[{"embeddable":true,"href":"https:\/\/legiavanphongpham.com\/index.php\/wp-json\/wp\/v2\/comments?post=15883"}],"wp:featuredmedia":[{"embeddable":true,"href":"https:\/\/legiavanphongpham.com\/index.php\/wp-json\/wp\/v2\/media\/15882"}],"wp:attachment":[{"href":"https:\/\/legiavanphongpham.com\/index.php\/wp-json\/wp\/v2\/media?parent=15883"}],"wp:term":[{"taxonomy":"product_brand","embeddable":true,"href":"https:\/\/legiavanphongpham.com\/index.php\/wp-json\/wp\/v2\/product_brand?post=15883"},{"taxonomy":"product_cat","embeddable":true,"href":"https:\/\/legiavanphongpham.com\/index.php\/wp-json\/wp\/v2\/product_cat?post=15883"},{"taxonomy":"product_tag","embeddable":true,"href":"https:\/\/legiavanphongpham.com\/index.php\/wp-json\/wp\/v2\/product_tag?post=15883"}],"curies":[{"name":"wp","href":"https:\/\/api.w.org\/{rel}","templated":true}]}}