{"id":15884,"date":"2021-08-28T08:48:29","date_gmt":"2021-08-28T01:48:29","guid":{"rendered":"https:\/\/legiavanphongpham.com\/?post_type=product&#038;p=15884"},"modified":"2024-08-26T10:40:01","modified_gmt":"2024-08-26T03:40:01","slug":"a4-double-bong-80gms-dl","status":"publish","type":"product","link":"https:\/\/legiavanphongpham.com\/index.php\/product\/a4-double-bong-80gms-dl\/","title":{"rendered":"A4 80gms DOUBLE A"},"content":{"rendered":"<ul>\n<li>Xu\u1ea5t x\u1ee9: Th\u00e1i Lan<\/li>\n<li><strong>Gi\u1ea5y In Photo A4 Double A DL 80gsm<\/strong>\u00a0v\u1edbi k\u00edch th\u01b0\u1edbc A4, th\u00e2n thi\u1ec7n v\u1edbi m\u00f4i tr\u01b0\u1eddng v\u00e0 th\u00edch h\u1ee3p v\u1edbi h\u1ea7u h\u1ebft c\u00e1c lo\u1ea1i m\u00e1y in phun, m\u00e1y in laser, m\u00e1y fax laser, m\u00e1y photocopy.<\/li>\n<li>S\u1ea3n ph\u1ea9m thi\u1ebft k\u1ebf kh\u1ed5 gi\u1ea5y A4, th\u00edch h\u1ee3p s\u1eed d\u1ee5ng l\u00e0m gi\u1ea5y in, photo trong c\u00e1c v\u0103n ph\u00f2ng ho\u1eb7c trong gia \u0111\u00ecnh. B\u1ea1n c\u0169ng c\u00f3 th\u1ec3 s\u1eed d\u1ee5ng \u0111\u1ec3 vi\u1ebft, v\u1ebd s\u01a1 \u0111\u1ed3 ho\u1eb7c ph\u00e1c th\u1ea3o c\u00e1c b\u1ea3n v\u1ebd m\u1ed9t c\u00e1ch \u0111\u01a1n gi\u1ea3n v\u00e0 nhanh ch\u00f3ng.<\/li>\n<li>Gi\u1ea5y c\u00f3 b\u1ec1 d\u00e0y t\u1ed1t, b\u1ec1 m\u1eb7t l\u00e1ng m\u1ecbn, \u0111\u1ed9 c\u1ea3n quang c\u1ee7a gi\u1ea5y cao h\u01a1n do \u0111\u00f3 gi\u1ea3m hi\u1ec7n t\u01b0\u1ee3ng nh\u00ecn th\u1ea5u trang v\u00e0 cho ph\u00e9p s\u1eed d\u1ee5ng c\u1ea3 hai m\u1eb7t gi\u1ea5y m\u1ed9t c\u00e1ch to\u00e0n di\u1ec7n nh\u1ea5t<\/li>\n<\/ul>\n","protected":false},"excerpt":{"rendered":"<p>Xu\u1ea5t x\u1ee9: Th\u00e1i Lan Gi\u1ea5y In Photo A4 Double A DL 80gsm\u00a0v\u1edbi k\u00edch th\u01b0\u1edbc A4, th\u00e2n thi\u1ec7n v\u1edbi m\u00f4i tr\u01b0\u1eddng v\u00e0 th\u00edch h\u1ee3p v\u1edbi h\u1ea7u h\u1ebft c\u00e1c lo\u1ea1i m\u00e1y in phun, m\u00e1y in laser, m\u00e1y fax laser, m\u00e1y photocopy. S\u1ea3n ph\u1ea9m thi\u1ebft k\u1ebf kh\u1ed5 gi\u1ea5y A4, th\u00edch h\u1ee3p s\u1eed d\u1ee5ng l\u00e0m gi\u1ea5y in, photo trong [&hellip;]<\/p>\n","protected":false},"featured_media":15882,"comment_status":"open","ping_status":"closed","template":"","meta":[],"product_brand":[],"product_cat":[128],"product_tag":[],"class_list":{"0":"post-15884","1":"product","2":"type-product","3":"status-publish","4":"has-post-thumbnail","6":"product_cat-giay-photocopy","8":"first","9":"instock","10":"shipping-taxable","11":"purchasable","12":"product-type-simple"},"_links":{"self":[{"href":"https:\/\/legiavanphongpham.com\/index.php\/wp-json\/wp\/v2\/product\/15884","targetHints":{"allow":["GET"]}}],"collection":[{"href":"https:\/\/legiavanphongpham.com\/index.php\/wp-json\/wp\/v2\/product"}],"about":[{"href":"https:\/\/legiavanphongpham.com\/index.php\/wp-json\/wp\/v2\/types\/product"}],"replies":[{"embeddable":true,"href":"https:\/\/legiavanphongpham.com\/index.php\/wp-json\/wp\/v2\/comments?post=15884"}],"wp:featuredmedia":[{"embeddable":true,"href":"https:\/\/legiavanphongpham.com\/index.php\/wp-json\/wp\/v2\/media\/15882"}],"wp:attachment":[{"href":"https:\/\/legiavanphongpham.com\/index.php\/wp-json\/wp\/v2\/media?parent=15884"}],"wp:term":[{"taxonomy":"product_brand","embeddable":true,"href":"https:\/\/legiavanphongpham.com\/index.php\/wp-json\/wp\/v2\/product_brand?post=15884"},{"taxonomy":"product_cat","embeddable":true,"href":"https:\/\/legiavanphongpham.com\/index.php\/wp-json\/wp\/v2\/product_cat?post=15884"},{"taxonomy":"product_tag","embeddable":true,"href":"https:\/\/legiavanphongpham.com\/index.php\/wp-json\/wp\/v2\/product_tag?post=15884"}],"curies":[{"name":"wp","href":"https:\/\/api.w.org\/{rel}","templated":true}]}}