{"id":15892,"date":"2021-08-28T08:56:18","date_gmt":"2021-08-28T01:56:18","guid":{"rendered":"https:\/\/legiavanphongpham.com\/?post_type=product&#038;p=15892"},"modified":"2024-08-26T11:04:24","modified_gmt":"2024-08-26T04:04:24","slug":"a4-70gsm-delight","status":"publish","type":"product","link":"https:\/\/legiavanphongpham.com\/index.php\/product\/a4-70gsm-delight\/","title":{"rendered":"A4  70gsm DELIGHT"},"content":{"rendered":"<p>T\u00ean S\u1ea3n Ph\u1ea9m Gi\u00e2\u0301y Delight \u0110\u01a1n v\u1ecb t\u00ednh Ream Nh\u00e0 s\u1ea3n xu\u1ea5t Th\u00e1i Lan Lo\u1ea1i Gi\u1ea5y in, gi\u1ea5y photocopy, gi\u1ea5y v\u0103n ph\u00f2ng gi\u00e1 r\u1ebb<\/p>\n<p>Xu\u1ea5t x\u1ee9: Th\u00e1i Lan<\/p>\n<p>K\u00edch th\u01b0\u1edbc 210 x 297 mm<\/p>\n<p>\u0110\u1ecbnh l\u01b0\u1ee3ng 70 gsm<\/p>\n<p>Th\u00f4ng tin s\u1ea3n ph\u1ea9m : Gi\u1ea5y Delight \u0111\u1ecbnh l\u01b0\u1ee3ng 70A4, l\u00e0 lo\u1ea1i gi\u1ea5y tr\u1eafng \u0111\u1eb9p nh\u1ea5t tr\u00ean th\u1ecb tr\u01b0\u1eddng, \u0111\u1ed9 s\u1eafc n\u00e9t cao, in 2 m\u1eb7t kh\u00f4ng b\u1ecb k\u1eb9t gi\u1ea5y, cho ph\u00e9p in, photocopy ra nh\u1eefng v\u0103n b\u1ea3n, h\u00ecnh \u1ea3nh \u0111\u1eb9p.<\/p>\n<p>Kh\u00e1ch h\u00e0ng c\u00f3 th\u1ec3 ho\u00e0n to\u00e0n y\u00ean t\u00e2m v\u1ec1 ch\u1ea5t l\u01b0\u1ee3ng v\u00e0 gi\u00e1 c\u1ea3 khi s\u1eed d\u1ee5ng.<\/p>\n<p>Th\u00edch h\u1ee3p v\u1edbi t\u1ea5t c\u1ea3 c\u00e1c lo\u1ea1i M\u00e1y in phun, M\u00e1y in Laser, M\u00e1y Fax laser, M\u00e1y Photocopy. In \u0111\u1ea3o 2 m\u1eb7t kh\u00f4ng b\u1ecb k\u1eb9t gi\u1ea5y. Gi\u1ea5y \u0111\u01b0\u1ee3c \u0111\u00f3ng g\u00f3i v\u00e0 nh\u1eadp kh\u1ea9u t\u1eeb Th\u00e1i Lan n\u00ean lu\u00f4n \u0111\u1ea3m b\u1ea3o ch\u1ea5t l\u01b0\u1ee3ng \u0111\u1ed9 \u1ed5n \u0111\u1ecbnh<\/p>\n","protected":false},"excerpt":{"rendered":"<p>T\u00ean S\u1ea3n Ph\u1ea9m Gi\u00e2\u0301y Delight \u0110\u01a1n v\u1ecb t\u00ednh Ream Nh\u00e0 s\u1ea3n xu\u1ea5t Th\u00e1i Lan Lo\u1ea1i Gi\u1ea5y in, gi\u1ea5y photocopy, gi\u1ea5y v\u0103n ph\u00f2ng gi\u00e1 r\u1ebb Xu\u1ea5t x\u1ee9: Th\u00e1i Lan K\u00edch th\u01b0\u1edbc 210 x 297 mm \u0110\u1ecbnh l\u01b0\u1ee3ng 70 gsm Th\u00f4ng tin s\u1ea3n ph\u1ea9m : Gi\u1ea5y Delight \u0111\u1ecbnh l\u01b0\u1ee3ng 70A4, l\u00e0 lo\u1ea1i gi\u1ea5y tr\u1eafng \u0111\u1eb9p nh\u1ea5t tr\u00ean [&hellip;]<\/p>\n","protected":false},"featured_media":15910,"comment_status":"open","ping_status":"closed","template":"","meta":[],"product_brand":[],"product_cat":[128],"product_tag":[],"class_list":{"0":"post-15892","1":"product","2":"type-product","3":"status-publish","4":"has-post-thumbnail","6":"product_cat-giay-photocopy","8":"first","9":"instock","10":"shipping-taxable","11":"purchasable","12":"product-type-simple"},"_links":{"self":[{"href":"https:\/\/legiavanphongpham.com\/index.php\/wp-json\/wp\/v2\/product\/15892","targetHints":{"allow":["GET"]}}],"collection":[{"href":"https:\/\/legiavanphongpham.com\/index.php\/wp-json\/wp\/v2\/product"}],"about":[{"href":"https:\/\/legiavanphongpham.com\/index.php\/wp-json\/wp\/v2\/types\/product"}],"replies":[{"embeddable":true,"href":"https:\/\/legiavanphongpham.com\/index.php\/wp-json\/wp\/v2\/comments?post=15892"}],"wp:featuredmedia":[{"embeddable":true,"href":"https:\/\/legiavanphongpham.com\/index.php\/wp-json\/wp\/v2\/media\/15910"}],"wp:attachment":[{"href":"https:\/\/legiavanphongpham.com\/index.php\/wp-json\/wp\/v2\/media?parent=15892"}],"wp:term":[{"taxonomy":"product_brand","embeddable":true,"href":"https:\/\/legiavanphongpham.com\/index.php\/wp-json\/wp\/v2\/product_brand?post=15892"},{"taxonomy":"product_cat","embeddable":true,"href":"https:\/\/legiavanphongpham.com\/index.php\/wp-json\/wp\/v2\/product_cat?post=15892"},{"taxonomy":"product_tag","embeddable":true,"href":"https:\/\/legiavanphongpham.com\/index.php\/wp-json\/wp\/v2\/product_tag?post=15892"}],"curies":[{"name":"wp","href":"https:\/\/api.w.org\/{rel}","templated":true}]}}