{"id":15895,"date":"2021-08-28T08:57:25","date_gmt":"2021-08-28T01:57:25","guid":{"rendered":"https:\/\/legiavanphongpham.com\/?post_type=product&#038;p=15895"},"modified":"2021-09-23T10:44:07","modified_gmt":"2021-09-23T03:44:07","slug":"a4-ik-plus-vang-80gsm","status":"publish","type":"product","link":"https:\/\/legiavanphongpham.com\/index.php\/product\/a4-ik-plus-vang-80gsm\/","title":{"rendered":"A4 IK 80gsm PLUS V\u00c0NG"},"content":{"rendered":"<p><strong>Quy c\u00e1ch:<\/strong><strong>\u00a0\u00a0500 t\u1edd\/ram, 5 ram\/th\u00f9ng<\/strong><strong><br \/>\nK\u00edch th\u01b0\u1edbc:\u00a0A4<br \/>\n\u0110\u1ecbnh l\u01b0\u1ee3ng:\u00a080gsm<br \/>\nXu\u1ea5t x\u1ee9:\u00a0Th\u00e1i lan<br \/>\n\u0110\u01a1n v\u1ecb t\u00ednh:\u00a0Ram<\/strong><\/p>\n<p><strong>S\u1eed d\u1ee5ng \u0111\u1ec3 in \u2013 photo \u0111\u00f3ng th\u00e0nh cu\u1ed1n ho\u1eb7c d\u00f9ng l\u00e0m phi\u1ebfu thu \u2013 chi \u2013 xu\u1ea5t \u2013 nh\u1eadp \u2013 \u0111\u01a1n \u0111\u1eb7t h\u00e0ng trong c\u00e1c v\u0103n ph\u00f2ng h\u00e0nh ch\u00ednh s\u1ef1 nghi\u1ec7p, v\u0103n ph\u00f2ng c\u00f4ng ty.<\/strong><\/p>\n","protected":false},"excerpt":{"rendered":"<p>Quy c\u00e1ch:\u00a0\u00a0500 t\u1edd\/ram, 5 ram\/th\u00f9ng K\u00edch th\u01b0\u1edbc:\u00a0A4 \u0110\u1ecbnh l\u01b0\u1ee3ng:\u00a080gsm Xu\u1ea5t x\u1ee9:\u00a0Th\u00e1i lan \u0110\u01a1n v\u1ecb t\u00ednh:\u00a0Ram S\u1eed d\u1ee5ng \u0111\u1ec3 in \u2013 photo \u0111\u00f3ng th\u00e0nh cu\u1ed1n ho\u1eb7c d\u00f9ng l\u00e0m phi\u1ebfu thu \u2013 chi \u2013 xu\u1ea5t \u2013 nh\u1eadp \u2013 \u0111\u01a1n \u0111\u1eb7t h\u00e0ng trong c\u00e1c v\u0103n ph\u00f2ng h\u00e0nh ch\u00ednh s\u1ef1 nghi\u1ec7p, v\u0103n ph\u00f2ng c\u00f4ng ty.<\/p>\n","protected":false},"featured_media":15896,"comment_status":"open","ping_status":"closed","template":"","meta":[],"product_brand":[],"product_cat":[128],"product_tag":[],"class_list":{"0":"post-15895","1":"product","2":"type-product","3":"status-publish","4":"has-post-thumbnail","6":"product_cat-giay-photocopy","8":"first","9":"instock","10":"shipping-taxable","11":"purchasable","12":"product-type-simple"},"_links":{"self":[{"href":"https:\/\/legiavanphongpham.com\/index.php\/wp-json\/wp\/v2\/product\/15895","targetHints":{"allow":["GET"]}}],"collection":[{"href":"https:\/\/legiavanphongpham.com\/index.php\/wp-json\/wp\/v2\/product"}],"about":[{"href":"https:\/\/legiavanphongpham.com\/index.php\/wp-json\/wp\/v2\/types\/product"}],"replies":[{"embeddable":true,"href":"https:\/\/legiavanphongpham.com\/index.php\/wp-json\/wp\/v2\/comments?post=15895"}],"wp:featuredmedia":[{"embeddable":true,"href":"https:\/\/legiavanphongpham.com\/index.php\/wp-json\/wp\/v2\/media\/15896"}],"wp:attachment":[{"href":"https:\/\/legiavanphongpham.com\/index.php\/wp-json\/wp\/v2\/media?parent=15895"}],"wp:term":[{"taxonomy":"product_brand","embeddable":true,"href":"https:\/\/legiavanphongpham.com\/index.php\/wp-json\/wp\/v2\/product_brand?post=15895"},{"taxonomy":"product_cat","embeddable":true,"href":"https:\/\/legiavanphongpham.com\/index.php\/wp-json\/wp\/v2\/product_cat?post=15895"},{"taxonomy":"product_tag","embeddable":true,"href":"https:\/\/legiavanphongpham.com\/index.php\/wp-json\/wp\/v2\/product_tag?post=15895"}],"curies":[{"name":"wp","href":"https:\/\/api.w.org\/{rel}","templated":true}]}}