{"id":15899,"date":"2021-08-28T09:00:19","date_gmt":"2021-08-28T02:00:19","guid":{"rendered":"https:\/\/legiavanphongpham.com\/?post_type=product&#038;p=15899"},"modified":"2021-09-23T08:35:03","modified_gmt":"2021-09-23T01:35:03","slug":"clever-up-a4-70gsm","status":"publish","type":"product","link":"https:\/\/legiavanphongpham.com\/index.php\/product\/clever-up-a4-70gsm\/","title":{"rendered":"A4 70gsm CLEVER UP"},"content":{"rendered":"<ul>\n<li>\u0110\u01a1n v\u1ecb b\u00e1n: ream \/ 500 t\u1edd<\/li>\n<li>\u0110\u00f3ng g\u00f3i: Th\u00f9ng \/ 5 reams<\/li>\n<li>\u0110\u1ecbnh l\u01b0\u1ee3ng: 70gsm (d\u00e0y v\u1eeba ph\u1ea3i, gi\u1ea5y tr\u1eafng \u0111\u1eb9p, gi\u1ea5y in cao c\u1ea5p \u2013 ph\u00f9 h\u1ee3p in b\u1ea3ng v\u1ebd \u2013 h\u1ee3p \u0111\u1ed3ng)<\/li>\n<li>K\u00edch Th\u01b0\u1edbc: A4<\/li>\n<li>Bao g\u00f3i: Xanh l\u00e1 \u2013 \u0111en<\/li>\n<li>Th\u01b0\u01a1ng Hi\u1ec7u: Clever Up<\/li>\n<li>Xu\u1ea5t x\u1ee9: Vi\u1ec7t Nam (nh\u00e0 m\u00e1y B\u00e3i B\u1eb1ng)<\/li>\n<\/ul>\n","protected":false},"excerpt":{"rendered":"<p>\u0110\u01a1n v\u1ecb b\u00e1n: ream \/ 500 t\u1edd \u0110\u00f3ng g\u00f3i: Th\u00f9ng \/ 5 reams \u0110\u1ecbnh l\u01b0\u1ee3ng: 70gsm (d\u00e0y v\u1eeba ph\u1ea3i, gi\u1ea5y tr\u1eafng \u0111\u1eb9p, gi\u1ea5y in cao c\u1ea5p \u2013 ph\u00f9 h\u1ee3p in b\u1ea3ng v\u1ebd \u2013 h\u1ee3p \u0111\u1ed3ng) K\u00edch Th\u01b0\u1edbc: A4 Bao g\u00f3i: Xanh l\u00e1 \u2013 \u0111en Th\u01b0\u01a1ng Hi\u1ec7u: Clever Up Xu\u1ea5t x\u1ee9: Vi\u1ec7t Nam (nh\u00e0 m\u00e1y B\u00e3i [&hellip;]<\/p>\n","protected":false},"featured_media":15900,"comment_status":"open","ping_status":"closed","template":"","meta":[],"product_brand":[],"product_cat":[128],"product_tag":[],"class_list":{"0":"post-15899","1":"product","2":"type-product","3":"status-publish","4":"has-post-thumbnail","6":"product_cat-giay-photocopy","8":"first","9":"instock","10":"shipping-taxable","11":"purchasable","12":"product-type-simple"},"_links":{"self":[{"href":"https:\/\/legiavanphongpham.com\/index.php\/wp-json\/wp\/v2\/product\/15899","targetHints":{"allow":["GET"]}}],"collection":[{"href":"https:\/\/legiavanphongpham.com\/index.php\/wp-json\/wp\/v2\/product"}],"about":[{"href":"https:\/\/legiavanphongpham.com\/index.php\/wp-json\/wp\/v2\/types\/product"}],"replies":[{"embeddable":true,"href":"https:\/\/legiavanphongpham.com\/index.php\/wp-json\/wp\/v2\/comments?post=15899"}],"wp:featuredmedia":[{"embeddable":true,"href":"https:\/\/legiavanphongpham.com\/index.php\/wp-json\/wp\/v2\/media\/15900"}],"wp:attachment":[{"href":"https:\/\/legiavanphongpham.com\/index.php\/wp-json\/wp\/v2\/media?parent=15899"}],"wp:term":[{"taxonomy":"product_brand","embeddable":true,"href":"https:\/\/legiavanphongpham.com\/index.php\/wp-json\/wp\/v2\/product_brand?post=15899"},{"taxonomy":"product_cat","embeddable":true,"href":"https:\/\/legiavanphongpham.com\/index.php\/wp-json\/wp\/v2\/product_cat?post=15899"},{"taxonomy":"product_tag","embeddable":true,"href":"https:\/\/legiavanphongpham.com\/index.php\/wp-json\/wp\/v2\/product_tag?post=15899"}],"curies":[{"name":"wp","href":"https:\/\/api.w.org\/{rel}","templated":true}]}}