{"id":15901,"date":"2021-08-28T09:01:13","date_gmt":"2021-08-28T02:01:13","guid":{"rendered":"https:\/\/legiavanphongpham.com\/?post_type=product&#038;p=15901"},"modified":"2021-09-23T08:34:02","modified_gmt":"2021-09-23T01:34:02","slug":"a4-70-gsm-idea","status":"publish","type":"product","link":"https:\/\/legiavanphongpham.com\/index.php\/product\/a4-70-gsm-idea\/","title":{"rendered":"A4 70 GSM  IDEA"},"content":{"rendered":"<p style=\"margin: 0cm;margin-bottom: .0001pt;background: white\"><strong><span style=\"font-size: 10.0pt;font-family: 'Arial','sans-serif';color: black\">\u0110\u1eb7c \u0111i\u1ec3m:\u00a0<\/span><\/strong><span style=\"font-size: 10.0pt;font-family: 'Arial','sans-serif';color: black\">L\u00e0 lo\u1ea1i gi\u1ea5y ph\u1ed5 bi\u1ebfn v\u00e0 th\u00f4ng d\u1ee5ng, s\u1eed d\u1ee5ng \u0111\u1ec3 in &#8211; photo \u0111\u00f3ng th\u00e0nh cu\u1ed1n ho\u1eb7c d\u00f9ng l\u00e0m phi\u1ebfu thu &#8211; chi &#8211; xu\u1ea5t &#8211; nh\u1eadp &#8211; \u0111\u01a1n \u0111\u1eb7t h\u00e0ng, \u0111\u1ecbnh l\u01b0\u1ee3ng 70gsm.<\/span><\/p>\n<p style=\"margin: 0cm;margin-bottom: .0001pt;background: white\"><strong><span style=\"font-size: 10.0pt;font-family: 'Arial','sans-serif';color: black\">\u00a0<\/span><\/strong><\/p>\n<p style=\"margin: 0cm;margin-bottom: .0001pt;background: white\"><strong><span style=\"font-size: 10.0pt;font-family: 'Arial','sans-serif';color: black\">Ch\u1ea5t l\u01b0\u1ee3ng:<\/span><\/strong><span style=\"font-size: 10.0pt;font-family: 'Arial','sans-serif';color: black\">\u00a0\u0110\u1eb9p, tr\u1eafng, m\u1ecbn, l\u00e1ng.<\/p>\n<p><strong><span style=\"font-family: 'Arial','sans-serif'\">Quy c\u00e1ch:<\/span><\/strong>\u00a0Kh\u1ed5 A4<\/p>\n<p><strong><span style=\"font-family: 'Arial','sans-serif'\">Xu\u1ea5t x\u1ee9 : Th\u00e1i Lan<\/span><\/strong><\/span><\/p>\n","protected":false},"excerpt":{"rendered":"<p>\u0110\u1eb7c \u0111i\u1ec3m:\u00a0L\u00e0 lo\u1ea1i gi\u1ea5y ph\u1ed5 bi\u1ebfn v\u00e0 th\u00f4ng d\u1ee5ng, s\u1eed d\u1ee5ng \u0111\u1ec3 in &#8211; photo \u0111\u00f3ng th\u00e0nh cu\u1ed1n ho\u1eb7c d\u00f9ng l\u00e0m phi\u1ebfu thu &#8211; chi &#8211; xu\u1ea5t &#8211; nh\u1eadp &#8211; \u0111\u01a1n \u0111\u1eb7t h\u00e0ng, \u0111\u1ecbnh l\u01b0\u1ee3ng 70gsm. \u00a0 Ch\u1ea5t l\u01b0\u1ee3ng:\u00a0\u0110\u1eb9p, tr\u1eafng, m\u1ecbn, l\u00e1ng. Quy c\u00e1ch:\u00a0Kh\u1ed5 A4 Xu\u1ea5t x\u1ee9 : Th\u00e1i Lan<\/p>\n","protected":false},"featured_media":15902,"comment_status":"open","ping_status":"closed","template":"","meta":[],"product_brand":[],"product_cat":[128],"product_tag":[],"class_list":{"0":"post-15901","1":"product","2":"type-product","3":"status-publish","4":"has-post-thumbnail","6":"product_cat-giay-photocopy","8":"first","9":"instock","10":"shipping-taxable","11":"purchasable","12":"product-type-simple"},"_links":{"self":[{"href":"https:\/\/legiavanphongpham.com\/index.php\/wp-json\/wp\/v2\/product\/15901","targetHints":{"allow":["GET"]}}],"collection":[{"href":"https:\/\/legiavanphongpham.com\/index.php\/wp-json\/wp\/v2\/product"}],"about":[{"href":"https:\/\/legiavanphongpham.com\/index.php\/wp-json\/wp\/v2\/types\/product"}],"replies":[{"embeddable":true,"href":"https:\/\/legiavanphongpham.com\/index.php\/wp-json\/wp\/v2\/comments?post=15901"}],"wp:featuredmedia":[{"embeddable":true,"href":"https:\/\/legiavanphongpham.com\/index.php\/wp-json\/wp\/v2\/media\/15902"}],"wp:attachment":[{"href":"https:\/\/legiavanphongpham.com\/index.php\/wp-json\/wp\/v2\/media?parent=15901"}],"wp:term":[{"taxonomy":"product_brand","embeddable":true,"href":"https:\/\/legiavanphongpham.com\/index.php\/wp-json\/wp\/v2\/product_brand?post=15901"},{"taxonomy":"product_cat","embeddable":true,"href":"https:\/\/legiavanphongpham.com\/index.php\/wp-json\/wp\/v2\/product_cat?post=15901"},{"taxonomy":"product_tag","embeddable":true,"href":"https:\/\/legiavanphongpham.com\/index.php\/wp-json\/wp\/v2\/product_tag?post=15901"}],"curies":[{"name":"wp","href":"https:\/\/api.w.org\/{rel}","templated":true}]}}