{"id":15907,"date":"2021-08-28T09:05:59","date_gmt":"2021-08-28T02:05:59","guid":{"rendered":"https:\/\/legiavanphongpham.com\/?post_type=product&#038;p=15907"},"modified":"2021-09-23T08:32:31","modified_gmt":"2021-09-23T01:32:31","slug":"a4-70gsm-supreme","status":"publish","type":"product","link":"https:\/\/legiavanphongpham.com\/index.php\/product\/a4-70gsm-supreme\/","title":{"rendered":"A4 70GSM SUPREME"},"content":{"rendered":"<p>Gi\u1ea5y Supreme A4 70gsm l\u00e0 lo\u1ea1i gi\u1ea5y in cao c\u1ea5p, tr\u1eafng, \u0111\u1eb9p, th\u00edch h\u1ee3p v\u1edbi t\u1ea5t c\u1ea3 c\u00e1c lo\u1ea1i m\u00e1y in.<\/p>\n<p>&#8211; M\u1eb7t gi\u1ea5y l\u00e1ng m\u1ecbn c\u00f3 th\u1ec3 in hai m\u1eb7t m\u00e0 kh\u00f4ng b\u1ecb nh\u0103n v\u00e0 lem m\u1ef1c<\/p>\n<p>&#8211; \u0110\u1ed9 tr\u1eafng cao, h\u00ecnh \u1ea3nh in \u0111\u1eb9p v\u1edbi \u0111\u1ed9 t\u01b0\u01a1ng ph\u1ea3n v\u00e0 r\u00f5 n\u00e9t cao.<\/p>\n<p>&#8211; Kh\u1ed5 gi\u1ea5y chu\u1ea9n tuy\u1ec7t \u0111\u1ed1i ch\u00ednh x\u00e1c, \u0111\u1ea3m b\u1ea3o kh\u00f4ng b\u1ecb k\u1eb9t gi\u1ea5y khi in.<\/p>\n<p>&#8211; Gi\u1ea5y kh\u00f4ng b\u1ee5i, gi\u00fap \u0111\u1ea3m b\u1ea3o s\u1ee9c kh\u1ecfe ng\u01b0\u1eddi s\u1eed d\u1ee5ng v\u00e0 k\u00e9o d\u00e0i tu\u1ed5i th\u1ecd c\u1ee7a m\u00e1y<\/p>\n<p>&#8211; Ti\u1ec7n d\u1ee5ng v\u00e0 ph\u00f9 h\u1ee3p cho m\u1ecdi v\u0103n ph\u00f2ng trong nhu c\u1ea7u in \u1ea5n h\u00e0ng ng\u00e0y.<\/p>\n<p>&#8211; Quy c\u00e1ch: Kh\u1ed5 A4 &#8211; \u0110\u1ecbnh l\u01b0\u1ee3ng: 70gsm<\/p>\n<p>&#8211; \u0110\u00f3ng g\u00f3i: 5 ram\/th\u00f9ng (500 t\u1edd\/ram) &#8211; S\u1ea3n xu\u1ea5t t\u1ea1i : Th\u00e1i Lan<\/p>\n","protected":false},"excerpt":{"rendered":"<p>Gi\u1ea5y Supreme A4 70gsm l\u00e0 lo\u1ea1i gi\u1ea5y in cao c\u1ea5p, tr\u1eafng, \u0111\u1eb9p, th\u00edch h\u1ee3p v\u1edbi t\u1ea5t c\u1ea3 c\u00e1c lo\u1ea1i m\u00e1y in. &#8211; M\u1eb7t gi\u1ea5y l\u00e1ng m\u1ecbn c\u00f3 th\u1ec3 in hai m\u1eb7t m\u00e0 kh\u00f4ng b\u1ecb nh\u0103n v\u00e0 lem m\u1ef1c &#8211; \u0110\u1ed9 tr\u1eafng cao, h\u00ecnh \u1ea3nh in \u0111\u1eb9p v\u1edbi \u0111\u1ed9 t\u01b0\u01a1ng ph\u1ea3n v\u00e0 r\u00f5 n\u00e9t cao. &#8211; [&hellip;]<\/p>\n","protected":false},"featured_media":15908,"comment_status":"open","ping_status":"closed","template":"","meta":[],"product_brand":[],"product_cat":[128],"product_tag":[],"class_list":{"0":"post-15907","1":"product","2":"type-product","3":"status-publish","4":"has-post-thumbnail","6":"product_cat-giay-photocopy","8":"first","9":"instock","10":"shipping-taxable","11":"purchasable","12":"product-type-simple"},"_links":{"self":[{"href":"https:\/\/legiavanphongpham.com\/index.php\/wp-json\/wp\/v2\/product\/15907","targetHints":{"allow":["GET"]}}],"collection":[{"href":"https:\/\/legiavanphongpham.com\/index.php\/wp-json\/wp\/v2\/product"}],"about":[{"href":"https:\/\/legiavanphongpham.com\/index.php\/wp-json\/wp\/v2\/types\/product"}],"replies":[{"embeddable":true,"href":"https:\/\/legiavanphongpham.com\/index.php\/wp-json\/wp\/v2\/comments?post=15907"}],"wp:featuredmedia":[{"embeddable":true,"href":"https:\/\/legiavanphongpham.com\/index.php\/wp-json\/wp\/v2\/media\/15908"}],"wp:attachment":[{"href":"https:\/\/legiavanphongpham.com\/index.php\/wp-json\/wp\/v2\/media?parent=15907"}],"wp:term":[{"taxonomy":"product_brand","embeddable":true,"href":"https:\/\/legiavanphongpham.com\/index.php\/wp-json\/wp\/v2\/product_brand?post=15907"},{"taxonomy":"product_cat","embeddable":true,"href":"https:\/\/legiavanphongpham.com\/index.php\/wp-json\/wp\/v2\/product_cat?post=15907"},{"taxonomy":"product_tag","embeddable":true,"href":"https:\/\/legiavanphongpham.com\/index.php\/wp-json\/wp\/v2\/product_tag?post=15907"}],"curies":[{"name":"wp","href":"https:\/\/api.w.org\/{rel}","templated":true}]}}