{"id":15937,"date":"2021-08-28T09:14:39","date_gmt":"2021-08-28T02:14:39","guid":{"rendered":"https:\/\/legiavanphongpham.com\/?post_type=product&#038;p=15937"},"modified":"2021-08-28T09:14:39","modified_gmt":"2021-08-28T02:14:39","slug":"hp-laserjet-pro-mfp-m227sdn","status":"publish","type":"product","link":"https:\/\/legiavanphongpham.com\/index.php\/product\/hp-laserjet-pro-mfp-m227sdn\/","title":{"rendered":"HP LASERJET PRO MFP M227SDN"},"content":{"rendered":"<ul>\n<li>Thi\u1ebft k\u1ebf hi\u1ec7n \u0111\u1ea1i, ti\u1ebft ki\u1ec7m kh\u00f4ng gian<\/li>\n<li>T\u00edch h\u1ee3p 3 ch\u1ee9c n\u0103ng in, sao ch\u00e9p v\u00e0 qu\u00e9t d\u1eef li\u1ec7u<\/li>\n<li>T\u1ed1c \u0111\u1ed9 in 28 trang\/ph\u00fat nhanh ch\u00f3ng<\/li>\n<li>\u0110\u1ed9 ph\u00e2n gi\u1ea3i 1200 x 1200 dpi cho b\u1ea3n in s\u1eafc n\u00e9t<\/li>\n<li>Trang b\u1ecb c\u1ed5ng k\u1ebft n\u1ed1i USB 2.0<\/li>\n<\/ul>\n","protected":false},"excerpt":{"rendered":"<p>Thi\u1ebft k\u1ebf hi\u1ec7n \u0111\u1ea1i, ti\u1ebft ki\u1ec7m kh\u00f4ng gian T\u00edch h\u1ee3p 3 ch\u1ee9c n\u0103ng in, sao ch\u00e9p v\u00e0 qu\u00e9t d\u1eef li\u1ec7u T\u1ed1c \u0111\u1ed9 in 28 trang\/ph\u00fat nhanh ch\u00f3ng \u0110\u1ed9 ph\u00e2n gi\u1ea3i 1200 x 1200 dpi cho b\u1ea3n in s\u1eafc n\u00e9t Trang b\u1ecb c\u1ed5ng k\u1ebft n\u1ed1i USB 2.0<\/p>\n","protected":false},"featured_media":15928,"comment_status":"open","ping_status":"closed","template":"","meta":[],"product_brand":[],"product_cat":[172],"product_tag":[],"class_list":{"0":"post-15937","1":"product","2":"type-product","3":"status-publish","4":"has-post-thumbnail","6":"product_cat-may-in","8":"first","9":"instock","10":"shipping-taxable","11":"product-type-simple"},"_links":{"self":[{"href":"https:\/\/legiavanphongpham.com\/index.php\/wp-json\/wp\/v2\/product\/15937","targetHints":{"allow":["GET"]}}],"collection":[{"href":"https:\/\/legiavanphongpham.com\/index.php\/wp-json\/wp\/v2\/product"}],"about":[{"href":"https:\/\/legiavanphongpham.com\/index.php\/wp-json\/wp\/v2\/types\/product"}],"replies":[{"embeddable":true,"href":"https:\/\/legiavanphongpham.com\/index.php\/wp-json\/wp\/v2\/comments?post=15937"}],"wp:featuredmedia":[{"embeddable":true,"href":"https:\/\/legiavanphongpham.com\/index.php\/wp-json\/wp\/v2\/media\/15928"}],"wp:attachment":[{"href":"https:\/\/legiavanphongpham.com\/index.php\/wp-json\/wp\/v2\/media?parent=15937"}],"wp:term":[{"taxonomy":"product_brand","embeddable":true,"href":"https:\/\/legiavanphongpham.com\/index.php\/wp-json\/wp\/v2\/product_brand?post=15937"},{"taxonomy":"product_cat","embeddable":true,"href":"https:\/\/legiavanphongpham.com\/index.php\/wp-json\/wp\/v2\/product_cat?post=15937"},{"taxonomy":"product_tag","embeddable":true,"href":"https:\/\/legiavanphongpham.com\/index.php\/wp-json\/wp\/v2\/product_tag?post=15937"}],"curies":[{"name":"wp","href":"https:\/\/api.w.org\/{rel}","templated":true}]}}