{"id":15939,"date":"2021-08-28T09:16:21","date_gmt":"2021-08-28T02:16:21","guid":{"rendered":"https:\/\/legiavanphongpham.com\/?post_type=product&#038;p=15939"},"modified":"2021-08-28T09:16:21","modified_gmt":"2021-08-28T02:16:21","slug":"may-in-laser-trang-den-canon-lbp6030w","status":"publish","type":"product","link":"https:\/\/legiavanphongpham.com\/index.php\/product\/may-in-laser-trang-den-canon-lbp6030w\/","title":{"rendered":"M\u00e1y in laser tr\u1eafng \u0111en Canon LBP6030W"},"content":{"rendered":"<ul>\n<li>K\u1ebft n\u1ed1i kh\u00f4ng d\u00e2y Wifi d\u1ec5 d\u00e0ng h\u01a1n ch\u1ec9 v\u1edbi 1 n\u00fat nh\u1ea5n WPS<\/li>\n<li>D\u00f9ng m\u1ef1c Canon 325 ch\u00ednh h\u00e3ng k\u00e9o d\u00e0i tu\u1ed5i th\u1ecd c\u1ee7a m\u00e1y<\/li>\n<li>T\u1ed1c \u0111\u1ed9 in v\u01b0\u1ee3t tr\u1ed9i \u0111\u1ebfn 18 trang\/ph\u00fat gi\u1ea3i quy\u1ebft t\u1ed1t c\u00f4ng vi\u1ec7c<\/li>\n<li>Ch\u1ebf \u0111\u1ed9 ch\u1edd, t\u1eaft m\u00e1y t\u1ef1 \u0111\u1ed9ng khi kh\u00f4ng s\u1eed d\u1ee5ng ti\u1ebft ki\u1ec7m \u0111i\u1ec7n<\/li>\n<li>\u0110\u1ed9 ph\u00e2n gi\u1ea3i 600 x 600 dpi cho b\u1ea3n in r\u00f5 n\u00e9t<\/li>\n<li>C\u1ed5ng k\u1ebft n\u1ed1i USB 2.0 t\u01b0\u01a1ng th\u00edch m\u1ecdi h\u1ec7 \u0111i\u1ec1u h\u00e0nh Windows<\/li>\n<\/ul>\n","protected":false},"excerpt":{"rendered":"<p>K\u1ebft n\u1ed1i kh\u00f4ng d\u00e2y Wifi d\u1ec5 d\u00e0ng h\u01a1n ch\u1ec9 v\u1edbi 1 n\u00fat nh\u1ea5n WPS D\u00f9ng m\u1ef1c Canon 325 ch\u00ednh h\u00e3ng k\u00e9o d\u00e0i tu\u1ed5i th\u1ecd c\u1ee7a m\u00e1y T\u1ed1c \u0111\u1ed9 in v\u01b0\u1ee3t tr\u1ed9i \u0111\u1ebfn 18 trang\/ph\u00fat gi\u1ea3i quy\u1ebft t\u1ed1t c\u00f4ng vi\u1ec7c Ch\u1ebf \u0111\u1ed9 ch\u1edd, t\u1eaft m\u00e1y t\u1ef1 \u0111\u1ed9ng khi kh\u00f4ng s\u1eed d\u1ee5ng ti\u1ebft ki\u1ec7m \u0111i\u1ec7n \u0110\u1ed9 ph\u00e2n [&hellip;]<\/p>\n","protected":false},"featured_media":15915,"comment_status":"open","ping_status":"closed","template":"","meta":[],"product_brand":[],"product_cat":[172],"product_tag":[],"class_list":{"0":"post-15939","1":"product","2":"type-product","3":"status-publish","4":"has-post-thumbnail","6":"product_cat-may-in","8":"first","9":"instock","10":"shipping-taxable","11":"product-type-simple"},"_links":{"self":[{"href":"https:\/\/legiavanphongpham.com\/index.php\/wp-json\/wp\/v2\/product\/15939","targetHints":{"allow":["GET"]}}],"collection":[{"href":"https:\/\/legiavanphongpham.com\/index.php\/wp-json\/wp\/v2\/product"}],"about":[{"href":"https:\/\/legiavanphongpham.com\/index.php\/wp-json\/wp\/v2\/types\/product"}],"replies":[{"embeddable":true,"href":"https:\/\/legiavanphongpham.com\/index.php\/wp-json\/wp\/v2\/comments?post=15939"}],"wp:featuredmedia":[{"embeddable":true,"href":"https:\/\/legiavanphongpham.com\/index.php\/wp-json\/wp\/v2\/media\/15915"}],"wp:attachment":[{"href":"https:\/\/legiavanphongpham.com\/index.php\/wp-json\/wp\/v2\/media?parent=15939"}],"wp:term":[{"taxonomy":"product_brand","embeddable":true,"href":"https:\/\/legiavanphongpham.com\/index.php\/wp-json\/wp\/v2\/product_brand?post=15939"},{"taxonomy":"product_cat","embeddable":true,"href":"https:\/\/legiavanphongpham.com\/index.php\/wp-json\/wp\/v2\/product_cat?post=15939"},{"taxonomy":"product_tag","embeddable":true,"href":"https:\/\/legiavanphongpham.com\/index.php\/wp-json\/wp\/v2\/product_tag?post=15939"}],"curies":[{"name":"wp","href":"https:\/\/api.w.org\/{rel}","templated":true}]}}