{"id":15940,"date":"2021-08-28T09:17:37","date_gmt":"2021-08-28T02:17:37","guid":{"rendered":"https:\/\/legiavanphongpham.com\/?post_type=product&#038;p=15940"},"modified":"2021-08-28T09:17:37","modified_gmt":"2021-08-28T02:17:37","slug":"may-in-laser-da-nang-canon-mf3010","status":"publish","type":"product","link":"https:\/\/legiavanphongpham.com\/index.php\/product\/may-in-laser-da-nang-canon-mf3010\/","title":{"rendered":"M\u00e1y in laser \u0111a n\u0103ng Canon MF3010"},"content":{"rendered":"<ul>\n<li>\u0110a ch\u1ee9c n\u0103ng nh\u01b0 in, scan, copy gi\u1ea3i quy\u1ebft t\u1ed1t c\u00f4ng vi\u1ec7c<\/li>\n<li>D\u00f9ng m\u1ef1c Canon Cartridge 325 ch\u00ednh h\u00e3ng t\u0103ng tu\u1ed5i th\u1ecd c\u1ee7a m\u00e1y<\/li>\n<li>T\u1ed1c \u0111\u1ed9 in nhanh v\u1edbi 18 trang\/ph\u00fat, ti\u1ebft ki\u1ec7m th\u1eddi gian in \u1ea5n<\/li>\n<li>\u0110\u1ed9 ph\u00e2n gi\u1ea3i 1200 x 600 dpi \u0111em l\u1ea1i b\u1ea3n in r\u00f5 n\u00e9t, ch\u1ea5t l\u01b0\u1ee3ng<\/li>\n<li>Ch\u1ebf \u0111\u1ed9 ch\u1edd, t\u1eaft m\u00e1y t\u1ef1 \u0111\u1ed9ng khi kh\u00f4ng s\u1eed d\u1ee5ng ti\u1ebft ki\u1ec7m \u0111i\u1ec7n<\/li>\n<li>C\u1ed5ng k\u1ebft n\u1ed1i USB 2.0 t\u01b0\u01a1ng th\u00edch m\u1ecdi h\u1ec7 \u0111i\u1ec1u h\u00e0nh Windows<\/li>\n<li>C\u00f4ng ngh\u1ec7 s\u1ea5y theo nhu c\u1ea7u gi\u1ea3m ti\u00eau hao n\u0103ng l\u01b0\u1ee3ng<\/li>\n<\/ul>\n","protected":false},"excerpt":{"rendered":"<p>\u0110a ch\u1ee9c n\u0103ng nh\u01b0 in, scan, copy gi\u1ea3i quy\u1ebft t\u1ed1t c\u00f4ng vi\u1ec7c D\u00f9ng m\u1ef1c Canon Cartridge 325 ch\u00ednh h\u00e3ng t\u0103ng tu\u1ed5i th\u1ecd c\u1ee7a m\u00e1y T\u1ed1c \u0111\u1ed9 in nhanh v\u1edbi 18 trang\/ph\u00fat, ti\u1ebft ki\u1ec7m th\u1eddi gian in \u1ea5n \u0110\u1ed9 ph\u00e2n gi\u1ea3i 1200 x 600 dpi \u0111em l\u1ea1i b\u1ea3n in r\u00f5 n\u00e9t, ch\u1ea5t l\u01b0\u1ee3ng Ch\u1ebf \u0111\u1ed9 ch\u1edd, [&hellip;]<\/p>\n","protected":false},"featured_media":15914,"comment_status":"open","ping_status":"closed","template":"","meta":[],"product_brand":[],"product_cat":[172],"product_tag":[],"class_list":{"0":"post-15940","1":"product","2":"type-product","3":"status-publish","4":"has-post-thumbnail","6":"product_cat-may-in","8":"first","9":"instock","10":"shipping-taxable","11":"product-type-simple"},"_links":{"self":[{"href":"https:\/\/legiavanphongpham.com\/index.php\/wp-json\/wp\/v2\/product\/15940","targetHints":{"allow":["GET"]}}],"collection":[{"href":"https:\/\/legiavanphongpham.com\/index.php\/wp-json\/wp\/v2\/product"}],"about":[{"href":"https:\/\/legiavanphongpham.com\/index.php\/wp-json\/wp\/v2\/types\/product"}],"replies":[{"embeddable":true,"href":"https:\/\/legiavanphongpham.com\/index.php\/wp-json\/wp\/v2\/comments?post=15940"}],"wp:featuredmedia":[{"embeddable":true,"href":"https:\/\/legiavanphongpham.com\/index.php\/wp-json\/wp\/v2\/media\/15914"}],"wp:attachment":[{"href":"https:\/\/legiavanphongpham.com\/index.php\/wp-json\/wp\/v2\/media?parent=15940"}],"wp:term":[{"taxonomy":"product_brand","embeddable":true,"href":"https:\/\/legiavanphongpham.com\/index.php\/wp-json\/wp\/v2\/product_brand?post=15940"},{"taxonomy":"product_cat","embeddable":true,"href":"https:\/\/legiavanphongpham.com\/index.php\/wp-json\/wp\/v2\/product_cat?post=15940"},{"taxonomy":"product_tag","embeddable":true,"href":"https:\/\/legiavanphongpham.com\/index.php\/wp-json\/wp\/v2\/product_tag?post=15940"}],"curies":[{"name":"wp","href":"https:\/\/api.w.org\/{rel}","templated":true}]}}