{"id":15941,"date":"2021-08-28T09:22:59","date_gmt":"2021-08-28T02:22:59","guid":{"rendered":"https:\/\/legiavanphongpham.com\/?post_type=product&#038;p=15941"},"modified":"2021-08-28T09:22:59","modified_gmt":"2021-08-28T02:22:59","slug":"may-in-canon-mf244dw","status":"publish","type":"product","link":"https:\/\/legiavanphongpham.com\/index.php\/product\/may-in-canon-mf244dw\/","title":{"rendered":"M\u00e1y in Canon MF244DW"},"content":{"rendered":"<ul>\n<li><a href=\"https:\/\/www.nguyenkim.com\/top-5-may-in-laser-ban-chay-nhat-thang-2-tai-nguyen-kim.html\"><strong>M\u00e1y in<\/strong><\/a>s\u1edf h\u1eefu thi\u1ebft k\u1ebf nh\u1ecf g\u1ecdn, d\u1ec5 d\u00e0ng \u0111\u1eb7t m\u1ecdi n\u01a1i trong v\u0103n ph\u00f2ng<\/li>\n<li>\u0110\u1ed9 ph\u00e2n gi\u1ea3i 1200 x 1200dpi, h\u1ed7 tr\u1ee3 b\u1ea1n in \u1ea5n v\u0103n b\u1ea3n s\u1eafc n\u00e9t<\/li>\n<li>T\u1ed1c \u0111\u1ed9 in 27 trang\/ph\u00fat, ho\u00e0n th\u00e0nh c\u00f4ng vi\u1ec7c nhanh ch\u00f3ng<\/li>\n<li>T\u00ednh n\u0103ng in \u0111\u1ea3o m\u1eb7t t\u1ef1 \u0111\u1ed9ng, b\u1ea3o v\u1ec7 m\u00f4i tr\u01b0\u1eddng, ti\u1ebft ki\u1ec7m gi\u1ea5y<\/li>\n<li>K\u1ebft n\u1ed1i tr\u1ef1c ti\u1ebfp v\u00e0 kh\u00f4ng d\u00e2y, truy\u1ec1n t\u1ea3i d\u1eef li\u1ec7u \u1ed5n \u0111\u1ecbnh<\/li>\n<\/ul>\n<p>&nbsp;<\/p>\n","protected":false},"excerpt":{"rendered":"<p>M\u00e1y ins\u1edf h\u1eefu thi\u1ebft k\u1ebf nh\u1ecf g\u1ecdn, d\u1ec5 d\u00e0ng \u0111\u1eb7t m\u1ecdi n\u01a1i trong v\u0103n ph\u00f2ng \u0110\u1ed9 ph\u00e2n gi\u1ea3i 1200 x 1200dpi, h\u1ed7 tr\u1ee3 b\u1ea1n in \u1ea5n v\u0103n b\u1ea3n s\u1eafc n\u00e9t T\u1ed1c \u0111\u1ed9 in 27 trang\/ph\u00fat, ho\u00e0n th\u00e0nh c\u00f4ng vi\u1ec7c nhanh ch\u00f3ng T\u00ednh n\u0103ng in \u0111\u1ea3o m\u1eb7t t\u1ef1 \u0111\u1ed9ng, b\u1ea3o v\u1ec7 m\u00f4i tr\u01b0\u1eddng, ti\u1ebft ki\u1ec7m gi\u1ea5y [&hellip;]<\/p>\n","protected":false},"featured_media":15923,"comment_status":"open","ping_status":"closed","template":"","meta":[],"product_brand":[],"product_cat":[172],"product_tag":[],"class_list":{"0":"post-15941","1":"product","2":"type-product","3":"status-publish","4":"has-post-thumbnail","6":"product_cat-may-in","8":"first","9":"instock","10":"shipping-taxable","11":"product-type-simple"},"_links":{"self":[{"href":"https:\/\/legiavanphongpham.com\/index.php\/wp-json\/wp\/v2\/product\/15941","targetHints":{"allow":["GET"]}}],"collection":[{"href":"https:\/\/legiavanphongpham.com\/index.php\/wp-json\/wp\/v2\/product"}],"about":[{"href":"https:\/\/legiavanphongpham.com\/index.php\/wp-json\/wp\/v2\/types\/product"}],"replies":[{"embeddable":true,"href":"https:\/\/legiavanphongpham.com\/index.php\/wp-json\/wp\/v2\/comments?post=15941"}],"wp:featuredmedia":[{"embeddable":true,"href":"https:\/\/legiavanphongpham.com\/index.php\/wp-json\/wp\/v2\/media\/15923"}],"wp:attachment":[{"href":"https:\/\/legiavanphongpham.com\/index.php\/wp-json\/wp\/v2\/media?parent=15941"}],"wp:term":[{"taxonomy":"product_brand","embeddable":true,"href":"https:\/\/legiavanphongpham.com\/index.php\/wp-json\/wp\/v2\/product_brand?post=15941"},{"taxonomy":"product_cat","embeddable":true,"href":"https:\/\/legiavanphongpham.com\/index.php\/wp-json\/wp\/v2\/product_cat?post=15941"},{"taxonomy":"product_tag","embeddable":true,"href":"https:\/\/legiavanphongpham.com\/index.php\/wp-json\/wp\/v2\/product_tag?post=15941"}],"curies":[{"name":"wp","href":"https:\/\/api.w.org\/{rel}","templated":true}]}}