{"id":15942,"date":"2021-08-28T09:24:24","date_gmt":"2021-08-28T02:24:24","guid":{"rendered":"https:\/\/legiavanphongpham.com\/?post_type=product&#038;p=15942"},"modified":"2021-08-28T09:24:24","modified_gmt":"2021-08-28T02:24:24","slug":"may-in-laser-trang-den-hp-m404dn","status":"publish","type":"product","link":"https:\/\/legiavanphongpham.com\/index.php\/product\/may-in-laser-trang-den-hp-m404dn\/","title":{"rendered":"M\u00e1y in laser tr\u1eafng \u0111en HP M404DN"},"content":{"rendered":"<ul>\n<li>Thi\u1ebft k\u1ebf nh\u1ecf g\u1ecdn, sang tr\u1ecdng, ti\u1ebft ki\u1ec7m kh\u00f4ng gian l\u00e0m vi\u1ec7c<\/li>\n<li>Ch\u1ee9c n\u0103ng in 2 m\u1eb7t t\u1ef1 \u0111\u1ed9ng gi\u00fap gi\u1ea3m l\u01b0\u1ee3ng gi\u1ea5y s\u1eed d\u1ee5ng<\/li>\n<li>T\u1ed1c \u0111\u1ed9 in tr\u1eafng \u0111en nhanh 38 trang\/ph\u00fat, ti\u1ebft ki\u1ec7m th\u1eddi gian<\/li>\n<li>\u0110\u1ed9 ph\u00e2n gi\u1ea3i\u00a01200 x 1200 dpi cho ch\u1ea5t l\u01b0\u1ee3ng b\u1ea3n in r\u00f5 n\u00e9t<\/li>\n<li>M\u00e0n h\u00ecnh LCD 2 d\u00f2ng tr\u1ef1c quan, d\u1ec5 d\u00e0ng thao t\u00e1c s\u1eed d\u1ee5ng<\/li>\n<\/ul>\n","protected":false},"excerpt":{"rendered":"<p>Thi\u1ebft k\u1ebf nh\u1ecf g\u1ecdn, sang tr\u1ecdng, ti\u1ebft ki\u1ec7m kh\u00f4ng gian l\u00e0m vi\u1ec7c Ch\u1ee9c n\u0103ng in 2 m\u1eb7t t\u1ef1 \u0111\u1ed9ng gi\u00fap gi\u1ea3m l\u01b0\u1ee3ng gi\u1ea5y s\u1eed d\u1ee5ng T\u1ed1c \u0111\u1ed9 in tr\u1eafng \u0111en nhanh 38 trang\/ph\u00fat, ti\u1ebft ki\u1ec7m th\u1eddi gian \u0110\u1ed9 ph\u00e2n gi\u1ea3i\u00a01200 x 1200 dpi cho ch\u1ea5t l\u01b0\u1ee3ng b\u1ea3n in r\u00f5 n\u00e9t M\u00e0n h\u00ecnh LCD 2 d\u00f2ng [&hellip;]<\/p>\n","protected":false},"featured_media":15924,"comment_status":"open","ping_status":"closed","template":"","meta":[],"product_brand":[],"product_cat":[172],"product_tag":[],"class_list":{"0":"post-15942","1":"product","2":"type-product","3":"status-publish","4":"has-post-thumbnail","6":"product_cat-may-in","8":"first","9":"instock","10":"shipping-taxable","11":"product-type-simple"},"_links":{"self":[{"href":"https:\/\/legiavanphongpham.com\/index.php\/wp-json\/wp\/v2\/product\/15942","targetHints":{"allow":["GET"]}}],"collection":[{"href":"https:\/\/legiavanphongpham.com\/index.php\/wp-json\/wp\/v2\/product"}],"about":[{"href":"https:\/\/legiavanphongpham.com\/index.php\/wp-json\/wp\/v2\/types\/product"}],"replies":[{"embeddable":true,"href":"https:\/\/legiavanphongpham.com\/index.php\/wp-json\/wp\/v2\/comments?post=15942"}],"wp:featuredmedia":[{"embeddable":true,"href":"https:\/\/legiavanphongpham.com\/index.php\/wp-json\/wp\/v2\/media\/15924"}],"wp:attachment":[{"href":"https:\/\/legiavanphongpham.com\/index.php\/wp-json\/wp\/v2\/media?parent=15942"}],"wp:term":[{"taxonomy":"product_brand","embeddable":true,"href":"https:\/\/legiavanphongpham.com\/index.php\/wp-json\/wp\/v2\/product_brand?post=15942"},{"taxonomy":"product_cat","embeddable":true,"href":"https:\/\/legiavanphongpham.com\/index.php\/wp-json\/wp\/v2\/product_cat?post=15942"},{"taxonomy":"product_tag","embeddable":true,"href":"https:\/\/legiavanphongpham.com\/index.php\/wp-json\/wp\/v2\/product_tag?post=15942"}],"curies":[{"name":"wp","href":"https:\/\/api.w.org\/{rel}","templated":true}]}}