{"id":15943,"date":"2021-08-28T09:25:45","date_gmt":"2021-08-28T02:25:45","guid":{"rendered":"https:\/\/legiavanphongpham.com\/?post_type=product&#038;p=15943"},"modified":"2021-08-28T09:25:45","modified_gmt":"2021-08-28T02:25:45","slug":"may-in-laser-trang-den-da-chuc-nang-hp-135a-4zb82a","status":"publish","type":"product","link":"https:\/\/legiavanphongpham.com\/index.php\/product\/may-in-laser-trang-den-da-chuc-nang-hp-135a-4zb82a\/","title":{"rendered":"M\u00e1y in laser tr\u1eafng \u0111en \u0111a ch\u1ee9c n\u0103ng HP 135A-4ZB82A"},"content":{"rendered":"<ul>\n<li>M\u00e1y in \u0111a ch\u1ee9c n\u0103ng d\u00f9ng \u0111\u1ec3 in, scan, photocopy ti\u1ec7n l\u1ee3i<\/li>\n<li>Thi\u1ebft k\u1ebf nh\u1ecf g\u1ecdn, ki\u1ec3u d\u00e1ng sang tr\u1ecdng, ti\u1ebft ki\u1ec7m kh\u00f4ng gian<\/li>\n<li>M\u00e1y c\u00f3 t\u1ed1c \u0111\u1ed9 in cao l\u00ean \u0111\u1ebfn 20 trang\/ph\u00fat ti\u1ebft ki\u1ec7m th\u1eddi gian in<\/li>\n<li>\u0110\u1ed9 ph\u00e2n gi\u1ea3i t\u1ed1i \u0111a\u00a01200 x 1200 dpi cho ch\u1ea5t l\u01b0\u1ee3ng b\u1ea3n in r\u00f5 n\u00e9t<\/li>\n<li>M\u00e1y ch\u1ec9 s\u1eed d\u1ee5ng h\u1ed9p m\u1ef1c ch\u00ednh h\u00e3ng \u0111\u1ebfn t\u1eeb HP, t\u0103ng \u0111\u1ed9 b\u1ec1n b\u1ec9<\/li>\n<\/ul>\n","protected":false},"excerpt":{"rendered":"<p>M\u00e1y in \u0111a ch\u1ee9c n\u0103ng d\u00f9ng \u0111\u1ec3 in, scan, photocopy ti\u1ec7n l\u1ee3i Thi\u1ebft k\u1ebf nh\u1ecf g\u1ecdn, ki\u1ec3u d\u00e1ng sang tr\u1ecdng, ti\u1ebft ki\u1ec7m kh\u00f4ng gian M\u00e1y c\u00f3 t\u1ed1c \u0111\u1ed9 in cao l\u00ean \u0111\u1ebfn 20 trang\/ph\u00fat ti\u1ebft ki\u1ec7m th\u1eddi gian in \u0110\u1ed9 ph\u00e2n gi\u1ea3i t\u1ed1i \u0111a\u00a01200 x 1200 dpi cho ch\u1ea5t l\u01b0\u1ee3ng b\u1ea3n in r\u00f5 n\u00e9t M\u00e1y [&hellip;]<\/p>\n","protected":false},"featured_media":15934,"comment_status":"open","ping_status":"closed","template":"","meta":[],"product_brand":[],"product_cat":[172],"product_tag":[],"class_list":{"0":"post-15943","1":"product","2":"type-product","3":"status-publish","4":"has-post-thumbnail","6":"product_cat-may-in","8":"first","9":"instock","10":"shipping-taxable","11":"product-type-simple"},"_links":{"self":[{"href":"https:\/\/legiavanphongpham.com\/index.php\/wp-json\/wp\/v2\/product\/15943","targetHints":{"allow":["GET"]}}],"collection":[{"href":"https:\/\/legiavanphongpham.com\/index.php\/wp-json\/wp\/v2\/product"}],"about":[{"href":"https:\/\/legiavanphongpham.com\/index.php\/wp-json\/wp\/v2\/types\/product"}],"replies":[{"embeddable":true,"href":"https:\/\/legiavanphongpham.com\/index.php\/wp-json\/wp\/v2\/comments?post=15943"}],"wp:featuredmedia":[{"embeddable":true,"href":"https:\/\/legiavanphongpham.com\/index.php\/wp-json\/wp\/v2\/media\/15934"}],"wp:attachment":[{"href":"https:\/\/legiavanphongpham.com\/index.php\/wp-json\/wp\/v2\/media?parent=15943"}],"wp:term":[{"taxonomy":"product_brand","embeddable":true,"href":"https:\/\/legiavanphongpham.com\/index.php\/wp-json\/wp\/v2\/product_brand?post=15943"},{"taxonomy":"product_cat","embeddable":true,"href":"https:\/\/legiavanphongpham.com\/index.php\/wp-json\/wp\/v2\/product_cat?post=15943"},{"taxonomy":"product_tag","embeddable":true,"href":"https:\/\/legiavanphongpham.com\/index.php\/wp-json\/wp\/v2\/product_tag?post=15943"}],"curies":[{"name":"wp","href":"https:\/\/api.w.org\/{rel}","templated":true}]}}