{"id":15960,"date":"2021-08-28T09:34:29","date_gmt":"2021-08-28T02:34:29","guid":{"rendered":"https:\/\/legiavanphongpham.com\/?post_type=product&#038;p=15960"},"modified":"2021-08-28T09:34:29","modified_gmt":"2021-08-28T02:34:29","slug":"camera-ip-hong-ngoai-2-0-megapixel-avtech-dgm2103sv","status":"publish","type":"product","link":"https:\/\/legiavanphongpham.com\/index.php\/product\/camera-ip-hong-ngoai-2-0-megapixel-avtech-dgm2103sv\/","title":{"rendered":"Camera IP h\u1ed3ng ngo\u1ea1i 2.0 Megapixel AVTECH DGM2103SV"},"content":{"rendered":"<p style=\"margin: 0cm;margin-bottom: .0001pt;background: white\"><span style=\"font-size: 10.5pt;font-family: 'Arial','sans-serif';color: #333333\">&#8211; C\u1ea3m bi\u1ebfn h\u00ecnh \u1ea3nh: 1\/2.8 inch CMOS.<\/span><\/p>\n<p style=\"margin: 0cm;margin-bottom: .0001pt;background: white\"><span style=\"font-size: 10.5pt;font-family: 'Arial','sans-serif';color: #333333\">&#8211; \u0110\u1ed9 ph\u00e2n gi\u1ea3i\u00a0<\/span><a href=\"https:\/\/www.sieuthivienthong.com\/camera-ip-hikvision.html\"><b><span style=\"font-size: 10.5pt;font-family: 'Arial','sans-serif';color: #337ab7\">camera ip<\/span><\/b><\/a><span style=\"font-size: 10.5pt;font-family: 'Arial','sans-serif';color: #333333\">: 2MP (1080@30fps\/1080@25fps).<\/span><\/p>\n<p style=\"margin: 0cm;margin-bottom: .0001pt;background: white\"><span style=\"font-size: 10.5pt;font-family: 'Arial','sans-serif';color: #333333\">&#8211; \u0110\u1ed9 nh\u1ea1y s\u00e1ng t\u1ed1i thi\u1ec3u: 0.001 Lux \/ F1.6, 0 Lux (IR LED ON).<\/span><\/p>\n<p style=\"margin: 0cm;margin-bottom: .0001pt;background: white\"><span style=\"font-size: 10.5pt;font-family: 'Arial','sans-serif';color: #333333\">&#8211; T\u1ea7m quan s\u00e1t h\u1ed3ng ngo\u1ea1i: 25 m\u00e9t.<\/span><\/p>\n<p style=\"margin: 0cm;margin-bottom: .0001pt;background: white\"><span style=\"font-size: 10.5pt;font-family: 'Arial','sans-serif';color: #333333\">&#8211; \u1ed0ng k\u00ednh: f3.6m\/F1.6; F2.8mm\/F1.6.<\/span><\/p>\n<p style=\"margin: 0cm;margin-bottom: .0001pt;background: white\"><span style=\"font-size: 10.5pt;font-family: 'Arial','sans-serif';color: #333333\">&#8211; \u0110\u00e8n led tr\u1eafng: 2 led.<\/span><\/p>\n<p style=\"margin: 0cm;margin-bottom: .0001pt;background: white\"><span style=\"font-size: 10.5pt;font-family: 'Arial','sans-serif';color: #333333\">&#8211; Ch\u1ee9c n\u0103ng ch\u1ed1ng ng\u01b0\u1ee3c s\u00e1ng DWDR.<\/span><\/p>\n<p style=\"margin: 0cm;margin-bottom: .0001pt;background: white\"><span style=\"font-size: 10.5pt;font-family: 'Arial','sans-serif';color: #333333\">&#8211; S\u1ed1 ng\u01b0\u1eddi online: 10.<\/span><\/p>\n<p style=\"margin: 0cm;margin-bottom: .0001pt;background: white\"><span style=\"font-size: 10.5pt;font-family: 'Arial','sans-serif';color: #333333\">&#8211; Th\u00f4ng b\u00e1o s\u1ef1 ki\u1ec7n: FTP\/ Email\/ SMS<\/span><\/p>\n<p style=\"margin: 0cm;margin-bottom: .0001pt;background: white\"><span style=\"font-size: 10.5pt;font-family: 'Arial','sans-serif';color: #333333\">&#8211; H\u1ed7 tr\u1ee3 d\u00f9ng tr\u00ean iPad, iPod, iPhone v\u00e0 c\u00e1c thi\u1ebft b\u1ecb s\u1eed d\u1ee5ng h\u1ec7 \u0111i\u1ec1u h\u00e0nh Android.<\/span><\/p>\n<p style=\"margin: 0cm;margin-bottom: .0001pt;background: white\"><span style=\"font-size: 10.5pt;font-family: 'Arial','sans-serif';color: #333333\">&#8211; Ngu\u1ed3n \u0111i\u1ec7n (\u00b110%): 12V\/1A &#8211; PoE.<\/span><\/p>\n","protected":false},"excerpt":{"rendered":"<p>&#8211; C\u1ea3m bi\u1ebfn h\u00ecnh \u1ea3nh: 1\/2.8 inch CMOS. &#8211; \u0110\u1ed9 ph\u00e2n gi\u1ea3i\u00a0camera ip: 2MP (1080@30fps\/1080@25fps). &#8211; \u0110\u1ed9 nh\u1ea1y s\u00e1ng t\u1ed1i thi\u1ec3u: 0.001 Lux \/ F1.6, 0 Lux (IR LED ON). &#8211; T\u1ea7m quan s\u00e1t h\u1ed3ng ngo\u1ea1i: 25 m\u00e9t. &#8211; \u1ed0ng k\u00ednh: f3.6m\/F1.6; F2.8mm\/F1.6. &#8211; \u0110\u00e8n led tr\u1eafng: 2 led. &#8211; Ch\u1ee9c n\u0103ng ch\u1ed1ng ng\u01b0\u1ee3c s\u00e1ng [&hellip;]<\/p>\n","protected":false},"featured_media":15950,"comment_status":"open","ping_status":"closed","template":"","meta":[],"product_brand":[],"product_cat":[198],"product_tag":[],"class_list":{"0":"post-15960","1":"product","2":"type-product","3":"status-publish","4":"has-post-thumbnail","6":"product_cat-camera","8":"first","9":"instock","10":"shipping-taxable","11":"product-type-simple"},"_links":{"self":[{"href":"https:\/\/legiavanphongpham.com\/index.php\/wp-json\/wp\/v2\/product\/15960","targetHints":{"allow":["GET"]}}],"collection":[{"href":"https:\/\/legiavanphongpham.com\/index.php\/wp-json\/wp\/v2\/product"}],"about":[{"href":"https:\/\/legiavanphongpham.com\/index.php\/wp-json\/wp\/v2\/types\/product"}],"replies":[{"embeddable":true,"href":"https:\/\/legiavanphongpham.com\/index.php\/wp-json\/wp\/v2\/comments?post=15960"}],"wp:featuredmedia":[{"embeddable":true,"href":"https:\/\/legiavanphongpham.com\/index.php\/wp-json\/wp\/v2\/media\/15950"}],"wp:attachment":[{"href":"https:\/\/legiavanphongpham.com\/index.php\/wp-json\/wp\/v2\/media?parent=15960"}],"wp:term":[{"taxonomy":"product_brand","embeddable":true,"href":"https:\/\/legiavanphongpham.com\/index.php\/wp-json\/wp\/v2\/product_brand?post=15960"},{"taxonomy":"product_cat","embeddable":true,"href":"https:\/\/legiavanphongpham.com\/index.php\/wp-json\/wp\/v2\/product_cat?post=15960"},{"taxonomy":"product_tag","embeddable":true,"href":"https:\/\/legiavanphongpham.com\/index.php\/wp-json\/wp\/v2\/product_tag?post=15960"}],"curies":[{"name":"wp","href":"https:\/\/api.w.org\/{rel}","templated":true}]}}