{"id":15963,"date":"2021-08-28T09:36:34","date_gmt":"2021-08-28T02:36:34","guid":{"rendered":"https:\/\/legiavanphongpham.com\/?post_type=product&#038;p=15963"},"modified":"2021-08-28T09:36:34","modified_gmt":"2021-08-28T02:36:34","slug":"camera-ahd-hong-ngoai-2-0-megapixel-vantech-vph-a203-pir","status":"publish","type":"product","link":"https:\/\/legiavanphongpham.com\/index.php\/product\/camera-ahd-hong-ngoai-2-0-megapixel-vantech-vph-a203-pir\/","title":{"rendered":"Camera AHD h\u1ed3ng ngo\u1ea1i 2.0 Megapixel VANTECH VPH-A203 PIR"},"content":{"rendered":"<p style=\"margin: 0cm;margin-bottom: .0001pt;background: white\"><span style=\"font-size: 10.5pt;font-family: 'Arial','sans-serif';color: #333333\">\u00a0-C\u00f4ng ngh\u1ec7 AHD (Analog High Definition) l\u00e0 c\u00f4ng ngh\u1ec7 Analog c\u00f3 \u0111\u1ed9 n\u00e9t cao. C\u00f3 kh\u1ea3 n\u0103ng truy\u1ec1n t\u1ea3i d\u1eef li\u1ec7u v\u1edbi kho\u1ea3ng c\u00e1ch truy\u1ec1n d\u00e0i t\u1eeb 300 &#8211; 500 m\u00e9t.<\/span><\/p>\n<p style=\"margin: 0cm;margin-bottom: .0001pt;background: white\"><span style=\"font-size: 10.5pt;font-family: 'Arial','sans-serif';color: #333333\">&#8211; C\u1ea3m bi\u1ebfn h\u00ecnh \u1ea3nh: 1\/2.9 inch Progressive CMOS.<\/span><\/p>\n<p style=\"margin: 0cm;margin-bottom: .0001pt;background: white\"><span style=\"font-size: 10.5pt;font-family: 'Arial','sans-serif';color: #333333\">&#8211; \u0110\u1ed9 ph\u00e2n gi\u1ea3i: 2.0 Megapixel.<\/span><\/p>\n<p style=\"margin: 0cm;margin-bottom: .0001pt;background: white\"><span style=\"font-size: 10.5pt;font-family: 'Arial','sans-serif';color: #333333\">&#8211; \u1ed0ng k\u00ednh: 3.6mm\/ 6mm.<\/span><\/p>\n<p style=\"margin: 0cm;margin-bottom: .0001pt;background: white\"><span style=\"font-size: 10.5pt;font-family: 'Arial','sans-serif';color: #333333\">&#8211; T\u1ea7m quan s\u00e1t h\u1ed3ng ngo\u1ea1i: 30 m\u00e9t.<\/span><\/p>\n<p style=\"margin: 0cm;margin-bottom: .0001pt;background: white\"><span style=\"font-size: 10.5pt;font-family: 'Arial','sans-serif';color: #333333\">&#8211; H\u1ed7 tr\u1ee3 c\u1ea3m bi\u1ebfn chuy\u1ec3n \u0111\u1ed9ng PIR trong kho\u1ea3ng c\u00e1ch 7 m\u00e9t v\u00e0 g\u00f3c qu\u00e9t r\u1ed9ng 120\u00ba.<\/span><\/p>\n<p style=\"margin: 0cm;margin-bottom: .0001pt;background: white\"><span style=\"font-size: 10.5pt;font-family: 'Arial','sans-serif';color: #333333\">&#8211; Ch\u1ee9c n\u0103ng\u00a0<\/span><a href=\"https:\/\/www.sieuthivienthong.com\/camera-quan-sat.html\" target=\"_blank\" rel=\"noopener\"><b><span style=\"font-size: 10.5pt;font-family: 'Arial','sans-serif';color: #337ab7\">camera quan s\u00e1t<\/span><\/b><\/a><span style=\"font-size: 10.5pt;font-family: 'Arial','sans-serif';color: #333333\">\u00a0Ng\u00e0y v\u00e0 \u0110\u00eam (ICR).<\/span><\/p>\n<p style=\"margin: 0cm;margin-bottom: .0001pt;background: white\"><span style=\"font-size: 10.5pt;font-family: 'Arial','sans-serif';color: #333333\">&#8211; 1 channel BNC Video output.<\/span><\/p>\n<p style=\"margin: 0cm;margin-bottom: .0001pt;background: white\"><span style=\"font-size: 10.5pt;font-family: 'Arial','sans-serif';color: #333333\">&#8211; Ngu\u1ed3n \u0111i\u1ec7n: 12VDC \u00b1 10%\/ Max 4.2W.<\/span><\/p>\n<p style=\"margin: 0cm;margin-bottom: .0001pt;background: white\"><span style=\"font-size: 10.5pt;font-family: 'Arial','sans-serif';color: #333333\">&#8211; Ti\u00eau chu\u1ea9n ch\u1ed1ng n\u01b0\u1edbc v\u00e0 b\u1ee5i: IP66 (th\u00edch h\u1ee3p s\u1eed d\u1ee5ng trong nh\u00e0 v\u00e0 ngo\u00e0i tr\u1eddi).<\/span><\/p>\n","protected":false},"excerpt":{"rendered":"<p>\u00a0-C\u00f4ng ngh\u1ec7 AHD (Analog High Definition) l\u00e0 c\u00f4ng ngh\u1ec7 Analog c\u00f3 \u0111\u1ed9 n\u00e9t cao. C\u00f3 kh\u1ea3 n\u0103ng truy\u1ec1n t\u1ea3i d\u1eef li\u1ec7u v\u1edbi kho\u1ea3ng c\u00e1ch truy\u1ec1n d\u00e0i t\u1eeb 300 &#8211; 500 m\u00e9t. &#8211; C\u1ea3m bi\u1ebfn h\u00ecnh \u1ea3nh: 1\/2.9 inch Progressive CMOS. &#8211; \u0110\u1ed9 ph\u00e2n gi\u1ea3i: 2.0 Megapixel. &#8211; \u1ed0ng k\u00ednh: 3.6mm\/ 6mm. &#8211; T\u1ea7m quan s\u00e1t [&hellip;]<\/p>\n","protected":false},"featured_media":15956,"comment_status":"open","ping_status":"closed","template":"","meta":[],"product_brand":[],"product_cat":[198],"product_tag":[],"class_list":{"0":"post-15963","1":"product","2":"type-product","3":"status-publish","4":"has-post-thumbnail","6":"product_cat-camera","8":"first","9":"instock","10":"shipping-taxable","11":"product-type-simple"},"_links":{"self":[{"href":"https:\/\/legiavanphongpham.com\/index.php\/wp-json\/wp\/v2\/product\/15963","targetHints":{"allow":["GET"]}}],"collection":[{"href":"https:\/\/legiavanphongpham.com\/index.php\/wp-json\/wp\/v2\/product"}],"about":[{"href":"https:\/\/legiavanphongpham.com\/index.php\/wp-json\/wp\/v2\/types\/product"}],"replies":[{"embeddable":true,"href":"https:\/\/legiavanphongpham.com\/index.php\/wp-json\/wp\/v2\/comments?post=15963"}],"wp:featuredmedia":[{"embeddable":true,"href":"https:\/\/legiavanphongpham.com\/index.php\/wp-json\/wp\/v2\/media\/15956"}],"wp:attachment":[{"href":"https:\/\/legiavanphongpham.com\/index.php\/wp-json\/wp\/v2\/media?parent=15963"}],"wp:term":[{"taxonomy":"product_brand","embeddable":true,"href":"https:\/\/legiavanphongpham.com\/index.php\/wp-json\/wp\/v2\/product_brand?post=15963"},{"taxonomy":"product_cat","embeddable":true,"href":"https:\/\/legiavanphongpham.com\/index.php\/wp-json\/wp\/v2\/product_cat?post=15963"},{"taxonomy":"product_tag","embeddable":true,"href":"https:\/\/legiavanphongpham.com\/index.php\/wp-json\/wp\/v2\/product_tag?post=15963"}],"curies":[{"name":"wp","href":"https:\/\/api.w.org\/{rel}","templated":true}]}}