{"id":15965,"date":"2021-08-28T09:41:06","date_gmt":"2021-08-28T02:41:06","guid":{"rendered":"https:\/\/legiavanphongpham.com\/?post_type=product&#038;p=15965"},"modified":"2021-08-28T09:41:06","modified_gmt":"2021-08-28T02:41:06","slug":"camera-ahd-hong-ngoai-vantech-vp-200as","status":"publish","type":"product","link":"https:\/\/legiavanphongpham.com\/index.php\/product\/camera-ahd-hong-ngoai-vantech-vp-200as\/","title":{"rendered":"Camera AHD h\u1ed3ng ngo\u1ea1i VANTECH VP-200AS"},"content":{"rendered":"<p>-C\u00f4ng ngh\u1ec7 AHD (Analog High Definition) l\u00e0 c\u00f4ng ngh\u1ec7 Analog c\u00f3 \u0111\u1ed9 n\u00e9t cao. C\u00f3 kh\u1ea3 n\u0103ng truy\u1ec1n t\u1ea3i d\u1eef li\u1ec7u v\u1edbi kho\u1ea3ng c\u00e1ch truy\u1ec1n d\u00e0i t\u1eeb 300 &#8211; 500 m\u00e9t.<br \/>\n-\u0110\u1ed9 ph\u00e2n gi\u1ea3i: 2.0 Megapixel.<br \/>\n-\u1ed0ng k\u00ednh: 3.6mm (t\u00f9y ch\u1ecdn 6, 8, 12mm).<br \/>\n-S\u1ed1 \u0111\u00e8n LED h\u1ed3ng ngo\u1ea1i: 6 \u0111\u00e8n Smart IR LED.<br \/>\n-T\u1ea7m quan s\u00e1t h\u1ed3ng ngo\u1ea1i: 40 \u2013 50 m\u00e9t.<br \/>\n-Ch\u1ee9c n\u0103ng\u00a0<a href=\"https:\/\/www.sieuthivienthong.com\/camera-quan-sat.html\"><strong>camera quan s\u00e1t<\/strong><\/a>\u00a0Ng\u00e0y v\u00e0 \u0110\u00eam (ICR).<br \/>\n-Ch\u1ee9c n\u0103ng c\u00e2n b\u1eb1ng \u00e1nh s\u00e1ng AWB.<br \/>\n-Ch\u1ee9c n\u0103ng ch\u1ed1ng ng\u01b0\u1ee3c s\u00e1ng D-WDR, BLC.<br \/>\n-Ch\u1ee9c n\u0103ng gi\u1ea3m nhi\u1ec5u s\u1ed1 3D-DNR.<br \/>\n-Ch\u1ee9c n\u0103ng ph\u00e1t hi\u1ec7n chuy\u1ec3n \u0111\u1ed9ng.<br \/>\n-Ch\u1ee9c n\u0103ng ph\u00e1t hi\u1ec7n v\u00f9ng ri\u00eang t\u01b0.<br \/>\n-Ch\u1ee9c n\u0103ng ch\u1ed1ng s\u01b0\u01a1ng m\u00f9 Defog.<br \/>\n-Ngu\u1ed3n \u0111i\u1ec7n: 12VDC.<\/p>\n","protected":false},"excerpt":{"rendered":"<p>-C\u00f4ng ngh\u1ec7 AHD (Analog High Definition) l\u00e0 c\u00f4ng ngh\u1ec7 Analog c\u00f3 \u0111\u1ed9 n\u00e9t cao. C\u00f3 kh\u1ea3 n\u0103ng truy\u1ec1n t\u1ea3i d\u1eef li\u1ec7u v\u1edbi kho\u1ea3ng c\u00e1ch truy\u1ec1n d\u00e0i t\u1eeb 300 &#8211; 500 m\u00e9t. -\u0110\u1ed9 ph\u00e2n gi\u1ea3i: 2.0 Megapixel. -\u1ed0ng k\u00ednh: 3.6mm (t\u00f9y ch\u1ecdn 6, 8, 12mm). -S\u1ed1 \u0111\u00e8n LED h\u1ed3ng ngo\u1ea1i: 6 \u0111\u00e8n Smart IR LED. -T\u1ea7m [&hellip;]<\/p>\n","protected":false},"featured_media":15954,"comment_status":"open","ping_status":"closed","template":"","meta":[],"product_brand":[],"product_cat":[198],"product_tag":[],"class_list":{"0":"post-15965","1":"product","2":"type-product","3":"status-publish","4":"has-post-thumbnail","6":"product_cat-camera","8":"first","9":"instock","10":"shipping-taxable","11":"product-type-simple"},"_links":{"self":[{"href":"https:\/\/legiavanphongpham.com\/index.php\/wp-json\/wp\/v2\/product\/15965","targetHints":{"allow":["GET"]}}],"collection":[{"href":"https:\/\/legiavanphongpham.com\/index.php\/wp-json\/wp\/v2\/product"}],"about":[{"href":"https:\/\/legiavanphongpham.com\/index.php\/wp-json\/wp\/v2\/types\/product"}],"replies":[{"embeddable":true,"href":"https:\/\/legiavanphongpham.com\/index.php\/wp-json\/wp\/v2\/comments?post=15965"}],"wp:featuredmedia":[{"embeddable":true,"href":"https:\/\/legiavanphongpham.com\/index.php\/wp-json\/wp\/v2\/media\/15954"}],"wp:attachment":[{"href":"https:\/\/legiavanphongpham.com\/index.php\/wp-json\/wp\/v2\/media?parent=15965"}],"wp:term":[{"taxonomy":"product_brand","embeddable":true,"href":"https:\/\/legiavanphongpham.com\/index.php\/wp-json\/wp\/v2\/product_brand?post=15965"},{"taxonomy":"product_cat","embeddable":true,"href":"https:\/\/legiavanphongpham.com\/index.php\/wp-json\/wp\/v2\/product_cat?post=15965"},{"taxonomy":"product_tag","embeddable":true,"href":"https:\/\/legiavanphongpham.com\/index.php\/wp-json\/wp\/v2\/product_tag?post=15965"}],"curies":[{"name":"wp","href":"https:\/\/api.w.org\/{rel}","templated":true}]}}