{"id":15966,"date":"2021-08-28T09:42:04","date_gmt":"2021-08-28T02:42:04","guid":{"rendered":"https:\/\/legiavanphongpham.com\/?post_type=product&#038;p=15966"},"modified":"2021-08-28T09:42:04","modified_gmt":"2021-08-28T02:42:04","slug":"camera-dtv-hong-ngoai-4k-vantech-vp-6022dtv","status":"publish","type":"product","link":"https:\/\/legiavanphongpham.com\/index.php\/product\/camera-dtv-hong-ngoai-4k-vantech-vp-6022dtv\/","title":{"rendered":"Camera DTV h\u1ed3ng ngo\u1ea1i 4K VANTECH VP-6022DTV"},"content":{"rendered":"<p style=\"margin: 0cm;margin-bottom: .0001pt;background: white\"><span style=\"font-size: 10.5pt;font-family: 'Arial','sans-serif';color: #333333\">&#8211; Camera DTV Ultra HD 4K cho h\u00ecnh \u1ea3nh si\u00eau n\u00e9t.<\/span><\/p>\n<p style=\"margin: 0cm;margin-bottom: .0001pt;background: white\"><span style=\"font-size: 10.5pt;font-family: 'Arial','sans-serif';color: #333333\">&#8211; \u0110\u1ed9 ph\u00e2n gi\u1ea3i: 4.0 Megapixel (2048 x 1944).<\/span><\/p>\n<p style=\"margin: 0cm;margin-bottom: .0001pt;background: white\"><span style=\"font-size: 10.5pt;font-family: 'Arial','sans-serif';color: #333333\">&#8211; Chu\u1ea9n n\u00e9n h\u00ecnh \u1ea3nh: H.265.<\/span><\/p>\n<p style=\"margin: 0cm;margin-bottom: .0001pt;background: white\"><span style=\"font-size: 10.5pt;font-family: 'Arial','sans-serif';color: #333333\">&#8211; \u1ed0ng k\u00ednh: 3.6mm (t\u00f9y ch\u1ecdn 6, 8, 12mm).<\/span><\/p>\n<p style=\"margin: 0cm;margin-bottom: .0001pt;background: white\"><span style=\"font-size: 10.5pt;font-family: 'Arial','sans-serif';color: #333333\">&#8211; T\u1ea7m quan s\u00e1t h\u1ed3ng ngo\u1ea1i: 30-40 m\u00e9t.<\/span><\/p>\n<p style=\"margin: 0cm;margin-bottom: .0001pt;background: white\"><span style=\"font-size: 10.5pt;font-family: 'Arial','sans-serif';color: #333333\">&#8211; S\u1ed1 LED h\u1ed3ng ngo\u1ea1i: 5 pcs Array LED.<\/span><\/p>\n<p style=\"margin: 0cm;margin-bottom: .0001pt;background: white\"><span style=\"font-size: 10.5pt;font-family: 'Arial','sans-serif';color: #333333\">&#8211; Kh\u1ea3 n\u0103ng truy\u1ec1n t\u1ea3i t\u1ed1c \u0111\u1ed9 v\u1edbi kho\u1ea3ng c\u00e1ch t\u1eeb 500 \u0111\u1ebfn 800 m\u00e9t.<\/span><\/p>\n<p style=\"margin: 0cm;margin-bottom: .0001pt;background: white\"><span style=\"font-size: 10.5pt;font-family: 'Arial','sans-serif';color: #333333\">&#8211; Ch\u1ee9c n\u0103ng\u00a0<\/span><a href=\"https:\/\/www.sieuthivienthong.com\/camera-quan-sat.html\" target=\"_blank\" rel=\"noopener\"><b><span style=\"font-size: 10.5pt;font-family: 'Arial','sans-serif';color: #337ab7\">camera quan s\u00e1t<\/span><\/b><\/a><span style=\"font-size: 10.5pt;font-family: 'Arial','sans-serif';color: #333333\">\u00a0ng\u00e0y \u0111\u00eam ICR.<\/span><\/p>\n<p style=\"margin: 0cm;margin-bottom: .0001pt;background: white\"><span style=\"font-size: 10.5pt;font-family: 'Arial','sans-serif';color: #333333\">&#8211; Ch\u1ee9c n\u0103ng t\u1ef1 \u0111\u1ed9ng c\u00e2n b\u1eb1ng \u00e1nh s\u00e1ng tr\u1eafng AWB.<\/span><\/p>\n<p style=\"margin: 0cm;margin-bottom: .0001pt;background: white\"><span style=\"font-size: 10.5pt;font-family: 'Arial','sans-serif';color: #333333\">&#8211; Ch\u1ee9c n\u0103ng gi\u1ea3m nhi\u1ec5u k\u1ef9 thu\u1eadt s\u1ed1 3D-DNR Dynamic Noise Reduction.<\/span><\/p>\n<p style=\"margin: 0cm;margin-bottom: .0001pt;background: white\"><span style=\"font-size: 10.5pt;font-family: 'Arial','sans-serif';color: #333333\">&#8211; Ch\u1ee9c n\u0103ng t\u1ef1 \u0111\u1ed9ng \u0111i\u1ec1u ch\u1ec9nh \u0111\u1ed9 l\u1ee3i AGC.<\/span><\/p>\n<p style=\"margin: 0cm;margin-bottom: .0001pt;background: white\"><span style=\"font-size: 10.5pt;font-family: 'Arial','sans-serif';color: #333333\">&#8211; Ch\u1ee9c n\u0103ng ch\u1ed1ng ng\u01b0\u1ee3c s\u00e1ng BLC.<\/span><\/p>\n","protected":false},"excerpt":{"rendered":"<p>&#8211; Camera DTV Ultra HD 4K cho h\u00ecnh \u1ea3nh si\u00eau n\u00e9t. &#8211; \u0110\u1ed9 ph\u00e2n gi\u1ea3i: 4.0 Megapixel (2048 x 1944). &#8211; Chu\u1ea9n n\u00e9n h\u00ecnh \u1ea3nh: H.265. &#8211; \u1ed0ng k\u00ednh: 3.6mm (t\u00f9y ch\u1ecdn 6, 8, 12mm). &#8211; T\u1ea7m quan s\u00e1t h\u1ed3ng ngo\u1ea1i: 30-40 m\u00e9t. &#8211; S\u1ed1 LED h\u1ed3ng ngo\u1ea1i: 5 pcs Array LED. &#8211; Kh\u1ea3 n\u0103ng [&hellip;]<\/p>\n","protected":false},"featured_media":15946,"comment_status":"open","ping_status":"closed","template":"","meta":[],"product_brand":[],"product_cat":[198],"product_tag":[],"class_list":{"0":"post-15966","1":"product","2":"type-product","3":"status-publish","4":"has-post-thumbnail","6":"product_cat-camera","8":"first","9":"instock","10":"shipping-taxable","11":"product-type-simple"},"_links":{"self":[{"href":"https:\/\/legiavanphongpham.com\/index.php\/wp-json\/wp\/v2\/product\/15966","targetHints":{"allow":["GET"]}}],"collection":[{"href":"https:\/\/legiavanphongpham.com\/index.php\/wp-json\/wp\/v2\/product"}],"about":[{"href":"https:\/\/legiavanphongpham.com\/index.php\/wp-json\/wp\/v2\/types\/product"}],"replies":[{"embeddable":true,"href":"https:\/\/legiavanphongpham.com\/index.php\/wp-json\/wp\/v2\/comments?post=15966"}],"wp:featuredmedia":[{"embeddable":true,"href":"https:\/\/legiavanphongpham.com\/index.php\/wp-json\/wp\/v2\/media\/15946"}],"wp:attachment":[{"href":"https:\/\/legiavanphongpham.com\/index.php\/wp-json\/wp\/v2\/media?parent=15966"}],"wp:term":[{"taxonomy":"product_brand","embeddable":true,"href":"https:\/\/legiavanphongpham.com\/index.php\/wp-json\/wp\/v2\/product_brand?post=15966"},{"taxonomy":"product_cat","embeddable":true,"href":"https:\/\/legiavanphongpham.com\/index.php\/wp-json\/wp\/v2\/product_cat?post=15966"},{"taxonomy":"product_tag","embeddable":true,"href":"https:\/\/legiavanphongpham.com\/index.php\/wp-json\/wp\/v2\/product_tag?post=15966"}],"curies":[{"name":"wp","href":"https:\/\/api.w.org\/{rel}","templated":true}]}}