{"id":15995,"date":"2021-08-28T10:05:39","date_gmt":"2021-08-28T03:05:39","guid":{"rendered":"https:\/\/legiavanphongpham.com\/?post_type=product&#038;p=15995"},"modified":"2021-08-28T10:05:39","modified_gmt":"2021-08-28T03:05:39","slug":"may-fax-laser-da-nang-brother-2840-in-copy-fax","status":"publish","type":"product","link":"https:\/\/legiavanphongpham.com\/index.php\/product\/may-fax-laser-da-nang-brother-2840-in-copy-fax\/","title":{"rendered":"M\u00e1y fax laser \u0111a n\u0103ng Brother 2840 (In\/ Copy\/ Fax)"},"content":{"rendered":"<ul>\n<li><strong>Lo\u1ea1i m\u00e1y:\u00a0<\/strong>M\u00e1y fax laser \u0111a n\u0103ng Brother<\/li>\n<li><strong>Ch\u1ee9c n\u0103ng chu\u1ea9n:<\/strong>In \u2013 Copy \u2013 Fax<\/li>\n<li><strong>Kh\u1ed5 gi\u1ea5y:<\/strong>T\u1ed1i \u0111a A4<\/li>\n<li><strong>T\u1ed1c \u0111\u1ed9 in:<\/strong>20 trang\/ph\u00fat<\/li>\n<li><strong>T\u1ed1c \u0111\u1ed9 fax:\u00a0<\/strong>3 gi\u00e2y\/trang.<\/li>\n<li><strong>C\u1ed5ng giao ti\u1ebfp:<\/strong>USB\/ LAN<\/li>\n<li><strong>Du\u0300ng m\u1ef1c:<\/strong>Brother TN-2280 (2.600 trang)<\/li>\n<li><strong>B\u1ea3o h\u00e0nh:\u00a0<\/strong>12 th\u00e1ng t\u1ea1i n\u01a1i s\u1eed d\u1ee5ng<\/li>\n<li><strong>T\u00ecnh tr\u1ea1ng m\u00e1y:<\/strong>100% m\u1edbi, nguy\u00ean tem, nguy\u00ean h\u1ed9p, CO\/CQ<\/li>\n<\/ul>\n","protected":false},"excerpt":{"rendered":"<p>Lo\u1ea1i m\u00e1y:\u00a0M\u00e1y fax laser \u0111a n\u0103ng Brother Ch\u1ee9c n\u0103ng chu\u1ea9n:In \u2013 Copy \u2013 Fax Kh\u1ed5 gi\u1ea5y:T\u1ed1i \u0111a A4 T\u1ed1c \u0111\u1ed9 in:20 trang\/ph\u00fat T\u1ed1c \u0111\u1ed9 fax:\u00a03 gi\u00e2y\/trang. C\u1ed5ng giao ti\u1ebfp:USB\/ LAN Du\u0300ng m\u1ef1c:Brother TN-2280 (2.600 trang) B\u1ea3o h\u00e0nh:\u00a012 th\u00e1ng t\u1ea1i n\u01a1i s\u1eed d\u1ee5ng T\u00ecnh tr\u1ea1ng m\u00e1y:100% m\u1edbi, nguy\u00ean tem, nguy\u00ean h\u1ed9p, CO\/CQ<\/p>\n","protected":false},"featured_media":15998,"comment_status":"open","ping_status":"closed","template":"","meta":[],"product_brand":[],"product_cat":[175],"product_tag":[],"class_list":{"0":"post-15995","1":"product","2":"type-product","3":"status-publish","4":"has-post-thumbnail","6":"product_cat-may-fax","8":"first","9":"instock","10":"shipping-taxable","11":"product-type-simple"},"_links":{"self":[{"href":"https:\/\/legiavanphongpham.com\/index.php\/wp-json\/wp\/v2\/product\/15995","targetHints":{"allow":["GET"]}}],"collection":[{"href":"https:\/\/legiavanphongpham.com\/index.php\/wp-json\/wp\/v2\/product"}],"about":[{"href":"https:\/\/legiavanphongpham.com\/index.php\/wp-json\/wp\/v2\/types\/product"}],"replies":[{"embeddable":true,"href":"https:\/\/legiavanphongpham.com\/index.php\/wp-json\/wp\/v2\/comments?post=15995"}],"wp:featuredmedia":[{"embeddable":true,"href":"https:\/\/legiavanphongpham.com\/index.php\/wp-json\/wp\/v2\/media\/15998"}],"wp:attachment":[{"href":"https:\/\/legiavanphongpham.com\/index.php\/wp-json\/wp\/v2\/media?parent=15995"}],"wp:term":[{"taxonomy":"product_brand","embeddable":true,"href":"https:\/\/legiavanphongpham.com\/index.php\/wp-json\/wp\/v2\/product_brand?post=15995"},{"taxonomy":"product_cat","embeddable":true,"href":"https:\/\/legiavanphongpham.com\/index.php\/wp-json\/wp\/v2\/product_cat?post=15995"},{"taxonomy":"product_tag","embeddable":true,"href":"https:\/\/legiavanphongpham.com\/index.php\/wp-json\/wp\/v2\/product_tag?post=15995"}],"curies":[{"name":"wp","href":"https:\/\/api.w.org\/{rel}","templated":true}]}}