{"id":16007,"date":"2021-08-28T10:08:26","date_gmt":"2021-08-28T03:08:26","guid":{"rendered":"https:\/\/legiavanphongpham.com\/?post_type=product&#038;p=16007"},"modified":"2021-08-28T10:08:27","modified_gmt":"2021-08-28T03:08:27","slug":"may-in-da-nang-hp-laser-137fnw-in-scan-copy-fax-wifi","status":"publish","type":"product","link":"https:\/\/legiavanphongpham.com\/index.php\/product\/may-in-da-nang-hp-laser-137fnw-in-scan-copy-fax-wifi\/","title":{"rendered":"M\u00e1y in \u0111a n\u0103ng HP Laser 137fnw (In\/ Scan\/ Copy\/ Fax + WiFi)"},"content":{"rendered":"<ul>\n<li><strong>Lo\u1ea1i m\u00e1y:\u00a0<\/strong>M\u00e1y in laser \u0111en tr\u1eafng \u0111a ch\u1ee9c n\u0103ng HP<\/li>\n<li><strong>Ch\u1ee9c n\u0103ng chu\u1ea9n:<\/strong>In \u2013 Copy \u2013 Scan \u2013 Fax\u00a0\u2013 LAN \u2013 WiFi<\/li>\n<li><strong>Kh\u1ed5 gi\u1ea5y:<\/strong>T\u1ed1i \u0111a A4<\/li>\n<li><strong>T\u1ed1c \u0111\u1ed9 in:<\/strong>20 trang\/ph\u00fat<\/li>\n<li><strong>C\u1ed5ng giao ti\u1ebfp:<\/strong>USB\/ LAN\/ WiFi<\/li>\n<li><strong>Du\u0300ng m\u1ef1c:<\/strong>HP W1107A (1.000 trang)<\/li>\n<li><strong>Khay n\u1ea1p b\u1ea3n g\u1ed1c t\u1ef1 \u0111\u1ed9ng (ADF):<\/strong>40 t\u1edd<\/li>\n<li><strong>B\u1ea3o h\u00e0nh:\u00a0<\/strong>12 th\u00e1ng t\u1ea1i n\u01a1i s\u1eed d\u1ee5ng<\/li>\n<li><strong>T\u00ecnh tr\u1ea1ng m\u00e1y:<\/strong>100% m\u1edbi, nguy\u00ean tem, nguy\u00ean h\u1ed9p, CO\/CQ<\/li>\n<\/ul>\n","protected":false},"excerpt":{"rendered":"<p>Lo\u1ea1i m\u00e1y:\u00a0M\u00e1y in laser \u0111en tr\u1eafng \u0111a ch\u1ee9c n\u0103ng HP Ch\u1ee9c n\u0103ng chu\u1ea9n:In \u2013 Copy \u2013 Scan \u2013 Fax\u00a0\u2013 LAN \u2013 WiFi Kh\u1ed5 gi\u1ea5y:T\u1ed1i \u0111a A4 T\u1ed1c \u0111\u1ed9 in:20 trang\/ph\u00fat C\u1ed5ng giao ti\u1ebfp:USB\/ LAN\/ WiFi Du\u0300ng m\u1ef1c:HP W1107A (1.000 trang) Khay n\u1ea1p b\u1ea3n g\u1ed1c t\u1ef1 \u0111\u1ed9ng (ADF):40 t\u1edd B\u1ea3o h\u00e0nh:\u00a012 th\u00e1ng t\u1ea1i n\u01a1i s\u1eed d\u1ee5ng [&hellip;]<\/p>\n","protected":false},"featured_media":15999,"comment_status":"open","ping_status":"closed","template":"","meta":[],"product_brand":[],"product_cat":[175],"product_tag":[],"class_list":{"0":"post-16007","1":"product","2":"type-product","3":"status-publish","4":"has-post-thumbnail","6":"product_cat-may-fax","8":"first","9":"instock","10":"shipping-taxable","11":"product-type-simple"},"_links":{"self":[{"href":"https:\/\/legiavanphongpham.com\/index.php\/wp-json\/wp\/v2\/product\/16007","targetHints":{"allow":["GET"]}}],"collection":[{"href":"https:\/\/legiavanphongpham.com\/index.php\/wp-json\/wp\/v2\/product"}],"about":[{"href":"https:\/\/legiavanphongpham.com\/index.php\/wp-json\/wp\/v2\/types\/product"}],"replies":[{"embeddable":true,"href":"https:\/\/legiavanphongpham.com\/index.php\/wp-json\/wp\/v2\/comments?post=16007"}],"wp:featuredmedia":[{"embeddable":true,"href":"https:\/\/legiavanphongpham.com\/index.php\/wp-json\/wp\/v2\/media\/15999"}],"wp:attachment":[{"href":"https:\/\/legiavanphongpham.com\/index.php\/wp-json\/wp\/v2\/media?parent=16007"}],"wp:term":[{"taxonomy":"product_brand","embeddable":true,"href":"https:\/\/legiavanphongpham.com\/index.php\/wp-json\/wp\/v2\/product_brand?post=16007"},{"taxonomy":"product_cat","embeddable":true,"href":"https:\/\/legiavanphongpham.com\/index.php\/wp-json\/wp\/v2\/product_cat?post=16007"},{"taxonomy":"product_tag","embeddable":true,"href":"https:\/\/legiavanphongpham.com\/index.php\/wp-json\/wp\/v2\/product_tag?post=16007"}],"curies":[{"name":"wp","href":"https:\/\/api.w.org\/{rel}","templated":true}]}}