{"id":16011,"date":"2021-08-28T10:12:17","date_gmt":"2021-08-28T03:12:17","guid":{"rendered":"https:\/\/legiavanphongpham.com\/?post_type=product&#038;p=16011"},"modified":"2021-08-28T10:12:18","modified_gmt":"2021-08-28T03:12:18","slug":"may-cham-cong-ronald-jack-dg600id","status":"publish","type":"product","link":"https:\/\/legiavanphongpham.com\/index.php\/product\/may-cham-cong-ronald-jack-dg600id\/","title":{"rendered":"M\u00e1y ch\u1ea5m c\u00f4ng Ronald Jack DG600ID"},"content":{"rendered":"<p>-C\u00f4ng ngh\u1ec7 m\u1edbi nh\u1ea5t 2015<br \/>\n-T\u00ean s\u1ea3n ph\u1ea9m: Ronald Jack\u00a0 DG-600ID<\/p>\n<p>-M\u00e0n h\u00ecnh: 2.8 &#8220;TFT<br \/>\n-C\u00f4ng su\u1ea5t v\u00e2n tay: 1000 d\u1ea5u v\u00e2n tay + 1000 Th\u1ebb c\u1ea3m \u1ee9ng<br \/>\n-M\u1ed7i ng\u01b0\u1eddi c\u00f3 th\u1ec3 khai b\u00e1o 10 d\u1ea5u v\u00e2n tay<br \/>\n-Dung l\u01b0\u1ee3ng b\u1ed9 nh\u1edb: 80000 l\u1ea7n giao d\u1ecbch<\/p>\n","protected":false},"excerpt":{"rendered":"<p>-C\u00f4ng ngh\u1ec7 m\u1edbi nh\u1ea5t 2015 -T\u00ean s\u1ea3n ph\u1ea9m: Ronald Jack\u00a0 DG-600ID -M\u00e0n h\u00ecnh: 2.8 &#8220;TFT -C\u00f4ng su\u1ea5t v\u00e2n tay: 1000 d\u1ea5u v\u00e2n tay + 1000 Th\u1ebb c\u1ea3m \u1ee9ng -M\u1ed7i ng\u01b0\u1eddi c\u00f3 th\u1ec3 khai b\u00e1o 10 d\u1ea5u v\u00e2n tay -Dung l\u01b0\u1ee3ng b\u1ed9 nh\u1edb: 80000 l\u1ea7n giao d\u1ecbch<\/p>\n","protected":false},"featured_media":16021,"comment_status":"open","ping_status":"closed","template":"","meta":[],"product_brand":[],"product_cat":[176],"product_tag":[],"class_list":{"0":"post-16011","1":"product","2":"type-product","3":"status-publish","4":"has-post-thumbnail","6":"product_cat-may-cham-cong","8":"first","9":"instock","10":"shipping-taxable","11":"product-type-simple"},"_links":{"self":[{"href":"https:\/\/legiavanphongpham.com\/index.php\/wp-json\/wp\/v2\/product\/16011","targetHints":{"allow":["GET"]}}],"collection":[{"href":"https:\/\/legiavanphongpham.com\/index.php\/wp-json\/wp\/v2\/product"}],"about":[{"href":"https:\/\/legiavanphongpham.com\/index.php\/wp-json\/wp\/v2\/types\/product"}],"replies":[{"embeddable":true,"href":"https:\/\/legiavanphongpham.com\/index.php\/wp-json\/wp\/v2\/comments?post=16011"}],"wp:featuredmedia":[{"embeddable":true,"href":"https:\/\/legiavanphongpham.com\/index.php\/wp-json\/wp\/v2\/media\/16021"}],"wp:attachment":[{"href":"https:\/\/legiavanphongpham.com\/index.php\/wp-json\/wp\/v2\/media?parent=16011"}],"wp:term":[{"taxonomy":"product_brand","embeddable":true,"href":"https:\/\/legiavanphongpham.com\/index.php\/wp-json\/wp\/v2\/product_brand?post=16011"},{"taxonomy":"product_cat","embeddable":true,"href":"https:\/\/legiavanphongpham.com\/index.php\/wp-json\/wp\/v2\/product_cat?post=16011"},{"taxonomy":"product_tag","embeddable":true,"href":"https:\/\/legiavanphongpham.com\/index.php\/wp-json\/wp\/v2\/product_tag?post=16011"}],"curies":[{"name":"wp","href":"https:\/\/api.w.org\/{rel}","templated":true}]}}