{"id":16026,"date":"2021-08-28T10:13:22","date_gmt":"2021-08-28T03:13:22","guid":{"rendered":"https:\/\/legiavanphongpham.com\/?post_type=product&#038;p=16026"},"modified":"2021-08-28T10:13:22","modified_gmt":"2021-08-28T03:13:22","slug":"may-cham-cong-ronald-jack-rj2500","status":"publish","type":"product","link":"https:\/\/legiavanphongpham.com\/index.php\/product\/may-cham-cong-ronald-jack-rj2500\/","title":{"rendered":"M\u00e1y ch\u1ea5m c\u00f4ng Ronald jack RJ2500"},"content":{"rendered":"<p>Dung l\u01b0\u1ee3ng b\u1ed9 nh\u1edb: 2000 v\u00e2n tay<br \/>\nDung l\u01b0\u1ee3ng ch\u1ea5m c\u00f4ng: 80 000 l\u1ea7n<br \/>\nM\u00e0n h\u00ecnh hi\u1ec3n th\u1ecb: M\u00e0n h\u00ecnh LCD<br \/>\nB\u00e0n ph\u00edm : 16 ph\u00edm s\u1ed1<br \/>\n\u0110\u00e8n hi\u1ec7u: LED 2 m\u00e0u: Xanh v\u00e0 \u0111\u1ecf<br \/>\nK\u1ebft n\u1ed1i v\u1edbi m\u00e1y vi t\u00ednh: RS232\/RS485 \u2013 TCP\/IP ( RJ-45)<br \/>\nNg\u00f4n ng\u1eef: Ti\u1ebfng Anh<br \/>\nL\u00e1y d\u1eef li\u1ec7u t\u1eeb xa qua Internet<\/p>\n","protected":false},"excerpt":{"rendered":"<p>Dung l\u01b0\u1ee3ng b\u1ed9 nh\u1edb: 2000 v\u00e2n tay Dung l\u01b0\u1ee3ng ch\u1ea5m c\u00f4ng: 80 000 l\u1ea7n M\u00e0n h\u00ecnh hi\u1ec3n th\u1ecb: M\u00e0n h\u00ecnh LCD B\u00e0n ph\u00edm : 16 ph\u00edm s\u1ed1 \u0110\u00e8n hi\u1ec7u: LED 2 m\u00e0u: Xanh v\u00e0 \u0111\u1ecf K\u1ebft n\u1ed1i v\u1edbi m\u00e1y vi t\u00ednh: RS232\/RS485 \u2013 TCP\/IP ( RJ-45) Ng\u00f4n ng\u1eef: Ti\u1ebfng Anh L\u00e1y d\u1eef li\u1ec7u t\u1eeb xa [&hellip;]<\/p>\n","protected":false},"featured_media":16023,"comment_status":"open","ping_status":"closed","template":"","meta":[],"product_brand":[],"product_cat":[176],"product_tag":[],"class_list":{"0":"post-16026","1":"product","2":"type-product","3":"status-publish","4":"has-post-thumbnail","6":"product_cat-may-cham-cong","8":"first","9":"instock","10":"shipping-taxable","11":"product-type-simple"},"_links":{"self":[{"href":"https:\/\/legiavanphongpham.com\/index.php\/wp-json\/wp\/v2\/product\/16026","targetHints":{"allow":["GET"]}}],"collection":[{"href":"https:\/\/legiavanphongpham.com\/index.php\/wp-json\/wp\/v2\/product"}],"about":[{"href":"https:\/\/legiavanphongpham.com\/index.php\/wp-json\/wp\/v2\/types\/product"}],"replies":[{"embeddable":true,"href":"https:\/\/legiavanphongpham.com\/index.php\/wp-json\/wp\/v2\/comments?post=16026"}],"wp:featuredmedia":[{"embeddable":true,"href":"https:\/\/legiavanphongpham.com\/index.php\/wp-json\/wp\/v2\/media\/16023"}],"wp:attachment":[{"href":"https:\/\/legiavanphongpham.com\/index.php\/wp-json\/wp\/v2\/media?parent=16026"}],"wp:term":[{"taxonomy":"product_brand","embeddable":true,"href":"https:\/\/legiavanphongpham.com\/index.php\/wp-json\/wp\/v2\/product_brand?post=16026"},{"taxonomy":"product_cat","embeddable":true,"href":"https:\/\/legiavanphongpham.com\/index.php\/wp-json\/wp\/v2\/product_cat?post=16026"},{"taxonomy":"product_tag","embeddable":true,"href":"https:\/\/legiavanphongpham.com\/index.php\/wp-json\/wp\/v2\/product_tag?post=16026"}],"curies":[{"name":"wp","href":"https:\/\/api.w.org\/{rel}","templated":true}]}}