{"id":16029,"date":"2021-08-28T10:15:18","date_gmt":"2021-08-28T03:15:18","guid":{"rendered":"https:\/\/legiavanphongpham.com\/?post_type=product&#038;p=16029"},"modified":"2021-08-28T10:15:18","modified_gmt":"2021-08-28T03:15:18","slug":"may-dem-tien-modul-1618","status":"publish","type":"product","link":"https:\/\/legiavanphongpham.com\/index.php\/product\/may-dem-tien-modul-1618\/","title":{"rendered":"M\u00e1y \u0111\u1ebfm ti\u1ec1n Modul 1618"},"content":{"rendered":"<ul>\n<li>Lo\u1ea1i ti\u1ec1n \u0111\u1ebfm \u0111\u01b0\u1ee3c<a href=\"https:\/\/meta.vn\/may-dem-tien-c522?specs=1432.24403\">Ngo\u1ea1i t\u1ec7<\/a>,\u00a0<a href=\"https:\/\/meta.vn\/may-dem-tien-c522?specs=1432.24402\">Polyme<\/a>,\u00a0<a href=\"https:\/\/meta.vn\/may-dem-tien-c522?specs=1432.28253\">Ti\u1ec1n gi\u1ea5y<\/a><\/li>\n<li>Ph\u00e1t hi\u1ec7n ti\u1ec1n gi\u1ea3<a href=\"https:\/\/meta.vn\/may-dem-tien-c522?specs=2922.70556\">C\u00f3<\/a><\/li>\n<li>T\u1ed1c \u0111\u1ed9 \u0111\u1ebfm<a href=\"https:\/\/meta.vn\/may-dem-tien-c522?specs=527.38816\">1000 t\u1edd\/ph\u00fat<\/a><\/li>\n<li>T\u00ednh n\u0103ng<a href=\"https:\/\/meta.vn\/may-dem-tien-c522?specs=1854.70786\">\u0110\u1ebfm \u1ea5n \u0111\u1ecbnh s\u1ed1<\/a>,\u00a0<a href=\"https:\/\/meta.vn\/may-dem-tien-c522?specs=1854.70558\">\u0110\u1ebfm c\u1ed9ng d\u1ed3n<\/a><\/li>\n<li>C\u00f4ng su\u1ea5t<a href=\"https:\/\/meta.vn\/may-dem-tien-c522?specs=15.2837\">60W<\/a><\/li>\n<li>K\u00edch th\u01b0\u1edbc<a href=\"https:\/\/meta.vn\/may-dem-tien-c522?specs=29.24439\">375mm x 320mm x 260mm<\/a><\/li>\n<li>Tr\u1ecdng l\u01b0\u1ee3ng s\u1ea3n ph\u1ea9m<a href=\"https:\/\/meta.vn\/may-dem-tien-c522?specs=35.263\">7kg<\/a><\/li>\n<li>Ngu\u1ed3n \u0111i\u1ec7n \u00e1p<a href=\"https:\/\/meta.vn\/may-dem-tien-c522?specs=73.1266\">220V\/50Hz<\/a><\/li>\n<li>Th\u01b0\u01a1ng hi\u1ec7u<a href=\"https:\/\/meta.vn\/may-dem-tien-c522?specs=69.1199\">Nh\u1eadt B\u1ea3n<\/a><\/li>\n<\/ul>\n","protected":false},"excerpt":{"rendered":"<p>Lo\u1ea1i ti\u1ec1n \u0111\u1ebfm \u0111\u01b0\u1ee3cNgo\u1ea1i t\u1ec7,\u00a0Polyme,\u00a0Ti\u1ec1n gi\u1ea5y Ph\u00e1t hi\u1ec7n ti\u1ec1n gi\u1ea3C\u00f3 T\u1ed1c \u0111\u1ed9 \u0111\u1ebfm1000 t\u1edd\/ph\u00fat T\u00ednh n\u0103ng\u0110\u1ebfm \u1ea5n \u0111\u1ecbnh s\u1ed1,\u00a0\u0110\u1ebfm c\u1ed9ng d\u1ed3n C\u00f4ng su\u1ea5t60W K\u00edch th\u01b0\u1edbc375mm x 320mm x 260mm Tr\u1ecdng l\u01b0\u1ee3ng s\u1ea3n ph\u1ea9m7kg Ngu\u1ed3n \u0111i\u1ec7n \u00e1p220V\/50Hz Th\u01b0\u01a1ng hi\u1ec7uNh\u1eadt B\u1ea3n<\/p>\n","protected":false},"featured_media":16013,"comment_status":"open","ping_status":"closed","template":"","meta":[],"product_brand":[],"product_cat":[177],"product_tag":[],"class_list":{"0":"post-16029","1":"product","2":"type-product","3":"status-publish","4":"has-post-thumbnail","6":"product_cat-may-dem-tien","8":"first","9":"instock","10":"shipping-taxable","11":"product-type-simple"},"_links":{"self":[{"href":"https:\/\/legiavanphongpham.com\/index.php\/wp-json\/wp\/v2\/product\/16029","targetHints":{"allow":["GET"]}}],"collection":[{"href":"https:\/\/legiavanphongpham.com\/index.php\/wp-json\/wp\/v2\/product"}],"about":[{"href":"https:\/\/legiavanphongpham.com\/index.php\/wp-json\/wp\/v2\/types\/product"}],"replies":[{"embeddable":true,"href":"https:\/\/legiavanphongpham.com\/index.php\/wp-json\/wp\/v2\/comments?post=16029"}],"wp:featuredmedia":[{"embeddable":true,"href":"https:\/\/legiavanphongpham.com\/index.php\/wp-json\/wp\/v2\/media\/16013"}],"wp:attachment":[{"href":"https:\/\/legiavanphongpham.com\/index.php\/wp-json\/wp\/v2\/media?parent=16029"}],"wp:term":[{"taxonomy":"product_brand","embeddable":true,"href":"https:\/\/legiavanphongpham.com\/index.php\/wp-json\/wp\/v2\/product_brand?post=16029"},{"taxonomy":"product_cat","embeddable":true,"href":"https:\/\/legiavanphongpham.com\/index.php\/wp-json\/wp\/v2\/product_cat?post=16029"},{"taxonomy":"product_tag","embeddable":true,"href":"https:\/\/legiavanphongpham.com\/index.php\/wp-json\/wp\/v2\/product_tag?post=16029"}],"curies":[{"name":"wp","href":"https:\/\/api.w.org\/{rel}","templated":true}]}}