{"id":16037,"date":"2021-08-28T13:48:28","date_gmt":"2021-08-28T06:48:28","guid":{"rendered":"https:\/\/legiavanphongpham.com\/?post_type=product&#038;p=16037"},"modified":"2021-08-28T13:48:28","modified_gmt":"2021-08-28T06:48:28","slug":"may-dem-tien-oudis-3019a","status":"publish","type":"product","link":"https:\/\/legiavanphongpham.com\/index.php\/product\/may-dem-tien-oudis-3019a\/","title":{"rendered":"M\u00e1y \u0111\u1ebfm ti\u1ec1n OUDIS 3019A"},"content":{"rendered":"<ul>\n<li>Lo\u1ea1i ti\u1ec1n \u0111\u1ebfm \u0111\u01b0\u1ee3c<a href=\"https:\/\/meta.vn\/may-dem-tien-c522?specs=1432.36543\">Cotton<\/a>,\u00a0<a href=\"https:\/\/meta.vn\/may-dem-tien-c522?specs=1432.36545\">Euro<\/a>,\u00a0<a href=\"https:\/\/meta.vn\/may-dem-tien-c522?specs=1432.24402\">Polyme<\/a>,\u00a0<a href=\"https:\/\/meta.vn\/may-dem-tien-c522?specs=1432.36544\">USD<\/a><\/li>\n<li>Ph\u00e1t hi\u1ec7n ti\u1ec1n gi\u1ea3<a href=\"https:\/\/meta.vn\/may-dem-tien-c522?specs=2922.70787\">Kh\u00f4ng<\/a><\/li>\n<li>T\u1ed1c \u0111\u1ed9 \u0111\u1ebfm<a href=\"https:\/\/meta.vn\/may-dem-tien-c522?specs=527.24121\">1100 t\u1edd\/ph\u00fat<\/a><\/li>\n<li>T\u00ednh n\u0103ng<a href=\"https:\/\/meta.vn\/may-dem-tien-c522?specs=1854.70786\">\u0110\u1ebfm \u1ea5n \u0111\u1ecbnh s\u1ed1<\/a>,\u00a0<a href=\"https:\/\/meta.vn\/may-dem-tien-c522?specs=1854.70557\">\u0110\u1ebfm m\u1ebb<\/a><\/li>\n<li>M\u00e0n h\u00ecnh hi\u1ec3n th\u1ecb<a href=\"https:\/\/meta.vn\/may-dem-tien-c522?specs=157.2224\">C\u00f3<\/a><\/li>\n<li>K\u00edch th\u01b0\u1edbc<a href=\"https:\/\/meta.vn\/may-dem-tien-c522?specs=29.15832\">366mm x 303mm x 247mm<\/a><\/li>\n<li>Th\u01b0\u01a1ng hi\u1ec7u<a href=\"https:\/\/meta.vn\/may-dem-tien-c522?specs=69.1199\">Nh\u1eadt B\u1ea3n<\/a><\/li>\n<li>S\u1ea3n xu\u1ea5t t\u1ea1i<a href=\"https:\/\/meta.vn\/may-dem-tien-c522?specs=68.1154\">Trung Qu\u1ed1c<\/a><\/li>\n<li>B\u1ea3o h\u00e0nh<a href=\"https:\/\/meta.vn\/may-dem-tien-c522?specs=67.1002\">12 th\u00e1ng<\/a><\/li>\n<\/ul>\n","protected":false},"excerpt":{"rendered":"<p>Lo\u1ea1i ti\u1ec1n \u0111\u1ebfm \u0111\u01b0\u1ee3cCotton,\u00a0Euro,\u00a0Polyme,\u00a0USD Ph\u00e1t hi\u1ec7n ti\u1ec1n gi\u1ea3Kh\u00f4ng T\u1ed1c \u0111\u1ed9 \u0111\u1ebfm1100 t\u1edd\/ph\u00fat T\u00ednh n\u0103ng\u0110\u1ebfm \u1ea5n \u0111\u1ecbnh s\u1ed1,\u00a0\u0110\u1ebfm m\u1ebb M\u00e0n h\u00ecnh hi\u1ec3n th\u1ecbC\u00f3 K\u00edch th\u01b0\u1edbc366mm x 303mm x 247mm Th\u01b0\u01a1ng hi\u1ec7uNh\u1eadt B\u1ea3n S\u1ea3n xu\u1ea5t t\u1ea1iTrung Qu\u1ed1c B\u1ea3o h\u00e0nh12 th\u00e1ng<\/p>\n","protected":false},"featured_media":16015,"comment_status":"open","ping_status":"closed","template":"","meta":[],"product_brand":[],"product_cat":[177],"product_tag":[],"class_list":{"0":"post-16037","1":"product","2":"type-product","3":"status-publish","4":"has-post-thumbnail","6":"product_cat-may-dem-tien","8":"first","9":"instock","10":"shipping-taxable","11":"product-type-simple"},"_links":{"self":[{"href":"https:\/\/legiavanphongpham.com\/index.php\/wp-json\/wp\/v2\/product\/16037","targetHints":{"allow":["GET"]}}],"collection":[{"href":"https:\/\/legiavanphongpham.com\/index.php\/wp-json\/wp\/v2\/product"}],"about":[{"href":"https:\/\/legiavanphongpham.com\/index.php\/wp-json\/wp\/v2\/types\/product"}],"replies":[{"embeddable":true,"href":"https:\/\/legiavanphongpham.com\/index.php\/wp-json\/wp\/v2\/comments?post=16037"}],"wp:featuredmedia":[{"embeddable":true,"href":"https:\/\/legiavanphongpham.com\/index.php\/wp-json\/wp\/v2\/media\/16015"}],"wp:attachment":[{"href":"https:\/\/legiavanphongpham.com\/index.php\/wp-json\/wp\/v2\/media?parent=16037"}],"wp:term":[{"taxonomy":"product_brand","embeddable":true,"href":"https:\/\/legiavanphongpham.com\/index.php\/wp-json\/wp\/v2\/product_brand?post=16037"},{"taxonomy":"product_cat","embeddable":true,"href":"https:\/\/legiavanphongpham.com\/index.php\/wp-json\/wp\/v2\/product_cat?post=16037"},{"taxonomy":"product_tag","embeddable":true,"href":"https:\/\/legiavanphongpham.com\/index.php\/wp-json\/wp\/v2\/product_tag?post=16037"}],"curies":[{"name":"wp","href":"https:\/\/api.w.org\/{rel}","templated":true}]}}