{"id":16039,"date":"2021-08-28T13:50:36","date_gmt":"2021-08-28T06:50:36","guid":{"rendered":"https:\/\/legiavanphongpham.com\/?post_type=product&#038;p=16039"},"modified":"2021-08-28T13:50:36","modified_gmt":"2021-08-28T06:50:36","slug":"may-anh-sony-dsc-e32-w810-xam","status":"publish","type":"product","link":"https:\/\/legiavanphongpham.com\/index.php\/product\/may-anh-sony-dsc-e32-w810-xam\/","title":{"rendered":"M\u00e1y \u1ea3nh Sony DSC E32 W810 X\u00e1m"},"content":{"rendered":"<ul>\n<li>\u0110\u1ed9 ph\u00e2n gi\u1ea3i 20.1 MP\u00a0mang \u0111\u1ebfn b\u1ee9c \u1ea3nh ch\u1ea5t l\u01b0\u1ee3ng cao<\/li>\n<li>B\u1ed9 c\u1ea3m bi\u1ebfn Super HAD CCD\u00a0gi\u00fap l\u1ea5y \u0111\u01b0\u1ee3c h\u00ecnh \u1ea3nh trong tr\u1ebbo<\/li>\n<li>M\u00e0n h\u00ecnh LCD 2.7 inch h\u1ed7 tr\u1ee3 thao t\u00e1c \u0111\u01a1n gi\u1ea3n , nhanh ch\u00f3ng<\/li>\n<li>Quay phim HD 720p t\u00e1i hi\u1ec7n h\u00ecnh \u1ea3nh v\u00f4 c\u00f9ng ch\u00e2n th\u1ef1c<\/li>\n<li>M\u00e1y s\u1eed d\u1ee5ng Pin s\u1ea1c NP-BN1, cho ho\u1ea1t \u0111\u1ed9ng l\u00e2u d\u00e0i<\/li>\n<li>Trang b\u1ecb nhi\u1ec1u hi\u1ec7u \u1ee9ng h\u00ednh \u1ea3nh v\u00e0 phim th\u00fa v\u1ecb, ch\u1ea5t l\u01b0\u1ee3ng<\/li>\n<li>Zoom quang h\u1ecdc 6x, Optical SteadyShot cho h\u00ecnh \u1ea3nh s\u1eafc n\u00e9t<\/li>\n<\/ul>\n","protected":false},"excerpt":{"rendered":"<p>\u0110\u1ed9 ph\u00e2n gi\u1ea3i 20.1 MP\u00a0mang \u0111\u1ebfn b\u1ee9c \u1ea3nh ch\u1ea5t l\u01b0\u1ee3ng cao B\u1ed9 c\u1ea3m bi\u1ebfn Super HAD CCD\u00a0gi\u00fap l\u1ea5y \u0111\u01b0\u1ee3c h\u00ecnh \u1ea3nh trong tr\u1ebbo M\u00e0n h\u00ecnh LCD 2.7 inch h\u1ed7 tr\u1ee3 thao t\u00e1c \u0111\u01a1n gi\u1ea3n , nhanh ch\u00f3ng Quay phim HD 720p t\u00e1i hi\u1ec7n h\u00ecnh \u1ea3nh v\u00f4 c\u00f9ng ch\u00e2n th\u1ef1c M\u00e1y s\u1eed d\u1ee5ng Pin s\u1ea1c NP-BN1, [&hellip;]<\/p>\n","protected":false},"featured_media":16048,"comment_status":"open","ping_status":"closed","template":"","meta":[],"product_brand":[],"product_cat":[180],"product_tag":[],"class_list":{"0":"post-16039","1":"product","2":"type-product","3":"status-publish","4":"has-post-thumbnail","6":"product_cat-may-chup-hinh","8":"first","9":"instock","10":"shipping-taxable","11":"product-type-simple"},"_links":{"self":[{"href":"https:\/\/legiavanphongpham.com\/index.php\/wp-json\/wp\/v2\/product\/16039","targetHints":{"allow":["GET"]}}],"collection":[{"href":"https:\/\/legiavanphongpham.com\/index.php\/wp-json\/wp\/v2\/product"}],"about":[{"href":"https:\/\/legiavanphongpham.com\/index.php\/wp-json\/wp\/v2\/types\/product"}],"replies":[{"embeddable":true,"href":"https:\/\/legiavanphongpham.com\/index.php\/wp-json\/wp\/v2\/comments?post=16039"}],"wp:featuredmedia":[{"embeddable":true,"href":"https:\/\/legiavanphongpham.com\/index.php\/wp-json\/wp\/v2\/media\/16048"}],"wp:attachment":[{"href":"https:\/\/legiavanphongpham.com\/index.php\/wp-json\/wp\/v2\/media?parent=16039"}],"wp:term":[{"taxonomy":"product_brand","embeddable":true,"href":"https:\/\/legiavanphongpham.com\/index.php\/wp-json\/wp\/v2\/product_brand?post=16039"},{"taxonomy":"product_cat","embeddable":true,"href":"https:\/\/legiavanphongpham.com\/index.php\/wp-json\/wp\/v2\/product_cat?post=16039"},{"taxonomy":"product_tag","embeddable":true,"href":"https:\/\/legiavanphongpham.com\/index.php\/wp-json\/wp\/v2\/product_tag?post=16039"}],"curies":[{"name":"wp","href":"https:\/\/api.w.org\/{rel}","templated":true}]}}