{"id":16052,"date":"2021-08-28T13:51:11","date_gmt":"2021-08-28T06:51:11","guid":{"rendered":"https:\/\/legiavanphongpham.com\/?post_type=product&#038;p=16052"},"modified":"2021-08-28T13:51:11","modified_gmt":"2021-08-28T06:51:11","slug":"may-anh-sony-dsc-w810-bc-e32-den","status":"publish","type":"product","link":"https:\/\/legiavanphongpham.com\/index.php\/product\/may-anh-sony-dsc-w810-bc-e32-den\/","title":{"rendered":"M\u00e1y \u1ea3nh Sony DSC-W810\/BC E32 \u0110en"},"content":{"rendered":"<ul>\n<li>\u0110\u1ed9 ph\u00e2n gi\u1ea3i 20.1 MP cho ra h\u00ecnh \u1ea3nh ch\u1ea5t l\u01b0\u1ee3ng, s\u1eafc n\u00e9t<\/li>\n<li>B\u1ed9 c\u1ea3m bi\u1ebfn Super HAD CCD t\u0103ng c\u01b0\u1eddng \u0111\u1ed9 nh\u1ea1y v\u00e0 \u0111\u1ed9 s\u00e1ng<\/li>\n<li>Quay phim ch\u1ea5t l\u01b0\u01a1ng HD 720p l\u01b0u l\u1ea1i m\u1ecdi kho\u1ea3nh kho\u1eafc th\u00fa v\u1ecb<\/li>\n<li>ISO 100 \u2013 3200 k\u1ebft h\u1ee3p \u0111\u00e8n Flash h\u00ecnh \u1ea3nh s\u1ed1ng \u0111\u1ed9ng h\u01a1n<\/li>\n<\/ul>\n<p>C\u00f4ng ngh\u1ec7 ch\u1ee5p \u1ea3nh 360 Sweep Panorama<\/p>\n","protected":false},"excerpt":{"rendered":"<p>\u0110\u1ed9 ph\u00e2n gi\u1ea3i 20.1 MP cho ra h\u00ecnh \u1ea3nh ch\u1ea5t l\u01b0\u1ee3ng, s\u1eafc n\u00e9t B\u1ed9 c\u1ea3m bi\u1ebfn Super HAD CCD t\u0103ng c\u01b0\u1eddng \u0111\u1ed9 nh\u1ea1y v\u00e0 \u0111\u1ed9 s\u00e1ng Quay phim ch\u1ea5t l\u01b0\u01a1ng HD 720p l\u01b0u l\u1ea1i m\u1ecdi kho\u1ea3nh kho\u1eafc th\u00fa v\u1ecb ISO 100 \u2013 3200 k\u1ebft h\u1ee3p \u0111\u00e8n Flash h\u00ecnh \u1ea3nh s\u1ed1ng \u0111\u1ed9ng h\u01a1n C\u00f4ng ngh\u1ec7 ch\u1ee5p [&hellip;]<\/p>\n","protected":false},"featured_media":16046,"comment_status":"open","ping_status":"closed","template":"","meta":[],"product_brand":[],"product_cat":[180],"product_tag":[],"class_list":{"0":"post-16052","1":"product","2":"type-product","3":"status-publish","4":"has-post-thumbnail","6":"product_cat-may-chup-hinh","8":"first","9":"instock","10":"shipping-taxable","11":"product-type-simple"},"_links":{"self":[{"href":"https:\/\/legiavanphongpham.com\/index.php\/wp-json\/wp\/v2\/product\/16052","targetHints":{"allow":["GET"]}}],"collection":[{"href":"https:\/\/legiavanphongpham.com\/index.php\/wp-json\/wp\/v2\/product"}],"about":[{"href":"https:\/\/legiavanphongpham.com\/index.php\/wp-json\/wp\/v2\/types\/product"}],"replies":[{"embeddable":true,"href":"https:\/\/legiavanphongpham.com\/index.php\/wp-json\/wp\/v2\/comments?post=16052"}],"wp:featuredmedia":[{"embeddable":true,"href":"https:\/\/legiavanphongpham.com\/index.php\/wp-json\/wp\/v2\/media\/16046"}],"wp:attachment":[{"href":"https:\/\/legiavanphongpham.com\/index.php\/wp-json\/wp\/v2\/media?parent=16052"}],"wp:term":[{"taxonomy":"product_brand","embeddable":true,"href":"https:\/\/legiavanphongpham.com\/index.php\/wp-json\/wp\/v2\/product_brand?post=16052"},{"taxonomy":"product_cat","embeddable":true,"href":"https:\/\/legiavanphongpham.com\/index.php\/wp-json\/wp\/v2\/product_cat?post=16052"},{"taxonomy":"product_tag","embeddable":true,"href":"https:\/\/legiavanphongpham.com\/index.php\/wp-json\/wp\/v2\/product_tag?post=16052"}],"curies":[{"name":"wp","href":"https:\/\/api.w.org\/{rel}","templated":true}]}}