{"id":16054,"date":"2021-08-28T13:52:16","date_gmt":"2021-08-28T06:52:16","guid":{"rendered":"https:\/\/legiavanphongpham.com\/?post_type=product&#038;p=16054"},"modified":"2021-08-28T13:52:16","modified_gmt":"2021-08-28T06:52:16","slug":"may-anh-fujifilm-x-a3-kit-16-50mm-s","status":"publish","type":"product","link":"https:\/\/legiavanphongpham.com\/index.php\/product\/may-anh-fujifilm-x-a3-kit-16-50mm-s\/","title":{"rendered":"M\u00e1y \u1ea3nh Fujifilm X-A3 &#8211; Kit 16-50mm S"},"content":{"rendered":"<ul>\n<li>\u0110\u1ed9 ph\u00e2n gi\u1ea3i 24.2 MP, c\u1ea3m bi\u1ebfn CMOS cho \u1ea3nh \u0111\u1eb9p s\u1eafc n\u00e9t<\/li>\n<li>M\u00e0n h\u00ecnh l\u1eadt 180 \u0111\u1ed9 v\u1edbi k\u00edch th\u01b0\u1edbc 3&#8243; d\u1ec5 d\u00e0ng s\u1eed d\u1ee5ng<\/li>\n<li>T\u1ed1c \u0111\u1ed9 ch\u1ee5p li\u00ean ti\u1ebfp si\u00eau nhanh cho m\u1ed9t l\u1ea7n b\u1ea5m li\u00ean t\u1ee5c<\/li>\n<li>Quay phim Full HD v\u1edbi h\u00ecnh \u1ea3nh ch\u1ea5t l\u01b0\u1ee3ng cao, m\u01b0\u1ee3t m\u00e0<\/li>\n<li>K\u1ebft n\u1ed1i Wifi d\u1ec5 d\u00e0ng chuy\u1ec3n \u0111\u1ed5i \u1ea3nh, ph\u00f9 h\u1ee3p cho d\u00e2n du l\u1ecbch<\/li>\n<\/ul>\n","protected":false},"excerpt":{"rendered":"<p>\u0110\u1ed9 ph\u00e2n gi\u1ea3i 24.2 MP, c\u1ea3m bi\u1ebfn CMOS cho \u1ea3nh \u0111\u1eb9p s\u1eafc n\u00e9t M\u00e0n h\u00ecnh l\u1eadt 180 \u0111\u1ed9 v\u1edbi k\u00edch th\u01b0\u1edbc 3&#8243; d\u1ec5 d\u00e0ng s\u1eed d\u1ee5ng T\u1ed1c \u0111\u1ed9 ch\u1ee5p li\u00ean ti\u1ebfp si\u00eau nhanh cho m\u1ed9t l\u1ea7n b\u1ea5m li\u00ean t\u1ee5c Quay phim Full HD v\u1edbi h\u00ecnh \u1ea3nh ch\u1ea5t l\u01b0\u1ee3ng cao, m\u01b0\u1ee3t m\u00e0 K\u1ebft n\u1ed1i Wifi d\u1ec5 [&hellip;]<\/p>\n","protected":false},"featured_media":16043,"comment_status":"open","ping_status":"closed","template":"","meta":[],"product_brand":[],"product_cat":[180],"product_tag":[],"class_list":{"0":"post-16054","1":"product","2":"type-product","3":"status-publish","4":"has-post-thumbnail","6":"product_cat-may-chup-hinh","8":"first","9":"instock","10":"shipping-taxable","11":"product-type-simple"},"_links":{"self":[{"href":"https:\/\/legiavanphongpham.com\/index.php\/wp-json\/wp\/v2\/product\/16054","targetHints":{"allow":["GET"]}}],"collection":[{"href":"https:\/\/legiavanphongpham.com\/index.php\/wp-json\/wp\/v2\/product"}],"about":[{"href":"https:\/\/legiavanphongpham.com\/index.php\/wp-json\/wp\/v2\/types\/product"}],"replies":[{"embeddable":true,"href":"https:\/\/legiavanphongpham.com\/index.php\/wp-json\/wp\/v2\/comments?post=16054"}],"wp:featuredmedia":[{"embeddable":true,"href":"https:\/\/legiavanphongpham.com\/index.php\/wp-json\/wp\/v2\/media\/16043"}],"wp:attachment":[{"href":"https:\/\/legiavanphongpham.com\/index.php\/wp-json\/wp\/v2\/media?parent=16054"}],"wp:term":[{"taxonomy":"product_brand","embeddable":true,"href":"https:\/\/legiavanphongpham.com\/index.php\/wp-json\/wp\/v2\/product_brand?post=16054"},{"taxonomy":"product_cat","embeddable":true,"href":"https:\/\/legiavanphongpham.com\/index.php\/wp-json\/wp\/v2\/product_cat?post=16054"},{"taxonomy":"product_tag","embeddable":true,"href":"https:\/\/legiavanphongpham.com\/index.php\/wp-json\/wp\/v2\/product_tag?post=16054"}],"curies":[{"name":"wp","href":"https:\/\/api.w.org\/{rel}","templated":true}]}}