{"id":16055,"date":"2021-08-28T13:52:54","date_gmt":"2021-08-28T06:52:54","guid":{"rendered":"https:\/\/legiavanphongpham.com\/?post_type=product&#038;p=16055"},"modified":"2021-08-28T13:52:54","modified_gmt":"2021-08-28T06:52:54","slug":"may-anh-fujifilm-kit-18-55mm-x-e3-xf-nau","status":"publish","type":"product","link":"https:\/\/legiavanphongpham.com\/index.php\/product\/may-anh-fujifilm-kit-18-55mm-x-e3-xf-nau\/","title":{"rendered":"M\u00e1y \u1ea3nh Fujifilm Kit 18-55mm X-E3\/XF N\u00e2u"},"content":{"rendered":"<ul>\n<li>\u1ed0ng k\u00ednh Fujinon XF 18-55mmch\u1ea5t l\u01b0\u1ee3ng v\u01b0\u1ee3t tr\u1ed9i<\/li>\n<li>B\u1ed9 x\u1eed l\u00fd h\u00ecnh \u1ea3nh X-Processor Pro, ki\u1ebfn t\u1ea1o ki\u1ec7t t\u00e1c<\/li>\n<li>K\u00ednh ng\u1eafm c\u00f4ng ngh\u1ec7 OLED l\u00ean \u0111\u1ebfn 2.36 tri\u1ec7u \u0111i\u1ec3m \u1ea3nh<\/li>\n<li>T\u1ed1c \u0111\u1ed9 ch\u1ee5p \u1ea3nh 8fps\/14fps, cho s\u1ea3n ph\u1ea9m ho\u00e0n h\u1ea3o<\/li>\n<li>Quay phim ho\u00e0n h\u1ea3o v\u1edbi UHD 4K\/30fps v\u00e0 Full HD\/60fps<\/li>\n<li>T\u00edch h\u1ee3p ch\u1ebf \u0111\u1ed9 gi\u1ea3 l\u1eadp m\u00e0u Film, th\u1ecfa m\u00e3n nhu c\u1ea7u s\u1eed d\u1ee5ng<\/li>\n<li>K\u1ebft n\u1ed1i Wifi d\u1ec5 d\u00e0ng, chia s\u1ebb h\u00ecnh \u1ea3nh v\u00f4 c\u00f9ng \u0111\u01a1n gi\u1ea3n<\/li>\n<li>Thi\u1ebft k\u1ebf c\u1ed5 \u0111i\u1ec3n v\u1edbi \u0111i\u1ec3m nh\u1ea5n m\u00e0u n\u00e2u tinh t\u1ebf<\/li>\n<\/ul>\n","protected":false},"excerpt":{"rendered":"<p>\u1ed0ng k\u00ednh Fujinon XF 18-55mmch\u1ea5t l\u01b0\u1ee3ng v\u01b0\u1ee3t tr\u1ed9i B\u1ed9 x\u1eed l\u00fd h\u00ecnh \u1ea3nh X-Processor Pro, ki\u1ebfn t\u1ea1o ki\u1ec7t t\u00e1c K\u00ednh ng\u1eafm c\u00f4ng ngh\u1ec7 OLED l\u00ean \u0111\u1ebfn 2.36 tri\u1ec7u \u0111i\u1ec3m \u1ea3nh T\u1ed1c \u0111\u1ed9 ch\u1ee5p \u1ea3nh 8fps\/14fps, cho s\u1ea3n ph\u1ea9m ho\u00e0n h\u1ea3o Quay phim ho\u00e0n h\u1ea3o v\u1edbi UHD 4K\/30fps v\u00e0 Full HD\/60fps T\u00edch h\u1ee3p ch\u1ebf \u0111\u1ed9 gi\u1ea3 [&hellip;]<\/p>\n","protected":false},"featured_media":16051,"comment_status":"open","ping_status":"closed","template":"","meta":[],"product_brand":[],"product_cat":[180],"product_tag":[],"class_list":{"0":"post-16055","1":"product","2":"type-product","3":"status-publish","4":"has-post-thumbnail","6":"product_cat-may-chup-hinh","8":"first","9":"instock","10":"shipping-taxable","11":"product-type-simple"},"_links":{"self":[{"href":"https:\/\/legiavanphongpham.com\/index.php\/wp-json\/wp\/v2\/product\/16055","targetHints":{"allow":["GET"]}}],"collection":[{"href":"https:\/\/legiavanphongpham.com\/index.php\/wp-json\/wp\/v2\/product"}],"about":[{"href":"https:\/\/legiavanphongpham.com\/index.php\/wp-json\/wp\/v2\/types\/product"}],"replies":[{"embeddable":true,"href":"https:\/\/legiavanphongpham.com\/index.php\/wp-json\/wp\/v2\/comments?post=16055"}],"wp:featuredmedia":[{"embeddable":true,"href":"https:\/\/legiavanphongpham.com\/index.php\/wp-json\/wp\/v2\/media\/16051"}],"wp:attachment":[{"href":"https:\/\/legiavanphongpham.com\/index.php\/wp-json\/wp\/v2\/media?parent=16055"}],"wp:term":[{"taxonomy":"product_brand","embeddable":true,"href":"https:\/\/legiavanphongpham.com\/index.php\/wp-json\/wp\/v2\/product_brand?post=16055"},{"taxonomy":"product_cat","embeddable":true,"href":"https:\/\/legiavanphongpham.com\/index.php\/wp-json\/wp\/v2\/product_cat?post=16055"},{"taxonomy":"product_tag","embeddable":true,"href":"https:\/\/legiavanphongpham.com\/index.php\/wp-json\/wp\/v2\/product_tag?post=16055"}],"curies":[{"name":"wp","href":"https:\/\/api.w.org\/{rel}","templated":true}]}}