{"id":16056,"date":"2021-08-28T13:53:27","date_gmt":"2021-08-28T06:53:27","guid":{"rendered":"https:\/\/legiavanphongpham.com\/?post_type=product&#038;p=16056"},"modified":"2021-08-28T13:53:27","modified_gmt":"2021-08-28T06:53:27","slug":"may-anh-sony-alpha-6000-ilce-6000l-hap2","status":"publish","type":"product","link":"https:\/\/legiavanphongpham.com\/index.php\/product\/may-anh-sony-alpha-6000-ilce-6000l-hap2\/","title":{"rendered":"M\u00e1y \u1ea3nh Sony Alpha 6000 ILCE-6000L\/HAP2"},"content":{"rendered":"<ul>\n<li>\u1ed0ng k\u00ednh zoom xa 16-50mm ch\u1ee5p \u1ea3nh, quay phim \u1ed5n \u0111\u1ecbnh, s\u1eafc n\u00e9t<\/li>\n<li>\u0110\u1ed9 ph\u00e2n gi\u1ea3i 24.3 MP \u0111em l\u1ea1i b\u1ee9c \u1ea3nh \u0111\u1eb9p t\u1eebng chi ti\u1ebft<\/li>\n<li>X\u1eed l\u00fd h\u00ecnh \u1ea3nh BIONZ X gi\u1ea3m nhi\u1ec5u t\u1ed1i \u0111a, h\u00ecnh \u1ea3nh ch\u00e2n th\u1ef1c<\/li>\n<li>M\u00e0n h\u00ecnh l\u1eadt LCD 3.0 inch ch\u1ee5p h\u00ecnh, quay phim nhi\u1ec1u g\u00f3c \u0111\u1ed9<\/li>\n<li>C\u00f4ng c\u1ee5 Fast Hybrid l\u1ea5y n\u00e9t t\u1ef1 \u0111\u1ed9ng nhanh ch\u00f3ng v\u00e0 ch\u00ednh x\u00e1c<\/li>\n<li>\u0110\u1ed9 nh\u1ea1y s\u00e1ng r\u1ed9ng t\u1eeb ISO 100 &#8211; 25600 cho h\u00ecnh \u1ea3nh ch\u1ea5t l\u01b0\u1ee3ng<\/li>\n<\/ul>\n","protected":false},"excerpt":{"rendered":"<p>\u1ed0ng k\u00ednh zoom xa 16-50mm ch\u1ee5p \u1ea3nh, quay phim \u1ed5n \u0111\u1ecbnh, s\u1eafc n\u00e9t \u0110\u1ed9 ph\u00e2n gi\u1ea3i 24.3 MP \u0111em l\u1ea1i b\u1ee9c \u1ea3nh \u0111\u1eb9p t\u1eebng chi ti\u1ebft X\u1eed l\u00fd h\u00ecnh \u1ea3nh BIONZ X gi\u1ea3m nhi\u1ec5u t\u1ed1i \u0111a, h\u00ecnh \u1ea3nh ch\u00e2n th\u1ef1c M\u00e0n h\u00ecnh l\u1eadt LCD 3.0 inch ch\u1ee5p h\u00ecnh, quay phim nhi\u1ec1u g\u00f3c \u0111\u1ed9 C\u00f4ng c\u1ee5 [&hellip;]<\/p>\n","protected":false},"featured_media":16044,"comment_status":"open","ping_status":"closed","template":"","meta":[],"product_brand":[],"product_cat":[180],"product_tag":[],"class_list":{"0":"post-16056","1":"product","2":"type-product","3":"status-publish","4":"has-post-thumbnail","6":"product_cat-may-chup-hinh","8":"first","9":"instock","10":"shipping-taxable","11":"product-type-simple"},"_links":{"self":[{"href":"https:\/\/legiavanphongpham.com\/index.php\/wp-json\/wp\/v2\/product\/16056","targetHints":{"allow":["GET"]}}],"collection":[{"href":"https:\/\/legiavanphongpham.com\/index.php\/wp-json\/wp\/v2\/product"}],"about":[{"href":"https:\/\/legiavanphongpham.com\/index.php\/wp-json\/wp\/v2\/types\/product"}],"replies":[{"embeddable":true,"href":"https:\/\/legiavanphongpham.com\/index.php\/wp-json\/wp\/v2\/comments?post=16056"}],"wp:featuredmedia":[{"embeddable":true,"href":"https:\/\/legiavanphongpham.com\/index.php\/wp-json\/wp\/v2\/media\/16044"}],"wp:attachment":[{"href":"https:\/\/legiavanphongpham.com\/index.php\/wp-json\/wp\/v2\/media?parent=16056"}],"wp:term":[{"taxonomy":"product_brand","embeddable":true,"href":"https:\/\/legiavanphongpham.com\/index.php\/wp-json\/wp\/v2\/product_brand?post=16056"},{"taxonomy":"product_cat","embeddable":true,"href":"https:\/\/legiavanphongpham.com\/index.php\/wp-json\/wp\/v2\/product_cat?post=16056"},{"taxonomy":"product_tag","embeddable":true,"href":"https:\/\/legiavanphongpham.com\/index.php\/wp-json\/wp\/v2\/product_tag?post=16056"}],"curies":[{"name":"wp","href":"https:\/\/api.w.org\/{rel}","templated":true}]}}