{"id":16057,"date":"2021-08-28T13:54:29","date_gmt":"2021-08-28T06:54:29","guid":{"rendered":"https:\/\/legiavanphongpham.com\/?post_type=product&#038;p=16057"},"modified":"2021-08-28T13:54:30","modified_gmt":"2021-08-28T06:54:30","slug":"may-huy-tai-lieu-silicon-ps-880c","status":"publish","type":"product","link":"https:\/\/legiavanphongpham.com\/index.php\/product\/may-huy-tai-lieu-silicon-ps-880c\/","title":{"rendered":"M\u00e1y h\u1ee7y t\u00e0i li\u1ec7u Silicon PS-880C"},"content":{"rendered":"<ul>\n<li>Thi\u1ebft k\u1ebf hi\u1ec7n \u0111\u1ea1i, ti\u1ebft ki\u1ec7m kh\u00f4ng gian<\/li>\n<li>H\u1ed7 tr\u1ee3 h\u1ee7y \u0111\u0129a CD, th\u1ebb t\u00edn d\u1ee5ng, gi\u1ea5y nhanh ch\u00f3ng<\/li>\n<li>C\u00f4ng su\u1ea5t h\u1ee7y 17 t\u1edd\/l\u1ea7n nhanh ch\u00f3ng<\/li>\n<li>Th\u00f9ng gi\u1ea5y 26 l\u00edt c\u00f3 th\u1ec3 ch\u1ed1ng k\u1eb9t gi\u1ea5y<\/li>\n<li>Kh\u1ea3 n\u0103ng ch\u1ed1ng \u1ed3n cho kh\u00f4ng gian y\u00ean t\u0129nh<\/li>\n<li>Ch\u1ebf \u0111\u1ed9 d\u1eebng t\u1ef1 \u0111\u1ed9ng khi h\u1ebft gi\u1ea5y \u0111\u1ea3m b\u1ea3o an to\u00e0n<\/li>\n<\/ul>\n","protected":false},"excerpt":{"rendered":"<p>Thi\u1ebft k\u1ebf hi\u1ec7n \u0111\u1ea1i, ti\u1ebft ki\u1ec7m kh\u00f4ng gian H\u1ed7 tr\u1ee3 h\u1ee7y \u0111\u0129a CD, th\u1ebb t\u00edn d\u1ee5ng, gi\u1ea5y nhanh ch\u00f3ng C\u00f4ng su\u1ea5t h\u1ee7y 17 t\u1edd\/l\u1ea7n nhanh ch\u00f3ng Th\u00f9ng gi\u1ea5y 26 l\u00edt c\u00f3 th\u1ec3 ch\u1ed1ng k\u1eb9t gi\u1ea5y Kh\u1ea3 n\u0103ng ch\u1ed1ng \u1ed3n cho kh\u00f4ng gian y\u00ean t\u0129nh Ch\u1ebf \u0111\u1ed9 d\u1eebng t\u1ef1 \u0111\u1ed9ng khi h\u1ebft gi\u1ea5y \u0111\u1ea3m b\u1ea3o an [&hellip;]<\/p>\n","protected":false},"featured_media":16042,"comment_status":"open","ping_status":"closed","template":"","meta":[],"product_brand":[],"product_cat":[181],"product_tag":[],"class_list":{"0":"post-16057","1":"product","2":"type-product","3":"status-publish","4":"has-post-thumbnail","6":"product_cat-may-huy","8":"first","9":"instock","10":"shipping-taxable","11":"product-type-simple"},"_links":{"self":[{"href":"https:\/\/legiavanphongpham.com\/index.php\/wp-json\/wp\/v2\/product\/16057","targetHints":{"allow":["GET"]}}],"collection":[{"href":"https:\/\/legiavanphongpham.com\/index.php\/wp-json\/wp\/v2\/product"}],"about":[{"href":"https:\/\/legiavanphongpham.com\/index.php\/wp-json\/wp\/v2\/types\/product"}],"replies":[{"embeddable":true,"href":"https:\/\/legiavanphongpham.com\/index.php\/wp-json\/wp\/v2\/comments?post=16057"}],"wp:featuredmedia":[{"embeddable":true,"href":"https:\/\/legiavanphongpham.com\/index.php\/wp-json\/wp\/v2\/media\/16042"}],"wp:attachment":[{"href":"https:\/\/legiavanphongpham.com\/index.php\/wp-json\/wp\/v2\/media?parent=16057"}],"wp:term":[{"taxonomy":"product_brand","embeddable":true,"href":"https:\/\/legiavanphongpham.com\/index.php\/wp-json\/wp\/v2\/product_brand?post=16057"},{"taxonomy":"product_cat","embeddable":true,"href":"https:\/\/legiavanphongpham.com\/index.php\/wp-json\/wp\/v2\/product_cat?post=16057"},{"taxonomy":"product_tag","embeddable":true,"href":"https:\/\/legiavanphongpham.com\/index.php\/wp-json\/wp\/v2\/product_tag?post=16057"}],"curies":[{"name":"wp","href":"https:\/\/api.w.org\/{rel}","templated":true}]}}