{"id":16060,"date":"2021-08-28T13:57:20","date_gmt":"2021-08-28T06:57:20","guid":{"rendered":"https:\/\/legiavanphongpham.com\/?post_type=product&#038;p=16060"},"modified":"2021-08-28T13:57:20","modified_gmt":"2021-08-28T06:57:20","slug":"may-huy-tai-lieu-silicon-ps-610c","status":"publish","type":"product","link":"https:\/\/legiavanphongpham.com\/index.php\/product\/may-huy-tai-lieu-silicon-ps-610c\/","title":{"rendered":"M\u00e1y h\u1ee7y t\u00e0i li\u1ec7u Silicon PS-610C"},"content":{"rendered":"<ul>\n<li>Thi\u1ebft k\u1ebf hi\u1ec7n \u0111\u1ea1i, ti\u1ebft ki\u1ec7m kh\u00f4ng gian<\/li>\n<li>C\u00f4ng su\u1ea5t h\u1ee7y 10 t\u1edd\/l\u1ea7n nhanh ch\u00f3ng<\/li>\n<li>Kh\u1ea3 n\u0103ng h\u1ee7y gi\u1ea5y, th\u1ebb t\u00edn d\u1ee5ng, CD\/ DVD<\/li>\n<li>Ch\u01b0\u0301c n\u0103ng tra\u0309 ng\u01b0\u01a1\u0323c khi<\/li>\n<li>Thi\u1ebft k\u1ebf hi\u1ec7n \u0111\u1ea1i, ti\u1ebft ki\u1ec7m kh\u00f4ng gian<\/li>\n<li>C\u00f4ng su\u1ea5t h\u1ee7y 10 t\u1edd\/l\u1ea7n nhanh ch\u00f3ng<\/li>\n<li>Kh\u1ea3 n\u0103ng h\u1ee7y gi\u1ea5y, th\u1ebb t\u00edn d\u1ee5ng, CD\/ DVD<\/li>\n<li>Ch\u01b0\u0301c n\u0103ng tra\u0309 ng\u01b0\u01a1\u0323c khi ke\u0323t gi\u00e2\u0301y<\/li>\n<li>Kh\u1ea3 n\u0103ng ch\u1ed1ng \u1ed3n cho kh\u00f4ng gian y\u00ean t\u0129nh<\/li>\n<li>Ch\u1ebf \u0111\u1ed9 d\u1eebng t\u1ef1 \u0111\u1ed9ng khi h\u1ebft gi\u1ea5y<\/li>\n<li>ke\u0323t gi\u00e2\u0301y<\/li>\n<li>Kh\u1ea3 n\u0103ng ch\u1ed1ng \u1ed3n cho kh\u00f4ng gian y\u00ean t\u0129nh<\/li>\n<li>Ch\u1ebf \u0111\u1ed9 d\u1eebng t\u1ef1 \u0111\u1ed9ng khi h\u1ebft gi\u1ea5y<\/li>\n<\/ul>\n","protected":false},"excerpt":{"rendered":"<p>Thi\u1ebft k\u1ebf hi\u1ec7n \u0111\u1ea1i, ti\u1ebft ki\u1ec7m kh\u00f4ng gian C\u00f4ng su\u1ea5t h\u1ee7y 10 t\u1edd\/l\u1ea7n nhanh ch\u00f3ng Kh\u1ea3 n\u0103ng h\u1ee7y gi\u1ea5y, th\u1ebb t\u00edn d\u1ee5ng, CD\/ DVD Ch\u01b0\u0301c n\u0103ng tra\u0309 ng\u01b0\u01a1\u0323c khi Thi\u1ebft k\u1ebf hi\u1ec7n \u0111\u1ea1i, ti\u1ebft ki\u1ec7m kh\u00f4ng gian C\u00f4ng su\u1ea5t h\u1ee7y 10 t\u1edd\/l\u1ea7n nhanh ch\u00f3ng Kh\u1ea3 n\u0103ng h\u1ee7y gi\u1ea5y, th\u1ebb t\u00edn d\u1ee5ng, CD\/ DVD Ch\u01b0\u0301c n\u0103ng [&hellip;]<\/p>\n","protected":false},"featured_media":16041,"comment_status":"open","ping_status":"closed","template":"","meta":[],"product_brand":[],"product_cat":[181],"product_tag":[],"class_list":{"0":"post-16060","1":"product","2":"type-product","3":"status-publish","4":"has-post-thumbnail","6":"product_cat-may-huy","8":"first","9":"instock","10":"shipping-taxable","11":"product-type-simple"},"_links":{"self":[{"href":"https:\/\/legiavanphongpham.com\/index.php\/wp-json\/wp\/v2\/product\/16060","targetHints":{"allow":["GET"]}}],"collection":[{"href":"https:\/\/legiavanphongpham.com\/index.php\/wp-json\/wp\/v2\/product"}],"about":[{"href":"https:\/\/legiavanphongpham.com\/index.php\/wp-json\/wp\/v2\/types\/product"}],"replies":[{"embeddable":true,"href":"https:\/\/legiavanphongpham.com\/index.php\/wp-json\/wp\/v2\/comments?post=16060"}],"wp:featuredmedia":[{"embeddable":true,"href":"https:\/\/legiavanphongpham.com\/index.php\/wp-json\/wp\/v2\/media\/16041"}],"wp:attachment":[{"href":"https:\/\/legiavanphongpham.com\/index.php\/wp-json\/wp\/v2\/media?parent=16060"}],"wp:term":[{"taxonomy":"product_brand","embeddable":true,"href":"https:\/\/legiavanphongpham.com\/index.php\/wp-json\/wp\/v2\/product_brand?post=16060"},{"taxonomy":"product_cat","embeddable":true,"href":"https:\/\/legiavanphongpham.com\/index.php\/wp-json\/wp\/v2\/product_cat?post=16060"},{"taxonomy":"product_tag","embeddable":true,"href":"https:\/\/legiavanphongpham.com\/index.php\/wp-json\/wp\/v2\/product_tag?post=16060"}],"curies":[{"name":"wp","href":"https:\/\/api.w.org\/{rel}","templated":true}]}}