{"id":16078,"date":"2021-08-28T14:02:17","date_gmt":"2021-08-28T07:02:17","guid":{"rendered":"https:\/\/legiavanphongpham.com\/?post_type=product&#038;p=16078"},"modified":"2021-08-28T14:02:18","modified_gmt":"2021-08-28T07:02:18","slug":"laptop-dell-inspiron-7306-i5-1135g7-13-3-inch-n3i5202w","status":"publish","type":"product","link":"https:\/\/legiavanphongpham.com\/index.php\/product\/laptop-dell-inspiron-7306-i5-1135g7-13-3-inch-n3i5202w\/","title":{"rendered":"\u2022\tLaptop Dell Inspiron 7306 i5-1135G7 13.3 inch N3I5202W"},"content":{"rendered":"<ul>\n<li>Laptop c\u00f3 tr\u1ecdng l\u01b0\u1ee3ng nh\u1eb9 1.37kg, b\u1ea3n l\u1ec1 c\u00f3 th\u1ec3\u00a0g\u1eadp xoay\u00a0linh ho\u1ea1t 360 \u0111\u1ed9<\/li>\n<li>B\u1ed9 x\u1eed l\u00fd\u00a0i5-1135G7, 8GB RAM cho hi\u1ec7u n\u0103ng m\u1ea1nh m\u1ebd, \u0111a nhi\u1ec7t m\u01b0\u1ee3t m\u00e0<\/li>\n<li>\u1ed4 c\u1ee9ng SSD 512GB cho t\u1ed1c \u0111\u1ed9 ph\u1ea3n h\u1ed3i nhanh ch\u00f3ng, l\u01b0u tr\u1eef nhi\u1ec1u h\u01a1n<\/li>\n<li>M\u00e0n h\u00ecnh 13.3 inch Full HD hi\u1ec3n th\u1ecb h\u00ecnh \u1ea3nh s\u1eafc n\u00e9t, m\u00e0u s\u1eafc s\u1ed1ng \u0111\u1ed9ng<\/li>\n<li>B\u00e0n ph\u00edm c\u00f3 \u0111\u00e8n n\u1ec1n h\u1ed7 tr\u1ee3 ng\u01b0\u1eddi d\u00f9ng trong \u0111i\u1ec1u ki\u1ec7n \u00e1nh s\u00e1ng y\u1ebfu<\/li>\n<li>Laptop trang b\u1ecb c\u1ea3m bi\u1ebfn v\u00e2n tay gi\u00fap m\u1edf m\u00e1y nhanh ch\u00f3ng ch\u1ec9 v\u1edbi 1 ch\u1ea1m<\/li>\n<\/ul>\n","protected":false},"excerpt":{"rendered":"<p>Laptop c\u00f3 tr\u1ecdng l\u01b0\u1ee3ng nh\u1eb9 1.37kg, b\u1ea3n l\u1ec1 c\u00f3 th\u1ec3\u00a0g\u1eadp xoay\u00a0linh ho\u1ea1t 360 \u0111\u1ed9 B\u1ed9 x\u1eed l\u00fd\u00a0i5-1135G7, 8GB RAM cho hi\u1ec7u n\u0103ng m\u1ea1nh m\u1ebd, \u0111a nhi\u1ec7t m\u01b0\u1ee3t m\u00e0 \u1ed4 c\u1ee9ng SSD 512GB cho t\u1ed1c \u0111\u1ed9 ph\u1ea3n h\u1ed3i nhanh ch\u00f3ng, l\u01b0u tr\u1eef nhi\u1ec1u h\u01a1n M\u00e0n h\u00ecnh 13.3 inch Full HD hi\u1ec3n th\u1ecb h\u00ecnh \u1ea3nh s\u1eafc n\u00e9t, [&hellip;]<\/p>\n","protected":false},"featured_media":16067,"comment_status":"open","ping_status":"closed","template":"","meta":[],"product_brand":[],"product_cat":[179],"product_tag":[],"class_list":{"0":"post-16078","1":"product","2":"type-product","3":"status-publish","4":"has-post-thumbnail","6":"product_cat-may-tinh-xach-tay","8":"first","9":"instock","10":"shipping-taxable","11":"product-type-simple"},"_links":{"self":[{"href":"https:\/\/legiavanphongpham.com\/index.php\/wp-json\/wp\/v2\/product\/16078","targetHints":{"allow":["GET"]}}],"collection":[{"href":"https:\/\/legiavanphongpham.com\/index.php\/wp-json\/wp\/v2\/product"}],"about":[{"href":"https:\/\/legiavanphongpham.com\/index.php\/wp-json\/wp\/v2\/types\/product"}],"replies":[{"embeddable":true,"href":"https:\/\/legiavanphongpham.com\/index.php\/wp-json\/wp\/v2\/comments?post=16078"}],"wp:featuredmedia":[{"embeddable":true,"href":"https:\/\/legiavanphongpham.com\/index.php\/wp-json\/wp\/v2\/media\/16067"}],"wp:attachment":[{"href":"https:\/\/legiavanphongpham.com\/index.php\/wp-json\/wp\/v2\/media?parent=16078"}],"wp:term":[{"taxonomy":"product_brand","embeddable":true,"href":"https:\/\/legiavanphongpham.com\/index.php\/wp-json\/wp\/v2\/product_brand?post=16078"},{"taxonomy":"product_cat","embeddable":true,"href":"https:\/\/legiavanphongpham.com\/index.php\/wp-json\/wp\/v2\/product_cat?post=16078"},{"taxonomy":"product_tag","embeddable":true,"href":"https:\/\/legiavanphongpham.com\/index.php\/wp-json\/wp\/v2\/product_tag?post=16078"}],"curies":[{"name":"wp","href":"https:\/\/api.w.org\/{rel}","templated":true}]}}