{"id":16079,"date":"2021-08-28T14:03:29","date_gmt":"2021-08-28T07:03:29","guid":{"rendered":"https:\/\/legiavanphongpham.com\/?post_type=product&#038;p=16079"},"modified":"2021-08-28T14:03:29","modified_gmt":"2021-08-28T07:03:29","slug":"laptop-dell-g3-15-i7-10750h-15-6-inch-p89f002bwh","status":"publish","type":"product","link":"https:\/\/legiavanphongpham.com\/index.php\/product\/laptop-dell-g3-15-i7-10750h-15-6-inch-p89f002bwh\/","title":{"rendered":"Laptop Dell G3 15 i7-10750H 15.6 inch P89F002BWH"},"content":{"rendered":"<ul>\n<li>B\u1ed9 vi x\u1eed l\u00fd\u00a0Intel Core i7\u00a010750H m\u1ea1nh m\u1ebd gi\u00fap x\u1eed l\u00fd t\u00e1c v\u1ee5 nhanh ch\u00f3ng<\/li>\n<li><a href=\"https:\/\/www.nguyenkim.com\/ram-la-gi-chuc-nang-cua-ram-la-gi-su-khac-nhau-giua-ram-ddr3-ddr4.html\"><strong>RAM<\/strong><\/a>16GB DDR4 gi\u00fap laptop \u0111a nhi\u1ec7m m\u01b0\u1ee3t m\u00e0, kh\u00f4ng gi\u1eadt x\u00e9 m\u00e0n h\u00ecnh<\/li>\n<li><a href=\"https:\/\/www.nguyenkim.com\/o-cung-la-gi-tim-hieu-o-cung-ssd-va-hdd.html\"><strong>\u1ed4 c\u1ee9ng SSD<\/strong><\/a>512GB cho t\u1ed1c \u0111\u1ed9 ph\u1ea3n h\u1ed3i nhanh, tho\u1ea3i m\u00e1i l\u01b0u tr\u1eef d\u1eef li\u1ec7u<\/li>\n<li>Chi\u1ebfn c\u00e1c t\u1ef1a game th\u1ecbnh h\u00e0nh nh\u1edd Card \u0111\u1ed3 h\u1ecda GeForce GTX\u00a01660Ti 6 GB<\/li>\n<li>M\u00e0n h\u00ecnh 15.6 inch Full HD hi\u1ec3n th\u1ecb h\u00ecnh \u1ea3nh s\u1eafc n\u00e9t, m\u00e0u s\u1eafc ch\u00e2n th\u1ef1c<\/li>\n<li>C\u1ea3m bi\u1ebfn v\u00e2n tay ngay tr\u00ean n\u00fat ngu\u1ed3n gi\u00fap m\u1edf m\u00e1y nhanh ch\u00f3ng, an to\u00e0n<\/li>\n<li>C\u1ed5ng k\u1ebft n\u1ed1i th\u00f4ng d\u1ee5ng: USB 3.2, HDMI, LAN RJ45, Thunderbolt 3, USB 2.0,&#8230;<\/li>\n<\/ul>\n","protected":false},"excerpt":{"rendered":"<p>B\u1ed9 vi x\u1eed l\u00fd\u00a0Intel Core i7\u00a010750H m\u1ea1nh m\u1ebd gi\u00fap x\u1eed l\u00fd t\u00e1c v\u1ee5 nhanh ch\u00f3ng RAM16GB DDR4 gi\u00fap laptop \u0111a nhi\u1ec7m m\u01b0\u1ee3t m\u00e0, kh\u00f4ng gi\u1eadt x\u00e9 m\u00e0n h\u00ecnh \u1ed4 c\u1ee9ng SSD512GB cho t\u1ed1c \u0111\u1ed9 ph\u1ea3n h\u1ed3i nhanh, tho\u1ea3i m\u00e1i l\u01b0u tr\u1eef d\u1eef li\u1ec7u Chi\u1ebfn c\u00e1c t\u1ef1a game th\u1ecbnh h\u00e0nh nh\u1edd Card \u0111\u1ed3 h\u1ecda GeForce GTX\u00a01660Ti [&hellip;]<\/p>\n","protected":false},"featured_media":16075,"comment_status":"open","ping_status":"closed","template":"","meta":[],"product_brand":[],"product_cat":[179],"product_tag":[],"class_list":{"0":"post-16079","1":"product","2":"type-product","3":"status-publish","4":"has-post-thumbnail","6":"product_cat-may-tinh-xach-tay","8":"first","9":"instock","10":"shipping-taxable","11":"product-type-simple"},"_links":{"self":[{"href":"https:\/\/legiavanphongpham.com\/index.php\/wp-json\/wp\/v2\/product\/16079","targetHints":{"allow":["GET"]}}],"collection":[{"href":"https:\/\/legiavanphongpham.com\/index.php\/wp-json\/wp\/v2\/product"}],"about":[{"href":"https:\/\/legiavanphongpham.com\/index.php\/wp-json\/wp\/v2\/types\/product"}],"replies":[{"embeddable":true,"href":"https:\/\/legiavanphongpham.com\/index.php\/wp-json\/wp\/v2\/comments?post=16079"}],"wp:featuredmedia":[{"embeddable":true,"href":"https:\/\/legiavanphongpham.com\/index.php\/wp-json\/wp\/v2\/media\/16075"}],"wp:attachment":[{"href":"https:\/\/legiavanphongpham.com\/index.php\/wp-json\/wp\/v2\/media?parent=16079"}],"wp:term":[{"taxonomy":"product_brand","embeddable":true,"href":"https:\/\/legiavanphongpham.com\/index.php\/wp-json\/wp\/v2\/product_brand?post=16079"},{"taxonomy":"product_cat","embeddable":true,"href":"https:\/\/legiavanphongpham.com\/index.php\/wp-json\/wp\/v2\/product_cat?post=16079"},{"taxonomy":"product_tag","embeddable":true,"href":"https:\/\/legiavanphongpham.com\/index.php\/wp-json\/wp\/v2\/product_tag?post=16079"}],"curies":[{"name":"wp","href":"https:\/\/api.w.org\/{rel}","templated":true}]}}