{"id":16080,"date":"2021-08-28T14:04:04","date_gmt":"2021-08-28T07:04:04","guid":{"rendered":"https:\/\/legiavanphongpham.com\/?post_type=product&#038;p=16080"},"modified":"2021-08-28T14:04:04","modified_gmt":"2021-08-28T07:04:04","slug":"laptop-dell-p130g002-i5-1135g7-14-inch-v5402a","status":"publish","type":"product","link":"https:\/\/legiavanphongpham.com\/index.php\/product\/laptop-dell-p130g002-i5-1135g7-14-inch-v5402a\/","title":{"rendered":"Laptop Dell P130G002 i5-1135G7 14 inch V5402A"},"content":{"rendered":"<ul>\n<li>Thi\u1ebft k\u1ebf g\u1ecdn nh\u1eb9 gi\u00fap ng\u01b0\u1eddi d\u00f9ng d\u1ec5 d\u00e0ng mang theo s\u1eed d\u1ee5ng<\/li>\n<li>M\u00e0n h\u00ecnh 14&#8221; FHD mang \u0111\u1ebfn khung h\u00ecnh r\u1ed9ng r\u00e3i, h\u00ecnh \u1ea3nh r\u00f5 n\u00e9t<\/li>\n<li>CPU Core i5-1135G7, 8GB RAM cho hi\u1ec7u n\u0103ng m\u01b0\u1ee3t m\u00e0\u00a0\u1ed5n \u0111\u1ecbnh<\/li>\n<li>\u1ed4 c\u1ee9ng SSD 256GB gi\u00fap kh\u1edfi \u0111\u1ed9ng m\u00e1y, m\u1edf \u1ee9ng d\u1ee5ng nhanh h\u01a1n<\/li>\n<li>Laptop trang b\u1ecb \u0111a d\u1ea1ng c\u00e1c c\u1ed5ng k\u1ebft n\u1ed1i th\u00f4ng d\u1ee5ng, ph\u1ed5 bi\u1ebfn<\/li>\n<\/ul>\n","protected":false},"excerpt":{"rendered":"<p>Thi\u1ebft k\u1ebf g\u1ecdn nh\u1eb9 gi\u00fap ng\u01b0\u1eddi d\u00f9ng d\u1ec5 d\u00e0ng mang theo s\u1eed d\u1ee5ng M\u00e0n h\u00ecnh 14&#8221; FHD mang \u0111\u1ebfn khung h\u00ecnh r\u1ed9ng r\u00e3i, h\u00ecnh \u1ea3nh r\u00f5 n\u00e9t CPU Core i5-1135G7, 8GB RAM cho hi\u1ec7u n\u0103ng m\u01b0\u1ee3t m\u00e0\u00a0\u1ed5n \u0111\u1ecbnh \u1ed4 c\u1ee9ng SSD 256GB gi\u00fap kh\u1edfi \u0111\u1ed9ng m\u00e1y, m\u1edf \u1ee9ng d\u1ee5ng nhanh h\u01a1n Laptop trang b\u1ecb \u0111a [&hellip;]<\/p>\n","protected":false},"featured_media":16063,"comment_status":"open","ping_status":"closed","template":"","meta":[],"product_brand":[],"product_cat":[179],"product_tag":[],"class_list":{"0":"post-16080","1":"product","2":"type-product","3":"status-publish","4":"has-post-thumbnail","6":"product_cat-may-tinh-xach-tay","8":"first","9":"instock","10":"shipping-taxable","11":"product-type-simple"},"_links":{"self":[{"href":"https:\/\/legiavanphongpham.com\/index.php\/wp-json\/wp\/v2\/product\/16080","targetHints":{"allow":["GET"]}}],"collection":[{"href":"https:\/\/legiavanphongpham.com\/index.php\/wp-json\/wp\/v2\/product"}],"about":[{"href":"https:\/\/legiavanphongpham.com\/index.php\/wp-json\/wp\/v2\/types\/product"}],"replies":[{"embeddable":true,"href":"https:\/\/legiavanphongpham.com\/index.php\/wp-json\/wp\/v2\/comments?post=16080"}],"wp:featuredmedia":[{"embeddable":true,"href":"https:\/\/legiavanphongpham.com\/index.php\/wp-json\/wp\/v2\/media\/16063"}],"wp:attachment":[{"href":"https:\/\/legiavanphongpham.com\/index.php\/wp-json\/wp\/v2\/media?parent=16080"}],"wp:term":[{"taxonomy":"product_brand","embeddable":true,"href":"https:\/\/legiavanphongpham.com\/index.php\/wp-json\/wp\/v2\/product_brand?post=16080"},{"taxonomy":"product_cat","embeddable":true,"href":"https:\/\/legiavanphongpham.com\/index.php\/wp-json\/wp\/v2\/product_cat?post=16080"},{"taxonomy":"product_tag","embeddable":true,"href":"https:\/\/legiavanphongpham.com\/index.php\/wp-json\/wp\/v2\/product_tag?post=16080"}],"curies":[{"name":"wp","href":"https:\/\/api.w.org\/{rel}","templated":true}]}}