{"id":16087,"date":"2021-08-28T15:30:48","date_gmt":"2021-08-28T08:30:48","guid":{"rendered":"https:\/\/legiavanphongpham.com\/?post_type=product&#038;p=16087"},"modified":"2021-08-28T15:30:49","modified_gmt":"2021-08-28T08:30:49","slug":"pc-dell-vostro-3681-i5-10400-4gb-1tbhdd-70226495","status":"publish","type":"product","link":"https:\/\/legiavanphongpham.com\/index.php\/product\/pc-dell-vostro-3681-i5-10400-4gb-1tbhdd-70226495\/","title":{"rendered":"PC Dell Vostro 3681 i5-10400\/4GB\/1TBHDD 70226495"},"content":{"rendered":"<ul>\n<li>PC c\u00f3 thi\u1ebft k\u1ebf\u00a0thon g\u1ecdn, d\u1ec5 d\u00e0ng l\u1eafp \u0111\u1eb7t, b\u1ed1 tr\u00ed trong kh\u00f4ng gian l\u00e0m vi\u1ec7c<\/li>\n<li>Chip Intel Core i5- 10400\u00a0kh\u1ea3 n\u0103ng x\u1eed l\u00fd t\u00e1c v\u1ee5 nhanh ch\u00f3ng, m\u01b0\u1ee3t m\u00e0<\/li>\n<li>RAM 4G cho kh\u1ea3 n\u0103ng \u0111a nhi\u1ec7m \u1ed5n \u0111\u1ecbnh, ch\u1ea1y t\u1ed1t nhi\u1ec1u \u1ee9ng d\u1ee5ng c\u00f9ng l\u00fac<\/li>\n<li>B\u1ed9 nh\u1edb HDD 1TB mang \u0111\u1ebfn kh\u1ea3 n\u0103ng l\u01b0u tr\u1eef m\u1ed9t l\u01b0\u1ee3ng l\u1edbn dung l\u01b0\u1ee3ng<\/li>\n<li>Ki\u1ec3m so\u00e1t nhi\u1ec7t th\u00f4ng qua c\u00e1c l\u1ed7 th\u00f4ng kh\u00ed gi\u00fap n\u00e2ng cao tu\u1ed5i th\u1ecd c\u1ee7a m\u00e1y<\/li>\n<li>Dell Vostro 3681 c\u00f3 c\u1ed5ng k\u1ebft n\u1ed1i \u0111a d\u1ea1ng: 4 x USB 3.2 , 4 x USB 2.0, HDMI,&#8230;<\/li>\n<\/ul>\n","protected":false},"excerpt":{"rendered":"<p>PC c\u00f3 thi\u1ebft k\u1ebf\u00a0thon g\u1ecdn, d\u1ec5 d\u00e0ng l\u1eafp \u0111\u1eb7t, b\u1ed1 tr\u00ed trong kh\u00f4ng gian l\u00e0m vi\u1ec7c Chip Intel Core i5- 10400\u00a0kh\u1ea3 n\u0103ng x\u1eed l\u00fd t\u00e1c v\u1ee5 nhanh ch\u00f3ng, m\u01b0\u1ee3t m\u00e0 RAM 4G cho kh\u1ea3 n\u0103ng \u0111a nhi\u1ec7m \u1ed5n \u0111\u1ecbnh, ch\u1ea1y t\u1ed1t nhi\u1ec1u \u1ee9ng d\u1ee5ng c\u00f9ng l\u00fac B\u1ed9 nh\u1edb HDD 1TB mang \u0111\u1ebfn kh\u1ea3 n\u0103ng l\u01b0u [&hellip;]<\/p>\n","protected":false},"featured_media":16070,"comment_status":"open","ping_status":"closed","template":"","meta":[],"product_brand":[],"product_cat":[178],"product_tag":[],"class_list":{"0":"post-16087","1":"product","2":"type-product","3":"status-publish","4":"has-post-thumbnail","6":"product_cat-may-tinh-de-ban","8":"first","9":"instock","10":"shipping-taxable","11":"product-type-simple"},"_links":{"self":[{"href":"https:\/\/legiavanphongpham.com\/index.php\/wp-json\/wp\/v2\/product\/16087","targetHints":{"allow":["GET"]}}],"collection":[{"href":"https:\/\/legiavanphongpham.com\/index.php\/wp-json\/wp\/v2\/product"}],"about":[{"href":"https:\/\/legiavanphongpham.com\/index.php\/wp-json\/wp\/v2\/types\/product"}],"replies":[{"embeddable":true,"href":"https:\/\/legiavanphongpham.com\/index.php\/wp-json\/wp\/v2\/comments?post=16087"}],"wp:featuredmedia":[{"embeddable":true,"href":"https:\/\/legiavanphongpham.com\/index.php\/wp-json\/wp\/v2\/media\/16070"}],"wp:attachment":[{"href":"https:\/\/legiavanphongpham.com\/index.php\/wp-json\/wp\/v2\/media?parent=16087"}],"wp:term":[{"taxonomy":"product_brand","embeddable":true,"href":"https:\/\/legiavanphongpham.com\/index.php\/wp-json\/wp\/v2\/product_brand?post=16087"},{"taxonomy":"product_cat","embeddable":true,"href":"https:\/\/legiavanphongpham.com\/index.php\/wp-json\/wp\/v2\/product_cat?post=16087"},{"taxonomy":"product_tag","embeddable":true,"href":"https:\/\/legiavanphongpham.com\/index.php\/wp-json\/wp\/v2\/product_tag?post=16087"}],"curies":[{"name":"wp","href":"https:\/\/api.w.org\/{rel}","templated":true}]}}