{"id":16128,"date":"2021-08-28T15:44:59","date_gmt":"2021-08-28T08:44:59","guid":{"rendered":"https:\/\/legiavanphongpham.com\/?post_type=product&#038;p=16128"},"modified":"2021-08-30T08:42:11","modified_gmt":"2021-08-30T01:42:11","slug":"xeroc-sc2020","status":"publish","type":"product","link":"https:\/\/legiavanphongpham.com\/index.php\/product\/xeroc-sc2020\/","title":{"rendered":"XEROC SC2020"},"content":{"rendered":"<table>\n<tbody>\n<tr>\n<td><strong>&#8211;\u00a0M\u00e3m\u1ef1c\u00a0 \u00a0 \u00a0 \u00a0 :\u00a0\u00a0Fuji Xerox DocuCentre SC2020 (CT202246)<\/strong><\/p>\n<p><strong>&#8211; Lo\u1ea1im\u1ef1c\u00a0 \u00a0 \u00a0 :\u00a0Photo m\u00e0u<\/strong><\/p>\n<p><strong>&#8211; M\u00e0um\u1ef1c\u00a0 \u00a0 \u00a0 :\u00a0 \u0111en<\/strong><\/p>\n<p><strong>&#8211; B\u1ea3n in\u00a0 \u00a0 \u00a0 \u00a0 \u00a0 : \u00a09.000 trang\u00a0<\/strong><strong>(\u0111\u1ed9ph\u1ee7m\u1ef1c 5%)<\/strong><\/p>\n<p><strong>&#8211; Xu\u1ea5tx\u1ee9\u00a0 \u00a0 \u00a0 \u00a0 \u00a0: TrungQu\u1ed1c\u00a0<\/strong><\/p>\n<p><strong>&#8211; Th\u01b0\u01a1nghi\u1ec7u : AT VI\u1ec6T NAM<\/strong><\/p>\n<p><strong>&#8211; Ch\u1ea5tL\u01b0\u1ee3ng\u00a0 \u00a0: H\u00e0ngm\u1edbi 100% Nguy\u00ean\u0111ai,nguy\u00eanki\u1ec7n.<\/strong><\/td>\n<\/tr>\n<\/tbody>\n<\/table>\n","protected":false},"excerpt":{"rendered":"<p>&#8211;\u00a0M\u00e3m\u1ef1c\u00a0 \u00a0 \u00a0 \u00a0 :\u00a0\u00a0Fuji Xerox DocuCentre SC2020 (CT202246) &#8211; Lo\u1ea1im\u1ef1c\u00a0 \u00a0 \u00a0 :\u00a0Photo m\u00e0u &#8211; M\u00e0um\u1ef1c\u00a0 \u00a0 \u00a0 :\u00a0 \u0111en &#8211; B\u1ea3n in\u00a0 \u00a0 \u00a0 \u00a0 \u00a0 : \u00a09.000 trang\u00a0(\u0111\u1ed9ph\u1ee7m\u1ef1c 5%) &#8211; Xu\u1ea5tx\u1ee9\u00a0 \u00a0 \u00a0 \u00a0 \u00a0: TrungQu\u1ed1c\u00a0 &#8211; Th\u01b0\u01a1nghi\u1ec7u : AT VI\u1ec6T NAM &#8211; Ch\u1ea5tL\u01b0\u1ee3ng\u00a0 \u00a0: H\u00e0ngm\u1edbi 100% Nguy\u00ean\u0111ai,nguy\u00eanki\u1ec7n.<\/p>\n","protected":false},"featured_media":16160,"comment_status":"open","ping_status":"closed","template":"","meta":[],"product_brand":[],"product_cat":[182],"product_tag":[],"class_list":{"0":"post-16128","1":"product","2":"type-product","3":"status-publish","4":"has-post-thumbnail","6":"product_cat-muc-in-laser","8":"first","9":"instock","10":"shipping-taxable","11":"product-type-simple"},"_links":{"self":[{"href":"https:\/\/legiavanphongpham.com\/index.php\/wp-json\/wp\/v2\/product\/16128","targetHints":{"allow":["GET"]}}],"collection":[{"href":"https:\/\/legiavanphongpham.com\/index.php\/wp-json\/wp\/v2\/product"}],"about":[{"href":"https:\/\/legiavanphongpham.com\/index.php\/wp-json\/wp\/v2\/types\/product"}],"replies":[{"embeddable":true,"href":"https:\/\/legiavanphongpham.com\/index.php\/wp-json\/wp\/v2\/comments?post=16128"}],"wp:featuredmedia":[{"embeddable":true,"href":"https:\/\/legiavanphongpham.com\/index.php\/wp-json\/wp\/v2\/media\/16160"}],"wp:attachment":[{"href":"https:\/\/legiavanphongpham.com\/index.php\/wp-json\/wp\/v2\/media?parent=16128"}],"wp:term":[{"taxonomy":"product_brand","embeddable":true,"href":"https:\/\/legiavanphongpham.com\/index.php\/wp-json\/wp\/v2\/product_brand?post=16128"},{"taxonomy":"product_cat","embeddable":true,"href":"https:\/\/legiavanphongpham.com\/index.php\/wp-json\/wp\/v2\/product_cat?post=16128"},{"taxonomy":"product_tag","embeddable":true,"href":"https:\/\/legiavanphongpham.com\/index.php\/wp-json\/wp\/v2\/product_tag?post=16128"}],"curies":[{"name":"wp","href":"https:\/\/api.w.org\/{rel}","templated":true}]}}