{"id":16186,"date":"2021-08-30T08:49:14","date_gmt":"2021-08-30T01:49:14","guid":{"rendered":"https:\/\/legiavanphongpham.com\/?post_type=product&#038;p=16186"},"modified":"2021-08-31T15:07:10","modified_gmt":"2021-08-31T08:07:10","slug":"brother-tn-2130","status":"publish","type":"product","link":"https:\/\/legiavanphongpham.com\/index.php\/product\/brother-tn-2130\/","title":{"rendered":"BROTHER TN 2130"},"content":{"rendered":"<table>\n<tbody>\n<tr>\n<td>Lo\u1ea1im\u1ef1c in: M\u1ef1c in Brother\u00a0Laser \u0111entr\u1eafng A4 ch\u00ednhh\u00e3ng<\/p>\n<p>&#8211; D\u00f9ngchom\u00e1y: Brother\u00a0HL-2140,2150N,2170W DCP-7030,7040,\u00a0MFC-7340,7450,7840N<\/p>\n<p>&#8211; M\u00e0us\u1eafc: H\u1ed9pm\u1ef1cm\u00e0u\u0111en<\/p>\n<p>&#8211; M\u00e3h\u1ed9p\u00a0m\u1ef1c: Brother TN-2130<\/p>\n<p>&#8211; S\u1ed1l\u01b0\u1ee3ngb\u1ea3n in: kho\u1ea3ng 1.500 trang<\/td>\n<\/tr>\n<\/tbody>\n<\/table>\n","protected":false},"excerpt":{"rendered":"<p>Lo\u1ea1im\u1ef1c in: M\u1ef1c in Brother\u00a0Laser \u0111entr\u1eafng A4 ch\u00ednhh\u00e3ng &#8211; D\u00f9ngchom\u00e1y: Brother\u00a0HL-2140,2150N,2170W DCP-7030,7040,\u00a0MFC-7340,7450,7840N &#8211; M\u00e0us\u1eafc: H\u1ed9pm\u1ef1cm\u00e0u\u0111en &#8211; M\u00e3h\u1ed9p\u00a0m\u1ef1c: Brother TN-2130 &#8211; S\u1ed1l\u01b0\u1ee3ngb\u1ea3n in: kho\u1ea3ng 1.500 trang<\/p>\n","protected":false},"featured_media":16925,"comment_status":"open","ping_status":"closed","template":"","meta":[],"product_brand":[],"product_cat":[182],"product_tag":[],"class_list":{"0":"post-16186","1":"product","2":"type-product","3":"status-publish","4":"has-post-thumbnail","6":"product_cat-muc-in-laser","8":"first","9":"instock","10":"shipping-taxable","11":"product-type-simple"},"_links":{"self":[{"href":"https:\/\/legiavanphongpham.com\/index.php\/wp-json\/wp\/v2\/product\/16186","targetHints":{"allow":["GET"]}}],"collection":[{"href":"https:\/\/legiavanphongpham.com\/index.php\/wp-json\/wp\/v2\/product"}],"about":[{"href":"https:\/\/legiavanphongpham.com\/index.php\/wp-json\/wp\/v2\/types\/product"}],"replies":[{"embeddable":true,"href":"https:\/\/legiavanphongpham.com\/index.php\/wp-json\/wp\/v2\/comments?post=16186"}],"wp:featuredmedia":[{"embeddable":true,"href":"https:\/\/legiavanphongpham.com\/index.php\/wp-json\/wp\/v2\/media\/16925"}],"wp:attachment":[{"href":"https:\/\/legiavanphongpham.com\/index.php\/wp-json\/wp\/v2\/media?parent=16186"}],"wp:term":[{"taxonomy":"product_brand","embeddable":true,"href":"https:\/\/legiavanphongpham.com\/index.php\/wp-json\/wp\/v2\/product_brand?post=16186"},{"taxonomy":"product_cat","embeddable":true,"href":"https:\/\/legiavanphongpham.com\/index.php\/wp-json\/wp\/v2\/product_cat?post=16186"},{"taxonomy":"product_tag","embeddable":true,"href":"https:\/\/legiavanphongpham.com\/index.php\/wp-json\/wp\/v2\/product_tag?post=16186"}],"curies":[{"name":"wp","href":"https:\/\/api.w.org\/{rel}","templated":true}]}}