{"id":16188,"date":"2021-08-30T08:52:12","date_gmt":"2021-08-30T01:52:12","guid":{"rendered":"https:\/\/legiavanphongpham.com\/?post_type=product&#038;p=16188"},"modified":"2021-08-30T08:52:12","modified_gmt":"2021-08-30T01:52:12","slug":"canon-308","status":"publish","type":"product","link":"https:\/\/legiavanphongpham.com\/index.php\/product\/canon-308\/","title":{"rendered":"CANON 308"},"content":{"rendered":"<p>S\u1eedd\u1ee5ngchoM\u00e1y in Canon LBP 3300, LBP 3360 v\u00e0m\u00e1y in Hp LaserJet 1160, 1320, 1320N, MFP-3390, 3392.<br \/>\n* S\u1ed0 TRANG IN : 2.500 PAGES<\/p>\n","protected":false},"excerpt":{"rendered":"<p>S\u1eedd\u1ee5ngchoM\u00e1y in Canon LBP 3300, LBP 3360 v\u00e0m\u00e1y in Hp LaserJet 1160, 1320, 1320N, MFP-3390, 3392. * S\u1ed0 TRANG IN : 2.500 PAGES<\/p>\n","protected":false},"featured_media":16163,"comment_status":"open","ping_status":"closed","template":"","meta":[],"product_brand":[],"product_cat":[182],"product_tag":[],"class_list":{"0":"post-16188","1":"product","2":"type-product","3":"status-publish","4":"has-post-thumbnail","6":"product_cat-muc-in-laser","8":"first","9":"instock","10":"shipping-taxable","11":"product-type-simple"},"_links":{"self":[{"href":"https:\/\/legiavanphongpham.com\/index.php\/wp-json\/wp\/v2\/product\/16188","targetHints":{"allow":["GET"]}}],"collection":[{"href":"https:\/\/legiavanphongpham.com\/index.php\/wp-json\/wp\/v2\/product"}],"about":[{"href":"https:\/\/legiavanphongpham.com\/index.php\/wp-json\/wp\/v2\/types\/product"}],"replies":[{"embeddable":true,"href":"https:\/\/legiavanphongpham.com\/index.php\/wp-json\/wp\/v2\/comments?post=16188"}],"wp:featuredmedia":[{"embeddable":true,"href":"https:\/\/legiavanphongpham.com\/index.php\/wp-json\/wp\/v2\/media\/16163"}],"wp:attachment":[{"href":"https:\/\/legiavanphongpham.com\/index.php\/wp-json\/wp\/v2\/media?parent=16188"}],"wp:term":[{"taxonomy":"product_brand","embeddable":true,"href":"https:\/\/legiavanphongpham.com\/index.php\/wp-json\/wp\/v2\/product_brand?post=16188"},{"taxonomy":"product_cat","embeddable":true,"href":"https:\/\/legiavanphongpham.com\/index.php\/wp-json\/wp\/v2\/product_cat?post=16188"},{"taxonomy":"product_tag","embeddable":true,"href":"https:\/\/legiavanphongpham.com\/index.php\/wp-json\/wp\/v2\/product_tag?post=16188"}],"curies":[{"name":"wp","href":"https:\/\/api.w.org\/{rel}","templated":true}]}}