{"id":16189,"date":"2021-08-30T08:52:54","date_gmt":"2021-08-30T01:52:54","guid":{"rendered":"https:\/\/legiavanphongpham.com\/?post_type=product&#038;p=16189"},"modified":"2021-08-30T08:52:54","modified_gmt":"2021-08-30T01:52:54","slug":"canon-309-dl","status":"publish","type":"product","link":"https:\/\/legiavanphongpham.com\/index.php\/product\/canon-309-dl\/","title":{"rendered":"CANON 309 DL"},"content":{"rendered":"<table>\n<tbody>\n<tr>\n<td><strong>Lo\u1ea1im\u1ef1c in:\u00a0<\/strong>M\u1ef1c in Canon Laser \u0111entr\u1eafng<\/p>\n<p><strong>M\u00e0us\u1eafc:\u00a0<\/strong>H\u1ed9pm\u1ef1c<strong>\u00a0<\/strong>m\u00e0u\u0111en<\/p>\n<p><strong>M\u00e3m\u1ef1c :<\/strong>\u00a0<a href=\"https:\/\/www.toanphat.com\/muc-in-laser-canon-canon-ep-309-cho-canon-350053506535\/p884.html\">Canon\u00a0EP-309<\/a>\u00a0Toner Cartridge &#8211; Black<\/p>\n<p><strong>Lo\u1ea1im\u00e1y in s\u1eedd\u1ee5ng :\u00a0<\/strong>Canon\u00a0LPB 3500, 5350, 6530,HP Lj-5200L ,\u00a0 5200 ,\u00a0 5200N ,\u00a0 5200TN ,\u00a0 5200DTN<\/p>\n<p><strong>Dung l\u01b0\u1ee3ng :<\/strong>\u00a0In kho\u1ea3ng 12.000 trang (v\u1edbi\u0111\u1ed9cheph\u1ee7 5%)<\/td>\n<\/tr>\n<\/tbody>\n<\/table>\n","protected":false},"excerpt":{"rendered":"<p>Lo\u1ea1im\u1ef1c in:\u00a0M\u1ef1c in Canon Laser \u0111entr\u1eafng M\u00e0us\u1eafc:\u00a0H\u1ed9pm\u1ef1c\u00a0m\u00e0u\u0111en M\u00e3m\u1ef1c :\u00a0Canon\u00a0EP-309\u00a0Toner Cartridge &#8211; Black Lo\u1ea1im\u00e1y in s\u1eedd\u1ee5ng :\u00a0Canon\u00a0LPB 3500, 5350, 6530,HP Lj-5200L ,\u00a0 5200 ,\u00a0 5200N ,\u00a0 5200TN ,\u00a0 5200DTN Dung l\u01b0\u1ee3ng :\u00a0In kho\u1ea3ng 12.000 trang (v\u1edbi\u0111\u1ed9cheph\u1ee7 5%)<\/p>\n","protected":false},"featured_media":16164,"comment_status":"open","ping_status":"closed","template":"","meta":[],"product_brand":[],"product_cat":[182],"product_tag":[],"class_list":{"0":"post-16189","1":"product","2":"type-product","3":"status-publish","4":"has-post-thumbnail","6":"product_cat-muc-in-laser","8":"first","9":"instock","10":"shipping-taxable","11":"product-type-simple"},"_links":{"self":[{"href":"https:\/\/legiavanphongpham.com\/index.php\/wp-json\/wp\/v2\/product\/16189","targetHints":{"allow":["GET"]}}],"collection":[{"href":"https:\/\/legiavanphongpham.com\/index.php\/wp-json\/wp\/v2\/product"}],"about":[{"href":"https:\/\/legiavanphongpham.com\/index.php\/wp-json\/wp\/v2\/types\/product"}],"replies":[{"embeddable":true,"href":"https:\/\/legiavanphongpham.com\/index.php\/wp-json\/wp\/v2\/comments?post=16189"}],"wp:featuredmedia":[{"embeddable":true,"href":"https:\/\/legiavanphongpham.com\/index.php\/wp-json\/wp\/v2\/media\/16164"}],"wp:attachment":[{"href":"https:\/\/legiavanphongpham.com\/index.php\/wp-json\/wp\/v2\/media?parent=16189"}],"wp:term":[{"taxonomy":"product_brand","embeddable":true,"href":"https:\/\/legiavanphongpham.com\/index.php\/wp-json\/wp\/v2\/product_brand?post=16189"},{"taxonomy":"product_cat","embeddable":true,"href":"https:\/\/legiavanphongpham.com\/index.php\/wp-json\/wp\/v2\/product_cat?post=16189"},{"taxonomy":"product_tag","embeddable":true,"href":"https:\/\/legiavanphongpham.com\/index.php\/wp-json\/wp\/v2\/product_tag?post=16189"}],"curies":[{"name":"wp","href":"https:\/\/api.w.org\/{rel}","templated":true}]}}