{"id":16190,"date":"2021-08-30T08:53:40","date_gmt":"2021-08-30T01:53:40","guid":{"rendered":"https:\/\/legiavanphongpham.com\/?post_type=product&#038;p=16190"},"modified":"2021-08-31T14:52:25","modified_gmt":"2021-08-31T07:52:25","slug":"canon-319","status":"publish","type":"product","link":"https:\/\/legiavanphongpham.com\/index.php\/product\/canon-319\/","title":{"rendered":"Canon 319"},"content":{"rendered":"<table>\n<tbody>\n<tr>\n<td>M\u1ef1c in Lazer Canon 319 c\u00f3s\u1ed1l\u01b0\u1ee3ngtrang in\u00a0t\u1ed1i\u0111a 2.100 trang (v\u1edbi\u0111\u1ed9ph\u1ee7m\u1ef1c 5% trang in, theo\u00a0ti\u00eauchu\u1ea9n ISO\/IEC 19752). M\u1ef1c in Canon mang\u0111\u1ebfnhi\u1ec7usu\u1ea5t in \u1ea5nti\u00eauchu\u1ea9nch\u1ea5tl\u01b0\u1ee3ngv\u1edbihi\u1ec7usu\u1ea5tkh\u00e1cao, \u0111\u00e1p\u1ee9ngt\u1ed1i\u0111anhuc\u1ea7uc\u1ee7ac\u00e1cdoanhnghi\u1ec7pv\u00e0c\u00e1nh\u00e2n.<\/td>\n<\/tr>\n<\/tbody>\n<\/table>\n<p>M\u1ef1c in laser Canon EP-319\u00a0d\u00e0nhri\u00eangchoc\u00e1cd\u00f2ngm\u00e1y in\u00a0LBP 6650DN, LBP 6300DN, MF5870DN, MF 5980Dw<\/p>\n","protected":false},"excerpt":{"rendered":"<p>M\u1ef1c in Lazer Canon 319 c\u00f3s\u1ed1l\u01b0\u1ee3ngtrang in\u00a0t\u1ed1i\u0111a 2.100 trang (v\u1edbi\u0111\u1ed9ph\u1ee7m\u1ef1c 5% trang in, theo\u00a0ti\u00eauchu\u1ea9n ISO\/IEC 19752). M\u1ef1c in Canon mang\u0111\u1ebfnhi\u1ec7usu\u1ea5t in \u1ea5nti\u00eauchu\u1ea9nch\u1ea5tl\u01b0\u1ee3ngv\u1edbihi\u1ec7usu\u1ea5tkh\u00e1cao, \u0111\u00e1p\u1ee9ngt\u1ed1i\u0111anhuc\u1ea7uc\u1ee7ac\u00e1cdoanhnghi\u1ec7pv\u00e0c\u00e1nh\u00e2n. M\u1ef1c in laser Canon EP-319\u00a0d\u00e0nhri\u00eangchoc\u00e1cd\u00f2ngm\u00e1y in\u00a0LBP 6650DN, LBP 6300DN, MF5870DN, MF 5980Dw<\/p>\n","protected":false},"featured_media":16918,"comment_status":"open","ping_status":"closed","template":"","meta":[],"product_brand":[],"product_cat":[182],"product_tag":[],"class_list":{"0":"post-16190","1":"product","2":"type-product","3":"status-publish","4":"has-post-thumbnail","6":"product_cat-muc-in-laser","8":"first","9":"instock","10":"shipping-taxable","11":"product-type-simple"},"_links":{"self":[{"href":"https:\/\/legiavanphongpham.com\/index.php\/wp-json\/wp\/v2\/product\/16190","targetHints":{"allow":["GET"]}}],"collection":[{"href":"https:\/\/legiavanphongpham.com\/index.php\/wp-json\/wp\/v2\/product"}],"about":[{"href":"https:\/\/legiavanphongpham.com\/index.php\/wp-json\/wp\/v2\/types\/product"}],"replies":[{"embeddable":true,"href":"https:\/\/legiavanphongpham.com\/index.php\/wp-json\/wp\/v2\/comments?post=16190"}],"wp:featuredmedia":[{"embeddable":true,"href":"https:\/\/legiavanphongpham.com\/index.php\/wp-json\/wp\/v2\/media\/16918"}],"wp:attachment":[{"href":"https:\/\/legiavanphongpham.com\/index.php\/wp-json\/wp\/v2\/media?parent=16190"}],"wp:term":[{"taxonomy":"product_brand","embeddable":true,"href":"https:\/\/legiavanphongpham.com\/index.php\/wp-json\/wp\/v2\/product_brand?post=16190"},{"taxonomy":"product_cat","embeddable":true,"href":"https:\/\/legiavanphongpham.com\/index.php\/wp-json\/wp\/v2\/product_cat?post=16190"},{"taxonomy":"product_tag","embeddable":true,"href":"https:\/\/legiavanphongpham.com\/index.php\/wp-json\/wp\/v2\/product_tag?post=16190"}],"curies":[{"name":"wp","href":"https:\/\/api.w.org\/{rel}","templated":true}]}}