{"id":16213,"date":"2021-08-30T09:06:50","date_gmt":"2021-08-30T02:06:50","guid":{"rendered":"https:\/\/legiavanphongpham.com\/?post_type=product&#038;p=16213"},"modified":"2021-08-31T15:16:10","modified_gmt":"2021-08-31T08:16:10","slug":"hp-cf283a","status":"publish","type":"product","link":"https:\/\/legiavanphongpham.com\/index.php\/product\/hp-cf283a\/","title":{"rendered":"HP CF283A"},"content":{"rendered":"<p>T\u00eans\u1ea3nph\u1ea9m: HP 83A (CF283A) Black LaserJet Toner Cartridge &#8211; m\u00e0u\u0111enH\u00e3ngs\u1ea3nxu\u1ea5t: HPS\u1ed1l\u01b0\u1ee3ngtrang in: 1,500 trang (\u0111\u1ed9ph\u1ee7ti\u00eauchu\u1ea9n 5%)M\u00e1y in t\u01b0\u01a1ngth\u00edch: HP Laserjet M127NF\/M125A\/M201N\/201DW\/M225DW<\/p>\n","protected":false},"excerpt":{"rendered":"<p>T\u00eans\u1ea3nph\u1ea9m: HP 83A (CF283A) Black LaserJet Toner Cartridge &#8211; m\u00e0u\u0111enH\u00e3ngs\u1ea3nxu\u1ea5t: HPS\u1ed1l\u01b0\u1ee3ngtrang in: 1,500 trang (\u0111\u1ed9ph\u1ee7ti\u00eauchu\u1ea9n 5%)M\u00e1y in t\u01b0\u01a1ngth\u00edch: HP Laserjet M127NF\/M125A\/M201N\/201DW\/M225DW<\/p>\n","protected":false},"featured_media":16931,"comment_status":"open","ping_status":"closed","template":"","meta":[],"product_brand":[],"product_cat":[182],"product_tag":[],"class_list":{"0":"post-16213","1":"product","2":"type-product","3":"status-publish","4":"has-post-thumbnail","6":"product_cat-muc-in-laser","8":"first","9":"instock","10":"shipping-taxable","11":"product-type-simple"},"_links":{"self":[{"href":"https:\/\/legiavanphongpham.com\/index.php\/wp-json\/wp\/v2\/product\/16213","targetHints":{"allow":["GET"]}}],"collection":[{"href":"https:\/\/legiavanphongpham.com\/index.php\/wp-json\/wp\/v2\/product"}],"about":[{"href":"https:\/\/legiavanphongpham.com\/index.php\/wp-json\/wp\/v2\/types\/product"}],"replies":[{"embeddable":true,"href":"https:\/\/legiavanphongpham.com\/index.php\/wp-json\/wp\/v2\/comments?post=16213"}],"wp:featuredmedia":[{"embeddable":true,"href":"https:\/\/legiavanphongpham.com\/index.php\/wp-json\/wp\/v2\/media\/16931"}],"wp:attachment":[{"href":"https:\/\/legiavanphongpham.com\/index.php\/wp-json\/wp\/v2\/media?parent=16213"}],"wp:term":[{"taxonomy":"product_brand","embeddable":true,"href":"https:\/\/legiavanphongpham.com\/index.php\/wp-json\/wp\/v2\/product_brand?post=16213"},{"taxonomy":"product_cat","embeddable":true,"href":"https:\/\/legiavanphongpham.com\/index.php\/wp-json\/wp\/v2\/product_cat?post=16213"},{"taxonomy":"product_tag","embeddable":true,"href":"https:\/\/legiavanphongpham.com\/index.php\/wp-json\/wp\/v2\/product_tag?post=16213"}],"curies":[{"name":"wp","href":"https:\/\/api.w.org\/{rel}","templated":true}]}}