{"id":16219,"date":"2021-08-30T09:10:07","date_gmt":"2021-08-30T02:10:07","guid":{"rendered":"https:\/\/legiavanphongpham.com\/?post_type=product&#038;p=16219"},"modified":"2021-08-31T15:17:53","modified_gmt":"2021-08-31T08:17:53","slug":"hp-q2612a12a","status":"publish","type":"product","link":"https:\/\/legiavanphongpham.com\/index.php\/product\/hp-q2612a12a\/","title":{"rendered":"HP Q2612A(12A)"},"content":{"rendered":"<table>\n<tbody>\n<tr>\n<td><strong>Lo\u1ea1im\u1ef1c in:\u00a0<\/strong>M\u1ef1c in HP Laser \u0111entr\u1eafng<\/p>\n<p><strong>M\u00e0us\u1eafc:\u00a0<\/strong>H\u1ed9pm\u1ef1c<strong>\u00a0<\/strong>m\u00e0u\u0111en<\/p>\n<p><strong>M\u00e3m\u1ef1c :<\/strong>\u00a0HP \u2013 12A \u00a0(Q2612A) (Black)<\/p>\n<p><strong>Lo\u1ea1im\u00e1y in s\u1eedd\u1ee5ng :\u00a0<\/strong>HP LJ 1010\/1012\/1015\/1018\/1020\/1022\/3020\/\u00a0\u00a0\u00a0\u00a0\u00a0\u00a0\u00a0\u00a0\u00a0\u00a0\u00a0\u00a0\u00a0\u00a0\u00a0\u00a0\u00a0\u00a0\u00a0\u00a0\u00a0\u00a0\u00a0\u00a0\u00a0\u00a0\u00a0\u00a0\u00a0\u00a0\u00a0\u00a0\u00a0 3030\/3050\/3050Z\/3052\/3055 M1005MFP\/M1319f<\/p>\n<p><strong>Dung l\u01b0\u1ee3ng :\u00a0<\/strong>In kho\u1ea3ng 2.100 trang (v\u1edbi\u0111\u1ed9cheph\u1ee7 5%)<\/td>\n<\/tr>\n<\/tbody>\n<\/table>\n","protected":false},"excerpt":{"rendered":"<p>Lo\u1ea1im\u1ef1c in:\u00a0M\u1ef1c in HP Laser \u0111entr\u1eafng M\u00e0us\u1eafc:\u00a0H\u1ed9pm\u1ef1c\u00a0m\u00e0u\u0111en M\u00e3m\u1ef1c :\u00a0HP \u2013 12A \u00a0(Q2612A) (Black) Lo\u1ea1im\u00e1y in s\u1eedd\u1ee5ng :\u00a0HP LJ 1010\/1012\/1015\/1018\/1020\/1022\/3020\/\u00a0\u00a0\u00a0\u00a0\u00a0\u00a0\u00a0\u00a0\u00a0\u00a0\u00a0\u00a0\u00a0\u00a0\u00a0\u00a0\u00a0\u00a0\u00a0\u00a0\u00a0\u00a0\u00a0\u00a0\u00a0\u00a0\u00a0\u00a0\u00a0\u00a0\u00a0\u00a0\u00a0 3030\/3050\/3050Z\/3052\/3055 M1005MFP\/M1319f Dung l\u01b0\u1ee3ng :\u00a0In kho\u1ea3ng 2.100 trang (v\u1edbi\u0111\u1ed9cheph\u1ee7 5%)<\/p>\n","protected":false},"featured_media":16934,"comment_status":"open","ping_status":"closed","template":"","meta":[],"product_brand":[],"product_cat":[182],"product_tag":[],"class_list":{"0":"post-16219","1":"product","2":"type-product","3":"status-publish","4":"has-post-thumbnail","6":"product_cat-muc-in-laser","8":"first","9":"instock","10":"shipping-taxable","11":"product-type-simple"},"_links":{"self":[{"href":"https:\/\/legiavanphongpham.com\/index.php\/wp-json\/wp\/v2\/product\/16219","targetHints":{"allow":["GET"]}}],"collection":[{"href":"https:\/\/legiavanphongpham.com\/index.php\/wp-json\/wp\/v2\/product"}],"about":[{"href":"https:\/\/legiavanphongpham.com\/index.php\/wp-json\/wp\/v2\/types\/product"}],"replies":[{"embeddable":true,"href":"https:\/\/legiavanphongpham.com\/index.php\/wp-json\/wp\/v2\/comments?post=16219"}],"wp:featuredmedia":[{"embeddable":true,"href":"https:\/\/legiavanphongpham.com\/index.php\/wp-json\/wp\/v2\/media\/16934"}],"wp:attachment":[{"href":"https:\/\/legiavanphongpham.com\/index.php\/wp-json\/wp\/v2\/media?parent=16219"}],"wp:term":[{"taxonomy":"product_brand","embeddable":true,"href":"https:\/\/legiavanphongpham.com\/index.php\/wp-json\/wp\/v2\/product_brand?post=16219"},{"taxonomy":"product_cat","embeddable":true,"href":"https:\/\/legiavanphongpham.com\/index.php\/wp-json\/wp\/v2\/product_cat?post=16219"},{"taxonomy":"product_tag","embeddable":true,"href":"https:\/\/legiavanphongpham.com\/index.php\/wp-json\/wp\/v2\/product_tag?post=16219"}],"curies":[{"name":"wp","href":"https:\/\/api.w.org\/{rel}","templated":true}]}}