{"id":17013,"date":"2021-09-01T08:03:19","date_gmt":"2021-09-01T01:03:19","guid":{"rendered":"https:\/\/legiavanphongpham.com\/?post_type=product&#038;p=17013"},"modified":"2021-09-01T08:04:45","modified_gmt":"2021-09-01T01:04:45","slug":"may-lanh-toshiba-inverter-2-hp-ras-h18n4kcvpg-v","status":"publish","type":"product","link":"https:\/\/legiavanphongpham.com\/index.php\/product\/may-lanh-toshiba-inverter-2-hp-ras-h18n4kcvpg-v\/","title":{"rendered":"M\u00e1y l\u1ea1nh Toshiba Inverter 2 HP RAS-H18N4KCVPG-V"},"content":{"rendered":"<ul>\n<li>M\u00e1y l\u1ea1nh c\u00f3 c\u00f4ng su\u1ea5t 2 HP l\u00e0m l\u1ea1nh hi\u1ec7u qu\u1ea3 ph\u00f2ng t\u1eeb 20-30m2<\/li>\n<li>C\u00f4ng ngh\u1ec7 Hydrid Inverter v\u1eadn h\u00e0nh \u00eam \u00e1i, ti\u1ebft ki\u1ec7m \u0111i\u1ec7n n\u0103ng \u0111\u1ebfn 58%<\/li>\n<li>T\u00ednh n\u0103ng t\u00f9y ch\u1ecdn c\u00f4ng su\u1ea5t ho\u1ea1t \u0111\u1ed9ng gi\u00fap ti\u1ebft ki\u1ec7m \u0111i\u1ec7n n\u0103ng t\u1ed1i \u01b0u<\/li>\n<li>B\u1ed9 l\u1ecdc Plasma Ion cao c\u1ea5p tinh l\u1ecdc kh\u00f4ng kh\u00ed, l\u1ecdc b\u1ecf vi khu\u1ea9n, kh\u1eed m\u00f9i<\/li>\n<li>C\u00f4ng ngh\u1ec7 Magic Coil ng\u0103n ng\u1eeba b\u1ee5i b\u1ea9n, vi khu\u1ea9n, b\u00e1m tr\u00ean d\u00e0n l\u1ea1nh<\/li>\n<li>\u0110i\u1ec1u h\u00f2a s\u1eed d\u1ee5ng gas R32 l\u00e0m l\u1ea1nh s\u00e2u, th\u00e2n thi\u1ec7n v\u1edbi m\u00f4i tr\u01b0\u1eddng<\/li>\n<\/ul>\n","protected":false},"excerpt":{"rendered":"<p>M\u00e1y l\u1ea1nh c\u00f3 c\u00f4ng su\u1ea5t 2 HP l\u00e0m l\u1ea1nh hi\u1ec7u qu\u1ea3 ph\u00f2ng t\u1eeb 20-30m2 C\u00f4ng ngh\u1ec7 Hydrid Inverter v\u1eadn h\u00e0nh \u00eam \u00e1i, ti\u1ebft ki\u1ec7m \u0111i\u1ec7n n\u0103ng \u0111\u1ebfn 58% T\u00ednh n\u0103ng t\u00f9y ch\u1ecdn c\u00f4ng su\u1ea5t ho\u1ea1t \u0111\u1ed9ng gi\u00fap ti\u1ebft ki\u1ec7m \u0111i\u1ec7n n\u0103ng t\u1ed1i \u01b0u B\u1ed9 l\u1ecdc Plasma Ion cao c\u1ea5p tinh l\u1ecdc kh\u00f4ng kh\u00ed, l\u1ecdc b\u1ecf [&hellip;]<\/p>\n","protected":false},"featured_media":17023,"comment_status":"open","ping_status":"closed","template":"","meta":[],"product_brand":[],"product_cat":[188],"product_tag":[],"class_list":{"0":"post-17013","1":"product","2":"type-product","3":"status-publish","4":"has-post-thumbnail","6":"product_cat-may-lanh","8":"first","9":"instock","10":"shipping-taxable","11":"product-type-simple"},"_links":{"self":[{"href":"https:\/\/legiavanphongpham.com\/index.php\/wp-json\/wp\/v2\/product\/17013","targetHints":{"allow":["GET"]}}],"collection":[{"href":"https:\/\/legiavanphongpham.com\/index.php\/wp-json\/wp\/v2\/product"}],"about":[{"href":"https:\/\/legiavanphongpham.com\/index.php\/wp-json\/wp\/v2\/types\/product"}],"replies":[{"embeddable":true,"href":"https:\/\/legiavanphongpham.com\/index.php\/wp-json\/wp\/v2\/comments?post=17013"}],"wp:featuredmedia":[{"embeddable":true,"href":"https:\/\/legiavanphongpham.com\/index.php\/wp-json\/wp\/v2\/media\/17023"}],"wp:attachment":[{"href":"https:\/\/legiavanphongpham.com\/index.php\/wp-json\/wp\/v2\/media?parent=17013"}],"wp:term":[{"taxonomy":"product_brand","embeddable":true,"href":"https:\/\/legiavanphongpham.com\/index.php\/wp-json\/wp\/v2\/product_brand?post=17013"},{"taxonomy":"product_cat","embeddable":true,"href":"https:\/\/legiavanphongpham.com\/index.php\/wp-json\/wp\/v2\/product_cat?post=17013"},{"taxonomy":"product_tag","embeddable":true,"href":"https:\/\/legiavanphongpham.com\/index.php\/wp-json\/wp\/v2\/product_tag?post=17013"}],"curies":[{"name":"wp","href":"https:\/\/api.w.org\/{rel}","templated":true}]}}