{"id":17024,"date":"2021-09-01T08:06:06","date_gmt":"2021-09-01T01:06:06","guid":{"rendered":"https:\/\/legiavanphongpham.com\/?post_type=product&#038;p=17024"},"modified":"2021-09-01T08:06:06","modified_gmt":"2021-09-01T01:06:06","slug":"may-lanh-daikin-2-5-hp-ftc60nv1v","status":"publish","type":"product","link":"https:\/\/legiavanphongpham.com\/index.php\/product\/may-lanh-daikin-2-5-hp-ftc60nv1v\/","title":{"rendered":"M\u00e1y l\u1ea1nh Daikin 2.5 HP FTC60NV1V"},"content":{"rendered":"<ul>\n<li>C\u00f4ng su\u1ea5t 2.5 HP ph\u00f9 h\u1ee3p ph\u00f2ng t\u1eeb 30 m\u00b2 \u0111\u1ebfn 40 m\u00b2<\/li>\n<li>Ch\u1ebf \u0111\u1ed9 Powerful gi\u00fap c\u0103n ph\u00f2ng m\u00e1t l\u1ea1nh ngay t\u1ee9c th\u00ec<\/li>\n<li>B\u1ea3o v\u1ec7 s\u1ee9c kh\u1ecfe t\u1ed1i \u0111a v\u1edbi t\u1ea5m vi l\u1ecdc b\u1ee5i b\u1ea9n, di\u1ec7t khu\u1ea9n<\/li>\n<li>Ch\u1ebf \u0111\u1ed9 l\u00e0m kh\u00f4, kh\u1eed \u1ea9m tr\u00e1nh ph\u00e1t sinh n\u1ea5m m\u1ed1c g\u00e2y b\u1ec7nh<\/li>\n<li>Ch\u1ee9c n\u0103ng h\u1eb9n gi\u1edd b\u1eadt\/t\u1eaft ti\u1ec7n l\u1ee3i, tr\u00e1nh l\u00e3ng ph\u00ed \u0111i\u1ec7n n\u0103ng<\/li>\n<li>M\u00f4i ch\u1ea5t l\u1ea1nh th\u1ebf h\u1ec7 m\u1edbi R-32 th\u00e2n thi\u1ec7n v\u1edbi m\u00f4i tr\u01b0\u1eddng<\/li>\n<\/ul>\n","protected":false},"excerpt":{"rendered":"<p>C\u00f4ng su\u1ea5t 2.5 HP ph\u00f9 h\u1ee3p ph\u00f2ng t\u1eeb 30 m\u00b2 \u0111\u1ebfn 40 m\u00b2 Ch\u1ebf \u0111\u1ed9 Powerful gi\u00fap c\u0103n ph\u00f2ng m\u00e1t l\u1ea1nh ngay t\u1ee9c th\u00ec B\u1ea3o v\u1ec7 s\u1ee9c kh\u1ecfe t\u1ed1i \u0111a v\u1edbi t\u1ea5m vi l\u1ecdc b\u1ee5i b\u1ea9n, di\u1ec7t khu\u1ea9n Ch\u1ebf \u0111\u1ed9 l\u00e0m kh\u00f4, kh\u1eed \u1ea9m tr\u00e1nh ph\u00e1t sinh n\u1ea5m m\u1ed1c g\u00e2y b\u1ec7nh Ch\u1ee9c n\u0103ng h\u1eb9n gi\u1edd [&hellip;]<\/p>\n","protected":false},"featured_media":17025,"comment_status":"open","ping_status":"closed","template":"","meta":[],"product_brand":[],"product_cat":[188],"product_tag":[],"class_list":{"0":"post-17024","1":"product","2":"type-product","3":"status-publish","4":"has-post-thumbnail","6":"product_cat-may-lanh","8":"first","9":"instock","10":"shipping-taxable","11":"product-type-simple"},"_links":{"self":[{"href":"https:\/\/legiavanphongpham.com\/index.php\/wp-json\/wp\/v2\/product\/17024","targetHints":{"allow":["GET"]}}],"collection":[{"href":"https:\/\/legiavanphongpham.com\/index.php\/wp-json\/wp\/v2\/product"}],"about":[{"href":"https:\/\/legiavanphongpham.com\/index.php\/wp-json\/wp\/v2\/types\/product"}],"replies":[{"embeddable":true,"href":"https:\/\/legiavanphongpham.com\/index.php\/wp-json\/wp\/v2\/comments?post=17024"}],"wp:featuredmedia":[{"embeddable":true,"href":"https:\/\/legiavanphongpham.com\/index.php\/wp-json\/wp\/v2\/media\/17025"}],"wp:attachment":[{"href":"https:\/\/legiavanphongpham.com\/index.php\/wp-json\/wp\/v2\/media?parent=17024"}],"wp:term":[{"taxonomy":"product_brand","embeddable":true,"href":"https:\/\/legiavanphongpham.com\/index.php\/wp-json\/wp\/v2\/product_brand?post=17024"},{"taxonomy":"product_cat","embeddable":true,"href":"https:\/\/legiavanphongpham.com\/index.php\/wp-json\/wp\/v2\/product_cat?post=17024"},{"taxonomy":"product_tag","embeddable":true,"href":"https:\/\/legiavanphongpham.com\/index.php\/wp-json\/wp\/v2\/product_tag?post=17024"}],"curies":[{"name":"wp","href":"https:\/\/api.w.org\/{rel}","templated":true}]}}