{"id":17026,"date":"2021-09-01T08:07:30","date_gmt":"2021-09-01T01:07:30","guid":{"rendered":"https:\/\/legiavanphongpham.com\/?post_type=product&#038;p=17026"},"modified":"2021-09-01T08:07:30","modified_gmt":"2021-09-01T01:07:30","slug":"may-lanh-daikin-1-5-hp-atf35uv1v","status":"publish","type":"product","link":"https:\/\/legiavanphongpham.com\/index.php\/product\/may-lanh-daikin-1-5-hp-atf35uv1v\/","title":{"rendered":"M\u00e1y l\u1ea1nh Daikin 1.5 HP ATF35UV1V"},"content":{"rendered":"<ul>\n<li>C\u00f4ng su\u1ea5t 1.5HP th\u00edch h\u1ee3p cho kh\u00f4ng gian ph\u00f2ng c\u00f3 di\u1ec7n t\u00edch 15-20m2<\/li>\n<li>C\u00e1nh t\u1ea3n nhi\u1ec7t \u0111\u01b0\u1ee3c ph\u1ee7 2 l\u1edbp ch\u1ed1ng \u0103n m\u00f2n, t\u0103ng tu\u1ed5i th\u1ecd m\u00e1y l\u1ea1nh<\/li>\n<li>Ch\u1ebf \u0111\u1ed9 l\u00e0m l\u1ea1nh nhanh Powerful gi\u00fap c\u0103n ph\u00f2ng m\u00e1t l\u1ea1nh t\u1ee9c th\u00ec<\/li>\n<li>Ch\u1ee9c n\u0103ng h\u00fat \u1ea9m gi\u00fap kh\u00f4ng gian ph\u00f2ng c\u1ee7a b\u1ea1n kh\u00f4 r\u00e1o, tho\u00e1ng m\u00e1t<\/li>\n<\/ul>\n","protected":false},"excerpt":{"rendered":"<p>C\u00f4ng su\u1ea5t 1.5HP th\u00edch h\u1ee3p cho kh\u00f4ng gian ph\u00f2ng c\u00f3 di\u1ec7n t\u00edch 15-20m2 C\u00e1nh t\u1ea3n nhi\u1ec7t \u0111\u01b0\u1ee3c ph\u1ee7 2 l\u1edbp ch\u1ed1ng \u0103n m\u00f2n, t\u0103ng tu\u1ed5i th\u1ecd m\u00e1y l\u1ea1nh Ch\u1ebf \u0111\u1ed9 l\u00e0m l\u1ea1nh nhanh Powerful gi\u00fap c\u0103n ph\u00f2ng m\u00e1t l\u1ea1nh t\u1ee9c th\u00ec Ch\u1ee9c n\u0103ng h\u00fat \u1ea9m gi\u00fap kh\u00f4ng gian ph\u00f2ng c\u1ee7a b\u1ea1n kh\u00f4 r\u00e1o, tho\u00e1ng m\u00e1t<\/p>\n","protected":false},"featured_media":17027,"comment_status":"open","ping_status":"closed","template":"","meta":[],"product_brand":[],"product_cat":[188],"product_tag":[],"class_list":{"0":"post-17026","1":"product","2":"type-product","3":"status-publish","4":"has-post-thumbnail","6":"product_cat-may-lanh","8":"first","9":"instock","10":"shipping-taxable","11":"product-type-simple"},"_links":{"self":[{"href":"https:\/\/legiavanphongpham.com\/index.php\/wp-json\/wp\/v2\/product\/17026","targetHints":{"allow":["GET"]}}],"collection":[{"href":"https:\/\/legiavanphongpham.com\/index.php\/wp-json\/wp\/v2\/product"}],"about":[{"href":"https:\/\/legiavanphongpham.com\/index.php\/wp-json\/wp\/v2\/types\/product"}],"replies":[{"embeddable":true,"href":"https:\/\/legiavanphongpham.com\/index.php\/wp-json\/wp\/v2\/comments?post=17026"}],"wp:featuredmedia":[{"embeddable":true,"href":"https:\/\/legiavanphongpham.com\/index.php\/wp-json\/wp\/v2\/media\/17027"}],"wp:attachment":[{"href":"https:\/\/legiavanphongpham.com\/index.php\/wp-json\/wp\/v2\/media?parent=17026"}],"wp:term":[{"taxonomy":"product_brand","embeddable":true,"href":"https:\/\/legiavanphongpham.com\/index.php\/wp-json\/wp\/v2\/product_brand?post=17026"},{"taxonomy":"product_cat","embeddable":true,"href":"https:\/\/legiavanphongpham.com\/index.php\/wp-json\/wp\/v2\/product_cat?post=17026"},{"taxonomy":"product_tag","embeddable":true,"href":"https:\/\/legiavanphongpham.com\/index.php\/wp-json\/wp\/v2\/product_tag?post=17026"}],"curies":[{"name":"wp","href":"https:\/\/api.w.org\/{rel}","templated":true}]}}