{"id":17032,"date":"2021-09-01T08:12:24","date_gmt":"2021-09-01T01:12:24","guid":{"rendered":"https:\/\/legiavanphongpham.com\/?post_type=product&#038;p=17032"},"modified":"2021-09-01T08:12:24","modified_gmt":"2021-09-01T01:12:24","slug":"may-lanh-panasonic-inverter-1-hp-cu-cs-pu9wkh-8m","status":"publish","type":"product","link":"https:\/\/legiavanphongpham.com\/index.php\/product\/may-lanh-panasonic-inverter-1-hp-cu-cs-pu9wkh-8m\/","title":{"rendered":"M\u00e1y l\u1ea1nh Panasonic Inverter 1 HP CU\/CS-PU9WKH-8M"},"content":{"rendered":"<ul>\n<li>Ch\u1ebf \u0111\u1ed9 Eco v\u1edbi AI v\u00e0 c\u00f4ng ngh\u1ec7 inverter ti\u1ebft ki\u1ec7m \u0111i\u1ec7n t\u1ed1i \u0111a<\/li>\n<li>C\u00f4ng ngh\u1ec7 l\u1ecdc nanoe-G lo\u1ea1i b\u1ecf b\u1ee5i nh\u1ecf nh\u01b0 PM2.5 hi\u1ec7u qu\u1ea3<\/li>\n<li>Ch\u1ebf \u0111\u1ed9 Powerful cho kh\u1ea3 n\u0103ng l\u00e0m l\u1ea1nh nhanh ngay t\u1ee9c th\u00ec<\/li>\n<li>Ch\u1ee9c n\u0103ng h\u00fat \u1ea9m t\u1ea1o kh\u00f4ng gian c\u0103n ph\u00f2ng kh\u00f4 r\u00e1o, tho\u00e1ng<\/li>\n<li>M\u00f4i ch\u1ea5t l\u1ea1nh R-32 th\u00e2n thi\u1ec7n m\u00f4i tr\u01b0\u1eddng, b\u1ea3o v\u1ec7 s\u1ee9c kh\u1ecfe<\/li>\n<li>H\u1eb9n gi\u1edd b\u1eadt t\u1eaft t\u1ef1 \u0111\u1ed9ng gi\u00fap ki\u1ec3m so\u00e1t th\u1eddi gian ti\u1ec7n l\u1ee3i<\/li>\n<\/ul>\n","protected":false},"excerpt":{"rendered":"<p>Ch\u1ebf \u0111\u1ed9 Eco v\u1edbi AI v\u00e0 c\u00f4ng ngh\u1ec7 inverter ti\u1ebft ki\u1ec7m \u0111i\u1ec7n t\u1ed1i \u0111a C\u00f4ng ngh\u1ec7 l\u1ecdc nanoe-G lo\u1ea1i b\u1ecf b\u1ee5i nh\u1ecf nh\u01b0 PM2.5 hi\u1ec7u qu\u1ea3 Ch\u1ebf \u0111\u1ed9 Powerful cho kh\u1ea3 n\u0103ng l\u00e0m l\u1ea1nh nhanh ngay t\u1ee9c th\u00ec Ch\u1ee9c n\u0103ng h\u00fat \u1ea9m t\u1ea1o kh\u00f4ng gian c\u0103n ph\u00f2ng kh\u00f4 r\u00e1o, tho\u00e1ng M\u00f4i ch\u1ea5t l\u1ea1nh R-32 th\u00e2n [&hellip;]<\/p>\n","protected":false},"featured_media":17034,"comment_status":"open","ping_status":"closed","template":"","meta":[],"product_brand":[],"product_cat":[188],"product_tag":[],"class_list":{"0":"post-17032","1":"product","2":"type-product","3":"status-publish","4":"has-post-thumbnail","6":"product_cat-may-lanh","8":"first","9":"instock","10":"shipping-taxable","11":"product-type-simple"},"_links":{"self":[{"href":"https:\/\/legiavanphongpham.com\/index.php\/wp-json\/wp\/v2\/product\/17032","targetHints":{"allow":["GET"]}}],"collection":[{"href":"https:\/\/legiavanphongpham.com\/index.php\/wp-json\/wp\/v2\/product"}],"about":[{"href":"https:\/\/legiavanphongpham.com\/index.php\/wp-json\/wp\/v2\/types\/product"}],"replies":[{"embeddable":true,"href":"https:\/\/legiavanphongpham.com\/index.php\/wp-json\/wp\/v2\/comments?post=17032"}],"wp:featuredmedia":[{"embeddable":true,"href":"https:\/\/legiavanphongpham.com\/index.php\/wp-json\/wp\/v2\/media\/17034"}],"wp:attachment":[{"href":"https:\/\/legiavanphongpham.com\/index.php\/wp-json\/wp\/v2\/media?parent=17032"}],"wp:term":[{"taxonomy":"product_brand","embeddable":true,"href":"https:\/\/legiavanphongpham.com\/index.php\/wp-json\/wp\/v2\/product_brand?post=17032"},{"taxonomy":"product_cat","embeddable":true,"href":"https:\/\/legiavanphongpham.com\/index.php\/wp-json\/wp\/v2\/product_cat?post=17032"},{"taxonomy":"product_tag","embeddable":true,"href":"https:\/\/legiavanphongpham.com\/index.php\/wp-json\/wp\/v2\/product_tag?post=17032"}],"curies":[{"name":"wp","href":"https:\/\/api.w.org\/{rel}","templated":true}]}}