{"id":17037,"date":"2021-09-01T08:16:15","date_gmt":"2021-09-01T01:16:15","guid":{"rendered":"https:\/\/legiavanphongpham.com\/?post_type=product&#038;p=17037"},"modified":"2021-09-01T08:16:15","modified_gmt":"2021-09-01T01:16:15","slug":"may-loc-nuoc-nong-lanh-karofi-kad-d50","status":"publish","type":"product","link":"https:\/\/legiavanphongpham.com\/index.php\/product\/may-loc-nuoc-nong-lanh-karofi-kad-d50\/","title":{"rendered":"M\u00e1y l\u1ecdc n\u01b0\u1edbc n\u00f3ng l\u1ea1nh Karofi KAD-D50"},"content":{"rendered":"<ul>\n<li>M\u00e1y l\u1ecdc n\u01b0\u1edbc n\u00f3ng l\u1ea1nh Karofi ph\u1ee5c v\u1ee5 t\u1ed1t nhu c\u1ea7u: pha s\u1eefa, tr\u00e0, c\u00e0 ph\u00ea,&#8230;<\/li>\n<li>C\u00f4ng ngh\u1ec7 b\u1ea3o v\u1ec7 nhi\u1ec7t \u0111a l\u1edbp gi\u00fap ti\u1ebft ki\u1ec7m \u0111i\u1ec7n n\u0103ng l\u00ean \u0111\u1ebfn 30%<\/li>\n<li>Thi\u1ebft k\u1ebf m\u1eb7t k\u00ednh c\u01b0\u1eddng l\u1ef1c si\u00eau b\u1ec1n, k\u1ebft c\u1ea5u v\u1eefng ch\u1eafc b\u1ec1n b\u1ec9 v\u1edbi th\u1eddi gian<\/li>\n<li>10 l\u00f5i l\u1ecdc c\u00f4ng ngh\u1ec7 SMAX m\u1ea1nh m\u1ebd gi\u00fap ti\u1ebft ki\u1ec7m 71% l\u01b0\u1ee3ng n\u01b0\u1edbc th\u1ea3i<\/li>\n<li><a href=\"https:\/\/www.nguyenkim.com\/ban-da-hieu-dung-ve-may-loc-nuoc-ro-chua.html\"><strong>M\u00e0ng l\u1ecdc RO<\/strong><\/a>thay nhanh M\u1ef9 100 GDP lo\u1ea1i b\u1ecf 99.99% ch\u1ea5t \u00f4 nhi\u1ec5m trong n\u01b0\u1edbc<\/li>\n<li>M\u00e1y l\u1ecdc n\u01b0\u1edbc b\u1ed5 sung c\u00e1c kho\u00e1ng ch\u1ea5t cho c\u01a1 th\u1ec3, gi\u1ea3m t\u00e1c nh\u00e2n g\u00e2y b\u1ec7nh,&#8230;<\/li>\n<\/ul>\n","protected":false},"excerpt":{"rendered":"<p>M\u00e1y l\u1ecdc n\u01b0\u1edbc n\u00f3ng l\u1ea1nh Karofi ph\u1ee5c v\u1ee5 t\u1ed1t nhu c\u1ea7u: pha s\u1eefa, tr\u00e0, c\u00e0 ph\u00ea,&#8230; C\u00f4ng ngh\u1ec7 b\u1ea3o v\u1ec7 nhi\u1ec7t \u0111a l\u1edbp gi\u00fap ti\u1ebft ki\u1ec7m \u0111i\u1ec7n n\u0103ng l\u00ean \u0111\u1ebfn 30% Thi\u1ebft k\u1ebf m\u1eb7t k\u00ednh c\u01b0\u1eddng l\u1ef1c si\u00eau b\u1ec1n, k\u1ebft c\u1ea5u v\u1eefng ch\u1eafc b\u1ec1n b\u1ec9 v\u1edbi th\u1eddi gian 10 l\u00f5i l\u1ecdc c\u00f4ng ngh\u1ec7 SMAX m\u1ea1nh [&hellip;]<\/p>\n","protected":false},"featured_media":17038,"comment_status":"open","ping_status":"closed","template":"","meta":[],"product_brand":[],"product_cat":[187],"product_tag":[],"class_list":{"0":"post-17037","1":"product","2":"type-product","3":"status-publish","4":"has-post-thumbnail","6":"product_cat-may-uong-nuoc-nong-lanh","8":"first","9":"instock","10":"shipping-taxable","11":"product-type-simple"},"_links":{"self":[{"href":"https:\/\/legiavanphongpham.com\/index.php\/wp-json\/wp\/v2\/product\/17037","targetHints":{"allow":["GET"]}}],"collection":[{"href":"https:\/\/legiavanphongpham.com\/index.php\/wp-json\/wp\/v2\/product"}],"about":[{"href":"https:\/\/legiavanphongpham.com\/index.php\/wp-json\/wp\/v2\/types\/product"}],"replies":[{"embeddable":true,"href":"https:\/\/legiavanphongpham.com\/index.php\/wp-json\/wp\/v2\/comments?post=17037"}],"wp:featuredmedia":[{"embeddable":true,"href":"https:\/\/legiavanphongpham.com\/index.php\/wp-json\/wp\/v2\/media\/17038"}],"wp:attachment":[{"href":"https:\/\/legiavanphongpham.com\/index.php\/wp-json\/wp\/v2\/media?parent=17037"}],"wp:term":[{"taxonomy":"product_brand","embeddable":true,"href":"https:\/\/legiavanphongpham.com\/index.php\/wp-json\/wp\/v2\/product_brand?post=17037"},{"taxonomy":"product_cat","embeddable":true,"href":"https:\/\/legiavanphongpham.com\/index.php\/wp-json\/wp\/v2\/product_cat?post=17037"},{"taxonomy":"product_tag","embeddable":true,"href":"https:\/\/legiavanphongpham.com\/index.php\/wp-json\/wp\/v2\/product_tag?post=17037"}],"curies":[{"name":"wp","href":"https:\/\/api.w.org\/{rel}","templated":true}]}}