{"id":17050,"date":"2021-09-01T08:17:56","date_gmt":"2021-09-01T01:17:56","guid":{"rendered":"https:\/\/legiavanphongpham.com\/?post_type=product&#038;p=17050"},"modified":"2021-09-01T08:17:56","modified_gmt":"2021-09-01T01:17:56","slug":"may-loc-nuoc-nong-lanh-karofi-hcv200ro","status":"publish","type":"product","link":"https:\/\/legiavanphongpham.com\/index.php\/product\/may-loc-nuoc-nong-lanh-karofi-hcv200ro\/","title":{"rendered":"M\u00e1y l\u1ecdc n\u01b0\u1edbc n\u00f3ng l\u1ea1nh Karofi HCV200RO"},"content":{"rendered":"<ul>\n<li>C\u00f4ng ngh\u1ec7 Block s\u1eed d\u1ee5ng b\u1ec1n b\u1ec9, ti\u1ebft ki\u1ec7m \u0111i\u1ec7n<\/li>\n<li>C\u00f4ng su\u1ea5t 90 &#8211; 430W cho m\u00e1y ho\u1ea1t \u0111\u1ed9ng m\u1ea1nh m\u1ebd<\/li>\n<li>H\u1ec7 th\u1ed1ng 6 l\u00f5i l\u1ecdc \u0111em \u0111\u1ebfn ngu\u1ed3n n\u01b0\u1edbc tinh khi\u1ebft, ch\u1ea5t l\u01b0\u1ee3ng<\/li>\n<li>V\u00f2i n\u00f3ng c\u00f3 kh\u00f3a, an to\u00e0n cho gia \u0111\u00ecnh c\u00f3 tr\u1ebb nh\u1ecf<\/li>\n<li>Ch\u1ea5t li\u1ec7u v\u1ecf b\u1eb1ng nh\u1ef1a ABS d\u1ec5 v\u1ec7 sinh, an to\u00e0n khi s\u1eed d\u1ee5ng<\/li>\n<\/ul>\n","protected":false},"excerpt":{"rendered":"<p>C\u00f4ng ngh\u1ec7 Block s\u1eed d\u1ee5ng b\u1ec1n b\u1ec9, ti\u1ebft ki\u1ec7m \u0111i\u1ec7n C\u00f4ng su\u1ea5t 90 &#8211; 430W cho m\u00e1y ho\u1ea1t \u0111\u1ed9ng m\u1ea1nh m\u1ebd H\u1ec7 th\u1ed1ng 6 l\u00f5i l\u1ecdc \u0111em \u0111\u1ebfn ngu\u1ed3n n\u01b0\u1edbc tinh khi\u1ebft, ch\u1ea5t l\u01b0\u1ee3ng V\u00f2i n\u00f3ng c\u00f3 kh\u00f3a, an to\u00e0n cho gia \u0111\u00ecnh c\u00f3 tr\u1ebb nh\u1ecf Ch\u1ea5t li\u1ec7u v\u1ecf b\u1eb1ng nh\u1ef1a ABS d\u1ec5 v\u1ec7 sinh, [&hellip;]<\/p>\n","protected":false},"featured_media":17042,"comment_status":"open","ping_status":"closed","template":"","meta":[],"product_brand":[],"product_cat":[187],"product_tag":[],"class_list":{"0":"post-17050","1":"product","2":"type-product","3":"status-publish","4":"has-post-thumbnail","6":"product_cat-may-uong-nuoc-nong-lanh","8":"first","9":"instock","10":"shipping-taxable","11":"product-type-simple"},"_links":{"self":[{"href":"https:\/\/legiavanphongpham.com\/index.php\/wp-json\/wp\/v2\/product\/17050","targetHints":{"allow":["GET"]}}],"collection":[{"href":"https:\/\/legiavanphongpham.com\/index.php\/wp-json\/wp\/v2\/product"}],"about":[{"href":"https:\/\/legiavanphongpham.com\/index.php\/wp-json\/wp\/v2\/types\/product"}],"replies":[{"embeddable":true,"href":"https:\/\/legiavanphongpham.com\/index.php\/wp-json\/wp\/v2\/comments?post=17050"}],"wp:featuredmedia":[{"embeddable":true,"href":"https:\/\/legiavanphongpham.com\/index.php\/wp-json\/wp\/v2\/media\/17042"}],"wp:attachment":[{"href":"https:\/\/legiavanphongpham.com\/index.php\/wp-json\/wp\/v2\/media?parent=17050"}],"wp:term":[{"taxonomy":"product_brand","embeddable":true,"href":"https:\/\/legiavanphongpham.com\/index.php\/wp-json\/wp\/v2\/product_brand?post=17050"},{"taxonomy":"product_cat","embeddable":true,"href":"https:\/\/legiavanphongpham.com\/index.php\/wp-json\/wp\/v2\/product_cat?post=17050"},{"taxonomy":"product_tag","embeddable":true,"href":"https:\/\/legiavanphongpham.com\/index.php\/wp-json\/wp\/v2\/product_tag?post=17050"}],"curies":[{"name":"wp","href":"https:\/\/api.w.org\/{rel}","templated":true}]}}