{"id":17052,"date":"2021-09-01T08:19:10","date_gmt":"2021-09-01T01:19:10","guid":{"rendered":"https:\/\/legiavanphongpham.com\/?post_type=product&#038;p=17052"},"modified":"2021-09-01T08:19:10","modified_gmt":"2021-09-01T01:19:10","slug":"cay-nuoc-nong-lanh-karofi-hc15","status":"publish","type":"product","link":"https:\/\/legiavanphongpham.com\/index.php\/product\/cay-nuoc-nong-lanh-karofi-hc15\/","title":{"rendered":"C\u00e2y n\u01b0\u1edbc n\u00f3ng l\u1ea1nh Karofi HC15"},"content":{"rendered":"<ul>\n<li><a href=\"https:\/\/www.nguyenkim.com\/may-nuoc-nong-lanh-thuong-gap-van-de-gi-khi-su-dung.html\"><strong>M\u00e1y n\u01b0\u1edbc n\u00f3ng l\u1ea1nh<\/strong><\/a>thi\u1ebft k\u1ebf tinh t\u1ebf t\u1ea1o \u0111i\u1ec3m nh\u1ea5n trong nh\u00e0<\/li>\n<li>Thi\u1ebft k\u1ebf 2 v\u00f2i n\u00f3ng l\u1ea1nh ri\u00eang, ph\u00f9 h\u1ee3p m\u1ee5c \u0111\u00edch s\u1eed d\u1ee5ng<\/li>\n<li>C\u00f4ng su\u1ea5t l\u00e0m n\u00f3ng \u0111\u1ebfn 500W cho nhi\u1ec7t \u0111\u1ed9 to\u1ea3 ra m\u1ea1nh m\u1ebd<\/li>\n<li>Khoang ch\u1ee9a \u0111\u1ed3 thi\u1ebft k\u1ebf \u0111\u1ef1ng c\u00e1c v\u1eadt li\u1ec7u: ly, c\u1ed1c,&#8230;<\/li>\n<li>V\u00f2i n\u00f3ng c\u00f3 kh\u00f3a, an to\u00e0n cho gia \u0111\u00ecnh c\u00f3 tr\u1ebb nh\u1ecf<\/li>\n<\/ul>\n","protected":false},"excerpt":{"rendered":"<p>M\u00e1y n\u01b0\u1edbc n\u00f3ng l\u1ea1nhthi\u1ebft k\u1ebf tinh t\u1ebf t\u1ea1o \u0111i\u1ec3m nh\u1ea5n trong nh\u00e0 Thi\u1ebft k\u1ebf 2 v\u00f2i n\u00f3ng l\u1ea1nh ri\u00eang, ph\u00f9 h\u1ee3p m\u1ee5c \u0111\u00edch s\u1eed d\u1ee5ng C\u00f4ng su\u1ea5t l\u00e0m n\u00f3ng \u0111\u1ebfn 500W cho nhi\u1ec7t \u0111\u1ed9 to\u1ea3 ra m\u1ea1nh m\u1ebd Khoang ch\u1ee9a \u0111\u1ed3 thi\u1ebft k\u1ebf \u0111\u1ef1ng c\u00e1c v\u1eadt li\u1ec7u: ly, c\u1ed1c,&#8230; V\u00f2i n\u00f3ng c\u00f3 kh\u00f3a, an to\u00e0n [&hellip;]<\/p>\n","protected":false},"featured_media":17040,"comment_status":"open","ping_status":"closed","template":"","meta":[],"product_brand":[],"product_cat":[187],"product_tag":[],"class_list":{"0":"post-17052","1":"product","2":"type-product","3":"status-publish","4":"has-post-thumbnail","6":"product_cat-may-uong-nuoc-nong-lanh","8":"first","9":"instock","10":"shipping-taxable","11":"product-type-simple"},"_links":{"self":[{"href":"https:\/\/legiavanphongpham.com\/index.php\/wp-json\/wp\/v2\/product\/17052","targetHints":{"allow":["GET"]}}],"collection":[{"href":"https:\/\/legiavanphongpham.com\/index.php\/wp-json\/wp\/v2\/product"}],"about":[{"href":"https:\/\/legiavanphongpham.com\/index.php\/wp-json\/wp\/v2\/types\/product"}],"replies":[{"embeddable":true,"href":"https:\/\/legiavanphongpham.com\/index.php\/wp-json\/wp\/v2\/comments?post=17052"}],"wp:featuredmedia":[{"embeddable":true,"href":"https:\/\/legiavanphongpham.com\/index.php\/wp-json\/wp\/v2\/media\/17040"}],"wp:attachment":[{"href":"https:\/\/legiavanphongpham.com\/index.php\/wp-json\/wp\/v2\/media?parent=17052"}],"wp:term":[{"taxonomy":"product_brand","embeddable":true,"href":"https:\/\/legiavanphongpham.com\/index.php\/wp-json\/wp\/v2\/product_brand?post=17052"},{"taxonomy":"product_cat","embeddable":true,"href":"https:\/\/legiavanphongpham.com\/index.php\/wp-json\/wp\/v2\/product_cat?post=17052"},{"taxonomy":"product_tag","embeddable":true,"href":"https:\/\/legiavanphongpham.com\/index.php\/wp-json\/wp\/v2\/product_tag?post=17052"}],"curies":[{"name":"wp","href":"https:\/\/api.w.org\/{rel}","templated":true}]}}